{"id":412,"date":"2016-07-20T11:41:53","date_gmt":"2016-07-20T04:41:53","guid":{"rendered":"http:\/\/apanano.com\/w\/?post_type=product&#038;p=412"},"modified":"2023-02-24T18:27:00","modified_gmt":"2023-02-24T11:27:00","slug":"apa-butavit-i","status":"publish","type":"product","link":"https:\/\/apanano.com\/vi\/product\/apa-butavit-i\/","title":{"rendered":"APA BUTAVIT I"},"content":{"rendered":"<p>Dung d\u1ecbch ti\u00eam.<\/p>\n<p><strong>TH\u00c0NH PH\u1ea6N<\/strong><br \/>\nButafosfan, <a href=\"https:\/\/thaivietjs.com\/san-pham\/vitamin-b12\/\" target=\"_blank\" rel=\"noopener noreferrer\">Vitamin B12<\/a>.<\/p>\n<p><strong>C\u00d4NG D\u1ee4NG<\/strong><br \/>\n&#8211; T\u0103ng c\u01b0\u01a1\u0300ng s\u01b0\u0301c \u0111\u00ea\u0300 kha\u0301ng va\u0300 n\u00e2ng cao kha\u0309 n\u0103ng phu\u0323c h\u00f4\u0300i cu\u0309a gia su\u0301c sau khi kho\u0309i b\u00ea\u0323nh ho\u0103\u0323c bi\u0323 nhi\u00ea\u0303m virus ke\u0301o da\u0300i.<br \/>\n&#8211; H\u00f4\u0303 tr\u01a1\u0323 \u0111i\u00ea\u0300u tri\u0323 cho gia su\u0301c trong tr\u01b0\u01a1\u0300ng h\u01a1\u0323p nhi\u00ea\u0303m tru\u0300ng ma\u0303n ti\u0301nh.<br \/>\n&#8211; \u0110i\u00ea\u0300u tri\u0323 cho gia su\u0301c co\u0300i co\u0323c, bi\u00ea\u0301ng \u0103n.<br \/>\n&#8211; Phu\u0323c h\u00f4\u0300i s\u01b0\u0301c kh\u1ecfe cho gia su\u0301c (heo, tr\u00e2u, bo\u0300, d\u00ea) sau khi sinh.<\/p>\n<p><strong>CH\u1ed0NG CH\u1ec8 \u0110\u1ecaNH<\/strong><br \/>\n&#8211; Kh\u00f4ng d\u00f9ng qu\u00e1 li\u1ec1u ch\u1ec9 \u0111\u1ecbnh.<br \/>\n&#8211; Kh\u00f4ng d\u00f9ng cho v\u1eadt nu\u00f4i m\u1eabn c\u1ea3m v\u1edbi c\u00e1c th\u00e0nh ph\u1ea7n c\u1ee7a thu\u1ed1c.<\/p>\n<p><strong>TH\u1edcI GIAN NG\u01afNG S\u1eec D\u1ee4NG THU\u1ed0C<\/strong><br \/>\nKh\u00f4ng c\u00f3.<\/p>\n<p><strong>C\u00c1CH D\u00d9NG &amp; LI\u1ec0U L\u01af\u1ee2NG<\/strong><br \/>\n&#8211; Ti\u00eam b\u0103\u0301p thi\u0323t, ti\u0303nh ma\u0323ch hay d\u01b0\u01a1\u0301i da.<br \/>\n+ Tr\u00e2u, bo\u0300: 1 &#8211; 2 ml\/50 kg th\u1ec3 tr\u1ecdng.<br \/>\n+ B\u00ea, ngh\u00e9: 2 &#8211; 4 ml\/50 kg th\u1ec3 tr\u1ecdng.<br \/>\n+ Ng\u1ef1a: 1 &#8211; 2 ml\/50 kg th\u1ec3 tr\u1ecdng.<br \/>\n+ Heo n\u00e1i: 2 &#8211; 5 ml\/50 kg th\u1ec3 tr\u1ecdng.<br \/>\n+ Heo con: 1- 2,5 ml\/con.<br \/>\n+ Gia c\u00e2\u0300m: 1 &#8211; 3 ml\/l\u00edt n\u01b0\u1edbc u\u1ed1ng.<br \/>\n&#8211; Du\u0300ng m\u00f4\u0303i nga\u0300y cho \u0111\u00ea\u0301n khi h\u00f4\u0300i phu\u0323c.<br \/>\n&#8211; Tr\u01b0\u01a1\u0300ng h\u01a1\u0323p ma\u0303n ti\u0301nh: Ti\u00eam \u00bd li\u00ea\u0300u ca\u0301ch nhau 1 &#8211; 10 nga\u0300y.<br \/>\n&#8211; Thu\u0301 bi\u0300nh th\u01b0\u01a1\u0300ng: \u00bd li\u00ea\u0300u.<\/p>\n<p><strong>B\u1ea2O QU\u1ea2N<\/strong><br \/>\n&#8211; N\u01a1i kh\u00f4 r\u00e1o, tho\u00e1ng m\u00e1t, tr\u00e1nh \u00e1nh s\u00e1ng tr\u1ef1c ti\u1ebfp.<br \/>\n&#8211; B\u1ea3o qu\u1ea3n \u1edf nhi\u1ec7t \u0111\u1ed9 ph\u00f2ng, d\u01b0\u1edbi 30oC.<\/p>\n<h3 style=\"text-align: center;\"><span style=\"color: #ff0000;\">CH\u1ec8 D\u00d9NG TRONG TH\u00da Y<\/span><\/h3>\r\n<blockquote>\r\n<p style=\"text-align: center;\"><em>\u201cS\u1ea3n ph\u1ea9m kh\u00f4ng ch\u1ee9a c\u00e1c ch\u1ea5t c\u1ea5m s\u1eed d\u1ee5ng trong s\u1ea3n xu\u1ea5t, kinh doanh th\u00fa y theo c\u00e1c quy \u0111\u1ecbnh hi\u1ec7n h\u00e0nh c\u1ee7a <strong>B\u1ed9 N\u00f4ng nghi\u1ec7p v\u00e0 Ph\u00e1t tri\u1ec3n n\u00f4ng th\u00f4n<\/strong>\u201d<\/em><\/p>\r\n<\/blockquote>\r\n<p><!-- Shortcode [sty2] does not match the conditions --><\/p>\r\n<p style=\"text-align: center;\">S\u1ea3n ph\u1ea9m <a href=\"\">Thu\u1ed1c Th\u00fa Y <\/a> gi\u00e1 b\u00e1n, th\u00e0nh ph\u1ea7n ch\u00ednh, c\u00f4ng d\u1ee5ng \u0111i\u1ec1u tr\u1ecb, h\u01b0\u1edbng d\u1eabn s\u1eed d\u1ee5ng!<\/p>\n","protected":false},"excerpt":{"rendered":"<h3><span style=\"color: #ff0000;\">H\u1ed2I S\u1ee8C CHO TH\u00da B\u1ec6NH<\/span><\/h3>\n<p><strong>C\u00d4NG D\u1ee4NG<\/strong><br \/>\n&#8211; T\u0103ng c\u01b0\u01a1\u0300ng s\u01b0\u0301c \u0111\u00ea\u0300 kha\u0301ng va\u0300 n\u00e2ng cao kha\u0309 n\u0103ng phu\u0323c h\u00f4\u0300i cu\u0309a gia su\u0301c sau khi kho\u0309i b\u00ea\u0323nh ho\u0103\u0323c bi\u0323 nhi\u00ea\u0303m virus ke\u0301o da\u0300i.<br \/>\n&#8211; H\u00f4\u0303 tr\u01a1\u0323 \u0111i\u00ea\u0300u tri\u0323 cho gia su\u0301c trong tr\u01b0\u01a1\u0300ng h\u01a1\u0323p nhi\u00ea\u0303m tru\u0300ng ma\u0303n ti\u0301nh.<br \/>\n&#8211; \u0110i\u00ea\u0300u tri\u0323 cho gia su\u0301c co\u0300i co\u0323c, bi\u00ea\u0301ng \u0103n.<br \/>\n&#8211; Phu\u0323c h\u00f4\u0300i s\u01b0\u0301c kh\u1ecfe cho gia su\u0301c (heo, tr\u00e2u, bo\u0300, d\u00ea) sau khi sinh.<\/p>\n[sc name=\"scontact\" ]\n","protected":false},"featured_media":413,"comment_status":"open","ping_status":"closed","template":"","meta":{"sfsi_plus_gutenberg_text_before_share":"","sfsi_plus_gutenberg_show_text_before_share":"","sfsi_plus_gutenberg_icon_type":"","sfsi_plus_gutenberg_icon_alignemt":"","sfsi_plus_gutenburg_max_per_row":""},"product_brand":[],"product_cat":[16,18],"product_tag":[688,689],"class_list":{"0":"post-412","1":"product","2":"type-product","3":"status-publish","4":"has-post-thumbnail","6":"product_cat-livestock","7":"product_cat-poultry","8":"product_tag-thuoc-thu-y","9":"product_tag-thuoc-tiem","11":"first","12":"instock","13":"featured","14":"shipping-taxable","15":"product-type-simple"},"_links":{"self":[{"href":"https:\/\/apanano.com\/vi\/wp-json\/wp\/v2\/product\/412","targetHints":{"allow":["GET"]}}],"collection":[{"href":"https:\/\/apanano.com\/vi\/wp-json\/wp\/v2\/product"}],"about":[{"href":"https:\/\/apanano.com\/vi\/wp-json\/wp\/v2\/types\/product"}],"replies":[{"embeddable":true,"href":"https:\/\/apanano.com\/vi\/wp-json\/wp\/v2\/comments?post=412"}],"wp:featuredmedia":[{"embeddable":true,"href":"https:\/\/apanano.com\/vi\/wp-json\/wp\/v2\/media\/413"}],"wp:attachment":[{"href":"https:\/\/apanano.com\/vi\/wp-json\/wp\/v2\/media?parent=412"}],"wp:term":[{"taxonomy":"product_brand","embeddable":true,"href":"https:\/\/apanano.com\/vi\/wp-json\/wp\/v2\/product_brand?post=412"},{"taxonomy":"product_cat","embeddable":true,"href":"https:\/\/apanano.com\/vi\/wp-json\/wp\/v2\/product_cat?post=412"},{"taxonomy":"product_tag","embeddable":true,"href":"https:\/\/apanano.com\/vi\/wp-json\/wp\/v2\/product_tag?post=412"}],"curies":[{"name":"wp","href":"https:\/\/api.w.org\/{rel}","templated":true}]}}