{"id":407,"date":"2016-07-20T11:06:37","date_gmt":"2016-07-20T04:06:37","guid":{"rendered":"http:\/\/apanano.com\/w\/?post_type=product&#038;p=407"},"modified":"2023-04-12T17:03:25","modified_gmt":"2023-04-12T10:03:25","slug":"apa-analgin-30-i","status":"publish","type":"product","link":"https:\/\/apanano.com\/vi\/product\/apa-analgin-30-i\/","title":{"rendered":"APA ANALGIN 30 I"},"content":{"rendered":"<p>Dung d\u1ecbch ti\u00eam.<\/p>\n<p><strong>TH\u00c0NH PH\u1ea6N<\/strong><br \/>\nAnalgin, Nipazin, Nipazol.<\/p>\n<p><strong>C\u00d4NG D\u1ee4NG<\/strong><br \/>\n&#8211; \u0110i\u1ec1u tr\u1ecb c\u00e1c tri\u1ec7u ch\u1ee9ng \u0111au nh\u1ee9c ho\u1eb7c gi\u00fap h\u1ea1 s\u1ed1t cho gia s\u00fac trong c\u00e1c tr\u01b0\u1eddng h\u1ee3p:<br \/>\n+ Gia s\u00fac b\u1ecb s\u1ed1t, c\u1ea3m l\u1ea1nh, c\u1ea3m c\u00fam, \u0111au c\u01a1 &#8211; x\u01b0\u01a1ng, ch\u1ea5n th\u01b0\u01a1ng, bong g\u00e2n, \u0111au kh\u1edbp.<br \/>\n+ Nhi\u1ec5m khu\u1ea9n \u0111\u01b0\u1eddng h\u00f4 h\u1ea5p, ti\u00eau h\u00f3a, sinh d\u1ee5c v\u00e0 c\u00e1c tr\u01b0\u1eddng h\u1ee3p s\u1ed1t do vi\u00eam nhi\u1ec5m kh\u00e1c. C\u00e1c tr\u01b0\u1eddng h\u1ee3p s\u1ed1t sau ph\u1eabu thu\u1eadt ho\u1eb7c sau qu\u00e1 tr\u00ecnh sinh \u0111\u1ebb.<br \/>\n+ \u0110\u1eb7c bi\u1ec7t, <strong>APA ANALGIN 30 I<\/strong> l\u00e0 thu\u1ed1c th\u00fa y \u0111\u01b0\u1ee3c ch\u1ec9 \u0111\u1ecbnh d\u00f9ng h\u1ea1 s\u1ed1t, tr\u1ee3 s\u1ee9c v\u00e0 gi\u1ea3m \u0111au nhanh trong h\u1ed7 tr\u1ee3 \u0111i\u1ec1u tr\u1ecb c\u00e1c b\u1ec7nh k\u1ebf ph\u00e1t <a href=\"https:\/\/apanano.com\/technical-support\/cach-phong-benh-tai-xanh-tren-heo-prrs\/\" target=\"_blank\" rel=\"noopener noreferrer\">d\u1ecbch heo tai xanh<\/a>.<\/p>\n<p><strong>CH\u1ed0NG CH\u1ec8 \u0110\u1ecaNH<\/strong><br \/>\n&#8211; Kh\u00f4ng s\u1eed d\u1ee5ng cho th\u00fa nh\u1ea1y c\u1ea3m v\u1edbi thu\u1ed1c.<br \/>\n&#8211; Kh\u00f4ng s\u1eed d\u1ee5ng cho th\u00fa mang thai, th\u00fa cho con b\u00fa.<\/p>\n<p><strong>C\u00c1CH D\u00d9NG &amp; LI\u1ec0U L\u01af\u1ee2NG<\/strong><br \/>\n&#8211; Ti\u00eam s\u00e2u b\u1eafp th\u1ecbt<br \/>\n+ Heo con: 1 ml\/10 kg th\u1ec3 tr\u1ecdng\/ng\u00e0y.<br \/>\n+ Heo l\u1edbn, b\u00ea, c\u1eebu, d\u00ea: 1 ml\/15 kg th\u1ec3 tr\u1ecdng\/ng\u00e0y.<br \/>\n+ Tr\u00e2u, b\u00f2, ng\u1ef1a: 1 ml\/20 &#8211; 25 kg th\u1ec3 tr\u1ecdng\/ng\u00e0y.<br \/>\n&#8211; \u0110i\u1ec1u tr\u1ecb 2 &#8211; 3 ng\u00e0y.<\/p>\n<p><strong>TH\u1edcI GIAN NG\u01afNG S\u1eec D\u1ee4NG THU\u1ed0C<\/strong><br \/>\n&#8211; Khai th\u00e1c th\u1ecbt: 5 ng\u00e0y.<br \/>\n&#8211; Khai th\u00e1c s\u1eefa: 4 l\u1ea7n v\u1eaft s\u1eefa.<\/p>\n<p><strong>B\u1ea2O QU\u1ea2N<\/strong><br \/>\nN\u01a1i kh\u00f4 r\u00e1o, tho\u00e1ng m\u00e1t, tr\u00e1nh \u00e1nh s\u00e1ng tr\u1ef1c ti\u1ebfp.<\/p>\n<h3 style=\"text-align: center;\"><span style=\"color: #ff0000;\">CH\u1ec8 D\u00d9NG TRONG TH\u00da Y<\/span><\/h3>\r\n<blockquote>\r\n<p style=\"text-align: center;\"><em>\u201cS\u1ea3n ph\u1ea9m kh\u00f4ng ch\u1ee9a c\u00e1c ch\u1ea5t c\u1ea5m s\u1eed d\u1ee5ng trong s\u1ea3n xu\u1ea5t, kinh doanh th\u00fa y theo c\u00e1c quy \u0111\u1ecbnh hi\u1ec7n h\u00e0nh c\u1ee7a <strong>B\u1ed9 N\u00f4ng nghi\u1ec7p v\u00e0 Ph\u00e1t tri\u1ec3n n\u00f4ng th\u00f4n<\/strong>\u201d<\/em><\/p>\r\n<\/blockquote>\r\n<p><!-- Shortcode [sty2] does not match the conditions --><\/p>\r\n<p style=\"text-align: center;\">S\u1ea3n ph\u1ea9m <a href=\"\">Thu\u1ed1c Th\u00fa Y <\/a> gi\u00e1 b\u00e1n, th\u00e0nh ph\u1ea7n ch\u00ednh, c\u00f4ng d\u1ee5ng \u0111i\u1ec1u tr\u1ecb, h\u01b0\u1edbng d\u1eabn s\u1eed d\u1ee5ng!<\/p>\n","protected":false},"excerpt":{"rendered":"<h3><span style=\"color: #ff0000;\">H\u1ea0 S\u1ed0T, GI\u1ea2M \u0110AU<\/span><\/h3>\n<p><strong>C\u00d4NG D\u1ee4NG<\/strong><br \/>\n&#8211; \u0110i\u1ec1u tr\u1ecb c\u00e1c tri\u1ec7u ch\u1ee9ng \u0111au nh\u1ee9c ho\u1eb7c gi\u00fap h\u1ea1 s\u1ed1t cho gia s\u00fac trong c\u00e1c tr\u01b0\u1eddng h\u1ee3p:<br \/>\n+ Gia s\u00fac b\u1ecb s\u1ed1t, c\u1ea3m l\u1ea1nh, c\u1ea3m c\u00fam, \u0111au c\u01a1 &#8211; x\u01b0\u01a1ng, ch\u1ea5n th\u01b0\u01a1ng, bong g\u00e2n, \u0111au kh\u1edbp.<br \/>\n+ Nhi\u1ec5m khu\u1ea9n \u0111\u01b0\u1eddng h\u00f4 h\u1ea5p, ti\u00eau h\u00f3a, sinh d\u1ee5c v\u00e0 c\u00e1c tr\u01b0\u1eddng h\u1ee3p s\u1ed1t do vi\u00eam nhi\u1ec5m kh\u00e1c. C\u00e1c tr\u01b0\u1eddng h\u1ee3p s\u1ed1t sau ph\u1eabu thu\u1eadt ho\u1eb7c sau qu\u00e1 tr\u00ecnh sinh \u0111\u1ebb.<br \/>\n+ \u0110\u1eb7c bi\u1ec7t, APA ANALGIN 30 I \u0111\u01b0\u1ee3c ch\u1ec9 \u0111\u1ecbnh d\u00f9ng h\u1ea1 s\u1ed1t, tr\u1ee3 s\u1ee9c v\u00e0 gi\u1ea3m \u0111au nhanh trong h\u1ed7 tr\u1ee3 \u0111i\u1ec1u tr\u1ecb c\u00e1c b\u1ec7nh k\u1ebf ph\u00e1t d\u1ecbch heo tai xanh.<\/p>\n[sc name=\"scontact\" ]\n","protected":false},"featured_media":408,"comment_status":"open","ping_status":"closed","template":"","meta":{"sfsi_plus_gutenberg_text_before_share":"","sfsi_plus_gutenberg_show_text_before_share":"","sfsi_plus_gutenberg_icon_type":"","sfsi_plus_gutenberg_icon_alignemt":"","sfsi_plus_gutenburg_max_per_row":""},"product_brand":[],"product_cat":[16],"product_tag":[530,284,688,689],"class_list":{"0":"post-407","1":"product","2":"type-product","3":"status-publish","4":"has-post-thumbnail","6":"product_cat-livestock","7":"product_tag-benh-prrs","8":"product_tag-benh-tai-xanh","9":"product_tag-thuoc-thu-y","10":"product_tag-thuoc-tiem","12":"first","13":"instock","14":"shipping-taxable","15":"product-type-simple"},"_links":{"self":[{"href":"https:\/\/apanano.com\/vi\/wp-json\/wp\/v2\/product\/407","targetHints":{"allow":["GET"]}}],"collection":[{"href":"https:\/\/apanano.com\/vi\/wp-json\/wp\/v2\/product"}],"about":[{"href":"https:\/\/apanano.com\/vi\/wp-json\/wp\/v2\/types\/product"}],"replies":[{"embeddable":true,"href":"https:\/\/apanano.com\/vi\/wp-json\/wp\/v2\/comments?post=407"}],"wp:featuredmedia":[{"embeddable":true,"href":"https:\/\/apanano.com\/vi\/wp-json\/wp\/v2\/media\/408"}],"wp:attachment":[{"href":"https:\/\/apanano.com\/vi\/wp-json\/wp\/v2\/media?parent=407"}],"wp:term":[{"taxonomy":"product_brand","embeddable":true,"href":"https:\/\/apanano.com\/vi\/wp-json\/wp\/v2\/product_brand?post=407"},{"taxonomy":"product_cat","embeddable":true,"href":"https:\/\/apanano.com\/vi\/wp-json\/wp\/v2\/product_cat?post=407"},{"taxonomy":"product_tag","embeddable":true,"href":"https:\/\/apanano.com\/vi\/wp-json\/wp\/v2\/product_tag?post=407"}],"curies":[{"name":"wp","href":"https:\/\/api.w.org\/{rel}","templated":true}]}}