{"id":2640,"date":"2019-09-10T17:48:59","date_gmt":"2019-09-10T10:48:59","guid":{"rendered":"http:\/\/apanano.com\/?post_type=product&#038;p=2640"},"modified":"2023-03-29T16:06:11","modified_gmt":"2023-03-29T09:06:11","slug":"apa-deo-yucca-fish","status":"publish","type":"product","link":"https:\/\/apanano.com\/vi\/product\/apa-deo-yucca-fish\/","title":{"rendered":"APA DEO YUCCA"},"content":{"rendered":"<p><strong>Th\u00e0nh ph\u1ea7n:<\/strong><br \/>\nSaponin (t\u1eeb Yucca schidigera), Dung m\u00f4i v\u1eeba \u0111\u1ee7.<\/p>\n<p><strong>C\u00f4ng d\u1ee5ng:<\/strong><br \/>\n&#8211; Cung c\u1ea5p saponin cho ao nu\u00f4i, gi\u00fap l\u00e0m gi\u1ea3m nhanh kh\u00ed \u0111\u1ed9c amonia (NH3), hydro sunfua H2S, m\u00ea tan (CH4) trong n\u01b0\u1edbc ao nu\u00f4i.<br \/>\n&#8211; C\u1ea5p c\u1ee9u c\u00e1 b\u1ecb n\u1ed5i \u0111\u1ea7u do kh\u00ed \u0111\u1ed9c cao.<br \/>\n&#8211; Gi\u00fap c\u00e1 trao \u0111\u1ed5i oxy, b\u00e0i ti\u1ebft ch\u1ea5t \u0111\u1ed9c d\u1ec5 h\u01a1n.<br \/>\n&#8211; C\u1ea3i thi\u1ec7n ch\u1ea5t l\u01b0\u1ee3ng n\u01b0\u1edbc; gi\u1ea3m m\u00f9i h\u00f4i trong n\u01b0\u1edbc, b\u00f9n \u0111\u00e1y ao, m\u00f9i khai trong chu\u1ed3ng tr\u1ea1i.<br \/>\n&#8211; G\u00f3p ph\u1ea7n \u1ed5n \u0111\u1ecbnh pH, gi\u1ea3m \u0111\u1ed9 \u0111\u1ee5c trong n\u01b0\u1edbc ao.<br \/>\n&#8211; H\u1ed7 tr\u1ee3 <a href=\"https:\/\/apanano.com\/technical-support\/dieu-tri-benh-tren-ech-nuoi\/\">x\u1ee9 l\u00fd kh\u00ed \u0111\u1ed9c, gi\u1ea3m m\u00f9i h\u00f4i ao nu\u00f4i \u1ebfch<\/a>.<\/p>\n<p><strong>C\u00e1ch s\u1eed d\u1ee5ng:<\/strong><br \/>\n&#8211; <strong><em>D\u00f9ng trong qu\u00e1 tr\u00ecnh nu\u00f4i<\/em><\/strong>: 1 l\u00edt\/ 4.000 \u2013 5.000 m<sup>3<\/sup> n\u01b0\u1edbc, t\u1ea1t \u0111\u1ec1u xu\u1ed1ng ao th\u1eddi \u0111i\u1ec3m n\u1eafng n\u00f3ng, \u0111\u1ed3ng th\u1eddi m\u1edf m\u1ea1nh m\u00e1y qu\u1ea1t n\u01b0\u1edbc; \u0110\u1ecbnh k\u1ef3 5 \u2013 7 ng\u00e0y\/ l\u1ea7n.<br \/>\n&#8211; <strong><em>Trong tr\u01b0\u1eddng h\u1ee3p <a href=\"https:\/\/apanano.com\/technical-support\/xu-ly-o-nhiem-nuoc-ao-nuoi-sau-khi-mua\/\">x\u1eed l\u00fd ao nu\u00f4i \u00f4 nhi\u1ec5m cao<\/a><\/em><\/strong>: 1 l\u00edt\/ 3.000 \u2013 3.500 m<sup>3<\/sup> n\u01b0\u1edbc.<br \/>\n&#8211; Kh\u00f4ng s\u1eed d\u1ee5ng \u0111\u1ed3ng th\u1eddi Yucca v\u1edbi c\u00e1c lo\u1ea1i h\u00f3a ch\u1ea5t kh\u1eed tr\u00f9ng.<\/p>\n<p><strong>Ch\u00fa \u00fd:<\/strong><br \/>\n&#8211; L\u1eafc \u0111\u1ec1u tr\u01b0\u1edbc khi s\u1eed d\u1ee5ng.<br \/>\n&#8211; \u0110\u1ecdc k\u1ef9 h\u01b0\u1edbng d\u1eabn s\u1eed d\u1ee5ng tr\u01b0\u1edbc khi d\u00f9ng.<\/p>\n<h3 style=\"text-align: center;\"><span style=\"color: #0000ff;\">CH\u1ec8 D\u00d9NG TRONG NU\u00d4I TR\u1ed2NG TH\u1ee6Y S\u1ea2N<\/span><\/h3>\r\n<blockquote>\r\n<p style=\"text-align: center;\"><em>\u201cS\u1ea3n ph\u1ea9m kh\u00f4ng ch\u1ee9a c\u00e1c ch\u1ea5t c\u1ea5m s\u1eed d\u1ee5ng trong s\u1ea3n xu\u1ea5t, kinh doanh th\u1ee7y s\u1ea3n theo c\u00e1c quy \u0111\u1ecbnh hi\u1ec7n h\u00e0nh c\u1ee7a <strong>B\u1ed9 N\u00f4ng nghi\u1ec7p v\u00e0 Ph\u00e1t tri\u1ec3n n\u00f4ng th\u00f4n<\/strong>\u201d<\/em><\/p>\r\n<\/blockquote>\r\n<!-- Shortcode [sts2] does not match the conditions -->\r\n\r\n<!-- Shortcode [act] does not exist -->\n","protected":false},"excerpt":{"rendered":"<h3><span style=\"color: #0000ff;\">GI\u1ea2M H\u00c0M L\u01af\u1ee2NG AMMONIA TRONG AO NU\u00d4I<\/span><\/h3>\n<p><strong>C\u00f4ng d\u1ee5ng:<\/strong><br \/>\nCung c\u1ea5p saponin cho ao nu\u00f4i, gi\u00fap l\u00e0m gi\u1ea3m hi\u1ec7u qu\u1ea3 h\u00e0m l\u01b0\u1ee3ng ammonia trong m\u00f4i tr\u01b0\u1eddng nu\u00f4i.<\/p>\n[sc name=\"scontactf\"]\n","protected":false},"featured_media":2641,"comment_status":"open","ping_status":"closed","template":"","meta":{"sfsi_plus_gutenberg_text_before_share":"","sfsi_plus_gutenberg_show_text_before_share":"","sfsi_plus_gutenberg_icon_type":"","sfsi_plus_gutenberg_icon_alignemt":"","sfsi_plus_gutenburg_max_per_row":""},"product_brand":[],"product_cat":[412,406,418,19],"product_tag":[473,474],"class_list":{"0":"post-2640","1":"product","2":"type-product","3":"status-publish","4":"has-post-thumbnail","6":"product_cat-xu-ly-cai-tao-moi-truong-ca","7":"product_cat-fish","8":"product_cat-hap-thu-khi-doc-ca","9":"product_cat-aquaculture","10":"product_tag-cung-cap-saponin-cho-ao-nuoi","11":"product_tag-giam-ham-luong-ammonia","13":"first","14":"instock","15":"shipping-taxable","16":"product-type-simple"},"_links":{"self":[{"href":"https:\/\/apanano.com\/vi\/wp-json\/wp\/v2\/product\/2640","targetHints":{"allow":["GET"]}}],"collection":[{"href":"https:\/\/apanano.com\/vi\/wp-json\/wp\/v2\/product"}],"about":[{"href":"https:\/\/apanano.com\/vi\/wp-json\/wp\/v2\/types\/product"}],"replies":[{"embeddable":true,"href":"https:\/\/apanano.com\/vi\/wp-json\/wp\/v2\/comments?post=2640"}],"wp:featuredmedia":[{"embeddable":true,"href":"https:\/\/apanano.com\/vi\/wp-json\/wp\/v2\/media\/2641"}],"wp:attachment":[{"href":"https:\/\/apanano.com\/vi\/wp-json\/wp\/v2\/media?parent=2640"}],"wp:term":[{"taxonomy":"product_brand","embeddable":true,"href":"https:\/\/apanano.com\/vi\/wp-json\/wp\/v2\/product_brand?post=2640"},{"taxonomy":"product_cat","embeddable":true,"href":"https:\/\/apanano.com\/vi\/wp-json\/wp\/v2\/product_cat?post=2640"},{"taxonomy":"product_tag","embeddable":true,"href":"https:\/\/apanano.com\/vi\/wp-json\/wp\/v2\/product_tag?post=2640"}],"curies":[{"name":"wp","href":"https:\/\/api.w.org\/{rel}","templated":true}]}}