{"id":2636,"date":"2019-09-10T17:39:01","date_gmt":"2019-09-10T10:39:01","guid":{"rendered":"http:\/\/apanano.com\/?post_type=product&#038;p=2636"},"modified":"2023-03-29T16:07:17","modified_gmt":"2023-03-29T09:07:17","slug":"apa-plankton-fish","status":"publish","type":"product","link":"https:\/\/apanano.com\/vi\/product\/apa-plankton-fish\/","title":{"rendered":"APA PLANKTON"},"content":{"rendered":"<p><strong>Th\u00e0nh ph\u1ea7n:<\/strong><br \/>\nBacillus subtilis, Protein (t\u1eeb d\u1ecbch c\u00e1), K (t\u1eeb KCl), Amylase, Cellulase, Protease, Dung m\u00f4i v\u1eeba \u0111\u1ee7.<\/p>\n<p><strong>C\u00f4ng d\u1ee5ng:<\/strong><br \/>\n&#8211; B\u1ed5 sung kho\u00e1ng ch\u1ea5t, enzyme v\u00e0 Protein c\u1ea7n thi\u1ebft cho ao nu\u00f4i t\u00f4m, c\u00e1 gi\u00fap t\u00f4m, c\u00e1 ph\u00e1t tri\u1ec3n t\u1ed1t.<br \/>\n&#8211; \u1ed4n \u0111\u1ecbnh m\u00e0u n\u01b0\u1edbc, <a href=\"https:\/\/apanano.com\/vi\/product-category\/aquaculture\/fish\/xu-ly-cai-tao-moi-truong-ca\/\" target=\"_blank\" rel=\"noopener noreferrer\">c\u1ea3i thi\u1ec7n ch\u1ea5t l\u01b0\u1ee3ng n\u01b0\u1edbc ao nu\u00f4i<\/a>.<br \/>\n&#8211; Cung c\u1ea5p vi khu\u1ea9n c\u00f3 l\u1ee3i gi\u00fap ph\u00e2n h\u1ee7y m\u00f9n b\u00e3 h\u1eefu c\u01a1, ch\u1ea5t th\u1ea3i, th\u1ee9c \u0103n th\u1eeba, t\u1ea1o m\u00f4i tr\u01b0\u1eddng s\u1ed1ng thu\u1eadn l\u1ee3i cho t\u00f4m, c\u00e1 ph\u00e1t tri\u1ec3n.<\/p>\n<p><strong>C\u00e1ch s\u1eed d\u1ee5ng:<\/strong><br \/>\n&#8211; S\u1eed d\u1ee5ng 1 l\u00edt\/ 1.000 m<sup>3<\/sup> n\u01b0\u1edbc.<\/p>\n<p><strong>Ch\u00fa \u00fd:<\/strong><br \/>\n&#8211; L\u1eafc \u0111\u1ec1u tr\u01b0\u1edbc khi s\u1eed d\u1ee5ng.<br \/>\n&#8211; \u0110\u1ecdc k\u1ef9 h\u01b0\u1edbng d\u1eabn s\u1eed d\u1ee5ng tr\u01b0\u1edbc khi d\u00f9ng.<\/p>\n<h3 style=\"text-align: center;\"><span style=\"color: #0000ff;\">CH\u1ec8 D\u00d9NG TRONG NU\u00d4I TR\u1ed2NG TH\u1ee6Y S\u1ea2N<\/span><\/h3>\r\n<blockquote>\r\n<p style=\"text-align: center;\"><em>\u201cS\u1ea3n ph\u1ea9m kh\u00f4ng ch\u1ee9a c\u00e1c ch\u1ea5t c\u1ea5m s\u1eed d\u1ee5ng trong s\u1ea3n xu\u1ea5t, kinh doanh th\u1ee7y s\u1ea3n theo c\u00e1c quy \u0111\u1ecbnh hi\u1ec7n h\u00e0nh c\u1ee7a <strong>B\u1ed9 N\u00f4ng nghi\u1ec7p v\u00e0 Ph\u00e1t tri\u1ec3n n\u00f4ng th\u00f4n<\/strong>\u201d<\/em><\/p>\r\n<\/blockquote>\r\n<!-- Shortcode [sts2] does not match the conditions -->\r\n\r\n<!-- Shortcode [act] does not exist -->\n","protected":false},"excerpt":{"rendered":"<h3><span style=\"color: #0000ff;\">B\u1ed4 SUNG KHO\u00c1NG CH\u1ea4T, ENZYME V\u00c0 PROTEIN C\u1ea6N THI\u1ebeT<br \/>\n\u1ed4N \u0110\u1ecaNH, C\u1ea2I THI\u1ec6N CH\u1ea4T L\u01af\u1ee2NG N\u01af\u1edaC<\/span><\/h3>\n<p><strong>C\u00f4ng d\u1ee5ng:<\/strong><br \/>\n&#8211; B\u1ed5 sung kho\u00e1ng ch\u1ea5t, enzyme v\u00e0 Protein c\u1ea7n thi\u1ebft cho ao nu\u00f4i t\u00f4m, c\u00e1 gi\u00fap t\u00f4m, c\u00e1 ph\u00e1t tri\u1ec3n t\u1ed1t.<br \/>\n&#8211; \u1ed4n \u0111\u1ecbnh m\u00e0u n\u01b0\u1edbc, c\u1ea3i thi\u1ec7n ch\u1ea5t l\u01b0\u1ee3ng n\u01b0\u1edbc ao nu\u00f4i.<br \/>\n&#8211; Cung c\u1ea5p vi khu\u1ea9n c\u00f3 l\u1ee3i gi\u00fap ph\u00e2n h\u1ee7y m\u00f9n b\u00e3 h\u1eefu c\u01a1, ch\u1ea5t th\u1ea3i, th\u1ee9c \u0103n th\u1eeba, t\u1ea1o m\u00f4i tr\u01b0\u1eddng s\u1ed1ng thu\u1eadn l\u1ee3i cho t\u00f4m, c\u00e1 ph\u00e1t tri\u1ec3n.<\/p>\n[sc name=\"scontactf\"]\n","protected":false},"featured_media":2637,"comment_status":"open","ping_status":"closed","template":"","meta":{"sfsi_plus_gutenberg_text_before_share":"","sfsi_plus_gutenberg_show_text_before_share":"","sfsi_plus_gutenberg_icon_type":"","sfsi_plus_gutenberg_icon_alignemt":"","sfsi_plus_gutenburg_max_per_row":""},"product_brand":[],"product_cat":[412,424,406,19],"product_tag":[479,478,480,481],"class_list":{"0":"post-2636","1":"product","2":"type-product","3":"status-publish","4":"has-post-thumbnail","6":"product_cat-xu-ly-cai-tao-moi-truong-ca","7":"product_cat-bo-sung-khoang-gay-mau-nuoc-ca","8":"product_cat-fish","9":"product_cat-aquaculture","10":"product_tag-bo-sung-enzyme-protein","11":"product_tag-bo-sung-khoang-chat","12":"product_tag-on-dinh-mau-nuoc","13":"product_tag-phan-huy-mun-ba-huu-co","15":"first","16":"instock","17":"shipping-taxable","18":"product-type-simple"},"_links":{"self":[{"href":"https:\/\/apanano.com\/vi\/wp-json\/wp\/v2\/product\/2636","targetHints":{"allow":["GET"]}}],"collection":[{"href":"https:\/\/apanano.com\/vi\/wp-json\/wp\/v2\/product"}],"about":[{"href":"https:\/\/apanano.com\/vi\/wp-json\/wp\/v2\/types\/product"}],"replies":[{"embeddable":true,"href":"https:\/\/apanano.com\/vi\/wp-json\/wp\/v2\/comments?post=2636"}],"wp:featuredmedia":[{"embeddable":true,"href":"https:\/\/apanano.com\/vi\/wp-json\/wp\/v2\/media\/2637"}],"wp:attachment":[{"href":"https:\/\/apanano.com\/vi\/wp-json\/wp\/v2\/media?parent=2636"}],"wp:term":[{"taxonomy":"product_brand","embeddable":true,"href":"https:\/\/apanano.com\/vi\/wp-json\/wp\/v2\/product_brand?post=2636"},{"taxonomy":"product_cat","embeddable":true,"href":"https:\/\/apanano.com\/vi\/wp-json\/wp\/v2\/product_cat?post=2636"},{"taxonomy":"product_tag","embeddable":true,"href":"https:\/\/apanano.com\/vi\/wp-json\/wp\/v2\/product_tag?post=2636"}],"curies":[{"name":"wp","href":"https:\/\/api.w.org\/{rel}","templated":true}]}}