{"id":2632,"date":"2019-09-10T17:32:50","date_gmt":"2019-09-10T10:32:50","guid":{"rendered":"http:\/\/apanano.com\/?post_type=product&#038;p=2632"},"modified":"2023-03-29T16:08:27","modified_gmt":"2023-03-29T09:08:27","slug":"apa-spora-fish","status":"publish","type":"product","link":"https:\/\/apanano.com\/vi\/product\/apa-spora-fish\/","title":{"rendered":"APA SPORA"},"content":{"rendered":"<p><strong>Th\u00e0nh ph\u1ea7n:<\/strong><br \/>\nHo\u1ea1t ch\u1ea5t chi\u1ebft xu\u1ea5t t\u1eeb c\u00e2y xoan (Azadirachtin), Dung m\u00f4i v\u1eeba \u0111\u1ee7.<\/p>\n<p><strong>C\u00f4ng d\u1ee5ng:<\/strong><br \/>\n&#8211; Ph\u00f2ng tr\u1ecb b\u1ec7nh tr\u00f9ng b\u00e1nh xe, tr\u00f9ng m\u1ecf neo, r\u1eadn c\u00e1, s\u00e1n l\u00e1 \u0111\u01a1n ch\u1ee7 tr\u00ean <a href=\"https:\/\/apanano.com\/vi\/technical-support\/ky-thuat-uong-nuoi-ca-tra-giong-su-dung-san-pham-apa\/\" target=\"_blank\" rel=\"noopener noreferrer\">c\u00e1 tra<\/a>, basa.<br \/>\n&#8211; H\u1ed7 tr\u1ee3 \u0111i\u1ec1u tr\u1ecb: <a href=\"https:\/\/apanano.com\/technical-support\/benh-den-than-tren-ca-ro-dong-nguyen-nhan-bieu-hien-va-cach-phong-tri\/\" target=\"_blank\" rel=\"noopener noreferrer\">X\u1eed l\u00fd k\u00fd sinh tr\u00f9ng tr\u00ean C\u00e1 R\u00f4 \u0110\u1ed3ng<\/a>, <a href=\"https:\/\/apanano.com\/vi\/technical-support\/benh-lo-loet-tren-ca-loc\/\" target=\"_blank\" rel=\"noopener noreferrer\">Di\u1ec7t n\u1ea5m b\u00ean trong C\u00e1 L\u00f3c<\/a><\/p>\n<p><strong>C\u00e1ch s\u1eed d\u1ee5ng:<\/strong><br \/>\n&#8211; C\u00e1 gi\u1ed1ng: S\u1eed d\u1ee5ng 1 l\u00edt\/ 5 \u2013 10 t\u1ea5n c\u00e1.<br \/>\n&#8211; C\u00e1 th\u1ecbt: S\u1eed d\u1ee5ng 1 l\u00edt\/ 10 \u2013 20 t\u1ea5n c\u00e1.<\/p>\n<p><strong>Ch\u00fa \u00fd:<\/strong><br \/>\n&#8211; Kh\u00f4ng d\u00f9ng k\u00e8m v\u1edbi c\u00e1c lo\u1ea1i thu\u1ed1c hay kh\u00e1ng sinh kh\u00e1c.<br \/>\n&#8211; Ng\u01b0ng s\u1eed d\u1ee5ng thu\u1ed1c tr\u01b0\u1edbc khi thu ho\u1ea1ch 20 \u2013 30 ng\u00e0y.<br \/>\n&#8211; L\u1eafc \u0111\u1ec1u tr\u01b0\u1edbc khi d\u00f9ng.<br \/>\n&#8211; \u0110\u1ecdc k\u1ef9 h\u01b0\u1edbng d\u1eabn s\u1eed d\u1ee5ng tr\u01b0\u1edbc khi d\u00f9ng.<\/p>\n<h3 style=\"text-align: center;\"><span style=\"color: #0000ff;\">CH\u1ec8 D\u00d9NG TRONG NU\u00d4I TR\u1ed2NG TH\u1ee6Y S\u1ea2N<\/span><\/h3>\r\n<blockquote>\r\n<p style=\"text-align: center;\"><em>\u201cS\u1ea3n ph\u1ea9m kh\u00f4ng ch\u1ee9a c\u00e1c ch\u1ea5t c\u1ea5m s\u1eed d\u1ee5ng trong s\u1ea3n xu\u1ea5t, kinh doanh th\u1ee7y s\u1ea3n theo c\u00e1c quy \u0111\u1ecbnh hi\u1ec7n h\u00e0nh c\u1ee7a <strong>B\u1ed9 N\u00f4ng nghi\u1ec7p v\u00e0 Ph\u00e1t tri\u1ec3n n\u00f4ng th\u00f4n<\/strong>\u201d<\/em><\/p>\r\n<\/blockquote>\r\n<!-- Shortcode [sts2] does not match the conditions -->\r\n\r\n<!-- Shortcode [act] does not exist -->\n","protected":false},"excerpt":{"rendered":"<h3><span style=\"color: #0000ff;\">PH\u00d2NG TR\u1eca K\u00dd SINH TR\u00d9NG TR\u00caN C\u00c1<\/span><\/h3>\n<p><strong>C\u00f4ng d\u1ee5ng:<\/strong><br \/>\nPh\u00f2ng tr\u1ecb b\u1ec7nh tr\u00f9ng b\u00e1nh xe, tr\u00f9ng m\u1ecf neo, r\u1eadn c\u00e1, s\u00e1n l\u00e1 \u0111\u01a1n ch\u1ee7 tr\u00ean c\u00e1 tra, basa.<\/p>\n[sc name=\"scontactf\"]\n","protected":false},"featured_media":2633,"comment_status":"open","ping_status":"closed","template":"","meta":{"sfsi_plus_gutenberg_text_before_share":"","sfsi_plus_gutenberg_show_text_before_share":"","sfsi_plus_gutenberg_icon_type":"","sfsi_plus_gutenberg_icon_alignemt":"","sfsi_plus_gutenburg_max_per_row":""},"product_brand":[],"product_cat":[411,406,416,19],"product_tag":[485,484],"class_list":{"0":"post-2632","1":"product","2":"type-product","3":"status-publish","4":"has-post-thumbnail","6":"product_cat-thuoc-thu-y-thuy-san-ca","7":"product_cat-fish","8":"product_cat-xo-noi-ky-sinh-ca","9":"product_cat-aquaculture","10":"product_tag-dieu-tri-ky-sinh-trung-tren-ca","11":"product_tag-phong-tri-ky-sinh-trung","13":"first","14":"instock","15":"shipping-taxable","16":"product-type-simple"},"_links":{"self":[{"href":"https:\/\/apanano.com\/vi\/wp-json\/wp\/v2\/product\/2632","targetHints":{"allow":["GET"]}}],"collection":[{"href":"https:\/\/apanano.com\/vi\/wp-json\/wp\/v2\/product"}],"about":[{"href":"https:\/\/apanano.com\/vi\/wp-json\/wp\/v2\/types\/product"}],"replies":[{"embeddable":true,"href":"https:\/\/apanano.com\/vi\/wp-json\/wp\/v2\/comments?post=2632"}],"wp:featuredmedia":[{"embeddable":true,"href":"https:\/\/apanano.com\/vi\/wp-json\/wp\/v2\/media\/2633"}],"wp:attachment":[{"href":"https:\/\/apanano.com\/vi\/wp-json\/wp\/v2\/media?parent=2632"}],"wp:term":[{"taxonomy":"product_brand","embeddable":true,"href":"https:\/\/apanano.com\/vi\/wp-json\/wp\/v2\/product_brand?post=2632"},{"taxonomy":"product_cat","embeddable":true,"href":"https:\/\/apanano.com\/vi\/wp-json\/wp\/v2\/product_cat?post=2632"},{"taxonomy":"product_tag","embeddable":true,"href":"https:\/\/apanano.com\/vi\/wp-json\/wp\/v2\/product_tag?post=2632"}],"curies":[{"name":"wp","href":"https:\/\/api.w.org\/{rel}","templated":true}]}}