{"id":2630,"date":"2019-09-10T17:27:17","date_gmt":"2019-09-10T10:27:17","guid":{"rendered":"http:\/\/apanano.com\/?post_type=product&#038;p=2630"},"modified":"2023-03-29T16:13:02","modified_gmt":"2023-03-29T09:13:02","slug":"apa-betaglucan-shrimp","status":"publish","type":"product","link":"https:\/\/apanano.com\/vi\/product\/apa-betaglucan-shrimp\/","title":{"rendered":"APA BETAGLUCAN"},"content":{"rendered":"<p><strong>Th\u00e0nh ph\u1ea7n:<\/strong><br \/>\nBeta glucan, Ch\u1ea5t \u0111\u1ec7m v\u1eeba \u0111\u1ee7.<\/p>\n<p><strong>C\u00f4ng d\u1ee5ng:<\/strong><br \/>\n<a href=\"https:\/\/apanano.com\/technical-support\/dieu-tri-hoi-chung-phan-trang-tren-tom-the\/\" target=\"_blank\" rel=\"noopener noreferrer\">Cung c\u1ea5p Beta-glucan cho t\u00f4m<\/a> c\u00e1: gi\u00fap k\u00edch th\u00edch h\u1ec7 mi\u1ec5n d\u1ecbch t\u1ef1 nhi\u00ean, gi\u00fap t\u0103ng c\u01b0\u1eddng ho\u1ea1t \u0111\u1ed9ng c\u1ee7a c\u00e1 \u0111\u1ea1i th\u1ef1c b\u00e0o v\u00e0 k\u00edch th\u00edch t\u0103ng ti\u1ebft nhi\u1ec1u cytokines (ch\u1ea5t ho\u1ea1t h\u00f3a t\u1ebf b\u00e0o) nh\u1eb1m ti\u00eau di\u1ec7t c\u00e1c m\u1ea7m b\u1ec7nh x\u00e2m nh\u1eadp t\u1eeb b\u00ean ngo\u00e0i, ph\u00f2ng c\u00e1c b\u1ec7nh \u0111\u01b0\u1eddng ru\u1ed9t, <a href=\"https:\/\/apanano.com\/technical-support\/dieu-tri-benh-do-ky-sinh-trung-tren-tom-the\/\">nhi\u1ec5m tr\u00f9ng do vi khu\u1ea9n<\/a> g\u00e2y ra tr\u00ean t\u00f4m c\u00e1.<\/p>\n<p><strong>C\u00e1ch s\u1eed d\u1ee5ng:<\/strong><br \/>\n&#8211; Tr\u1ed9n 1 kg <strong>BETAGLUCAN<\/strong>\/ 1 \u2013 2 t\u1ea5n th\u1ee9c \u0103n. Cho \u0103n 1 \u2013 2 l\u1ea7n\/ ng\u00e0y li\u00ean t\u1ee5c trong su\u1ed1t v\u1ee5 nu\u00f4i.<br \/>\n&#8211; H\u00f2a s\u1ea3n ph\u1ea9m v\u1edbi n\u01b0\u1edbc r\u1ed3i tr\u1ed9n \u0111\u1ec1u v\u1edbi th\u1ee9c \u0103n, \u0111\u1ec3 r\u00e1o tr\u01b0\u1edbc khi cho \u0103n.<\/p>\n<p><strong>Ch\u00fa \u00fd:<\/strong><br \/>\n&#8211; L\u1eafc \u0111\u1ec1u tr\u01b0\u1edbc khi s\u1eed d\u1ee5ng.<br \/>\n&#8211; \u0110\u1ecdc k\u1ef9 h\u01b0\u1edbng d\u1eabn s\u1eed d\u1ee5ng tr\u01b0\u1edbc khi d\u00f9ng.<\/p>\n<h3 style=\"text-align: center;\"><span style=\"color: #0000ff;\">CH\u1ec8 D\u00d9NG TRONG NU\u00d4I TR\u1ed2NG TH\u1ee6Y S\u1ea2N<\/span><\/h3>\r\n<blockquote>\r\n<p style=\"text-align: center;\"><em>\u201cS\u1ea3n ph\u1ea9m kh\u00f4ng ch\u1ee9a c\u00e1c ch\u1ea5t c\u1ea5m s\u1eed d\u1ee5ng trong s\u1ea3n xu\u1ea5t, kinh doanh th\u1ee7y s\u1ea3n theo c\u00e1c quy \u0111\u1ecbnh hi\u1ec7n h\u00e0nh c\u1ee7a <strong>B\u1ed9 N\u00f4ng nghi\u1ec7p v\u00e0 Ph\u00e1t tri\u1ec3n n\u00f4ng th\u00f4n<\/strong>\u201d<\/em><\/p>\r\n<\/blockquote>\r\n<!-- Shortcode [sts2] does not match the conditions -->\r\n\r\n<!-- Shortcode [act] does not exist -->\n","protected":false},"excerpt":{"rendered":"<h3><span style=\"color: #0000ff;\">GI\u00daP T\u00d4M KH\u1eceE M\u1ea0NH, MAU L\u1edaN<\/span><\/h3>\n<p><strong>C\u00f4ng d\u1ee5ng:<\/strong><br \/>\nCung c\u1ea5p Beta-glucan cho t\u00f4m c\u00e1: gi\u00fap k\u00edch th\u00edch h\u1ec7 mi\u1ec5n d\u1ecbch t\u1ef1 nhi\u00ean, gi\u00fap t\u0103ng c\u01b0\u1eddng ho\u1ea1t \u0111\u1ed9ng c\u1ee7a c\u00e1 \u0111\u1ea1i th\u1ef1c b\u00e0o v\u00e0 k\u00edch th\u00edch t\u0103ng ti\u1ebft nhi\u1ec1u cytokines (ch\u1ea5t ho\u1ea1t h\u00f3a t\u1ebf b\u00e0o) nh\u1eb1m ti\u00eau di\u1ec7t c\u00e1c m\u1ea7m b\u1ec7nh x\u00e2m nh\u1eadp t\u1eeb b\u00ean ngo\u00e0i, ph\u00f2ng c\u00e1c b\u1ec7nh \u0111\u01b0\u1eddng ru\u1ed9t, nhi\u1ec5m tr\u00f9ng do vi khu\u1ea9n g\u00e2y ra tr\u00ean t\u00f4m c\u00e1.<\/p>\n[sc name=\"scontacts\"]\n","protected":false},"featured_media":2631,"comment_status":"open","ping_status":"closed","template":"","meta":{"sfsi_plus_gutenberg_text_before_share":"","sfsi_plus_gutenberg_show_text_before_share":"","sfsi_plus_gutenberg_icon_type":"","sfsi_plus_gutenberg_icon_alignemt":"","sfsi_plus_gutenburg_max_per_row":""},"product_brand":[],"product_cat":[408,405,440,19],"product_tag":[472,469,471,470],"class_list":{"0":"post-2630","1":"product","2":"type-product","3":"status-publish","4":"has-post-thumbnail","6":"product_cat-dinh-duong-bo-sung-thuc-an-tom","7":"product_cat-shrimp","8":"product_cat-tang-suc-de-khang-tom","9":"product_cat-aquaculture","10":"product_tag-cung-cap-betaglucan-cho-tom-ca","11":"product_tag-kich-thich-he-mien-dich-tu-nhien","12":"product_tag-nhiem-trung-do-vi-khuan","13":"product_tag-phong-benh-duong-ruot","15":"first","16":"instock","17":"shipping-taxable","18":"product-type-simple"},"_links":{"self":[{"href":"https:\/\/apanano.com\/vi\/wp-json\/wp\/v2\/product\/2630","targetHints":{"allow":["GET"]}}],"collection":[{"href":"https:\/\/apanano.com\/vi\/wp-json\/wp\/v2\/product"}],"about":[{"href":"https:\/\/apanano.com\/vi\/wp-json\/wp\/v2\/types\/product"}],"replies":[{"embeddable":true,"href":"https:\/\/apanano.com\/vi\/wp-json\/wp\/v2\/comments?post=2630"}],"wp:featuredmedia":[{"embeddable":true,"href":"https:\/\/apanano.com\/vi\/wp-json\/wp\/v2\/media\/2631"}],"wp:attachment":[{"href":"https:\/\/apanano.com\/vi\/wp-json\/wp\/v2\/media?parent=2630"}],"wp:term":[{"taxonomy":"product_brand","embeddable":true,"href":"https:\/\/apanano.com\/vi\/wp-json\/wp\/v2\/product_brand?post=2630"},{"taxonomy":"product_cat","embeddable":true,"href":"https:\/\/apanano.com\/vi\/wp-json\/wp\/v2\/product_cat?post=2630"},{"taxonomy":"product_tag","embeddable":true,"href":"https:\/\/apanano.com\/vi\/wp-json\/wp\/v2\/product_tag?post=2630"}],"curies":[{"name":"wp","href":"https:\/\/api.w.org\/{rel}","templated":true}]}}