{"id":2542,"date":"2019-01-22T15:15:05","date_gmt":"2019-01-22T08:15:05","guid":{"rendered":"http:\/\/apanano.com\/?post_type=product&#038;p=2542"},"modified":"2023-03-29T16:24:20","modified_gmt":"2023-03-29T09:24:20","slug":"apa-repo-fish","status":"publish","type":"product","link":"https:\/\/apanano.com\/vi\/product\/apa-repo-fish\/","title":{"rendered":"APA REPO"},"content":{"rendered":"<p><strong>Th\u00e0nh ph\u1ea7n:<\/strong><br \/>\nColistin sulfate, T\u00e1 d\u01b0\u1ee3c v\u1eeba \u0111\u1ee7.<\/p>\n<p><strong>C\u00f4ng d\u1ee5ng:<\/strong><br \/>\n&#8211; Tr\u1ecb b\u1ec7nh n\u1ed5 m\u1eaft c\u00e1, vi\u00eam ru\u1ed9t, xu\u1ea5t huy\u1ebft trong ru\u1ed9t, mang, da tr\u00ean c\u00e1.<br \/>\n&#8211; \u0110i\u1ec1u tr\u1ecb hi\u1ec7u qu\u1ea3 l\u1edf lo\u00e9t to\u00e0n th\u00e2n, tu\u1ed9t nh\u1edbt, tu\u1ed9t v\u1ea3y, m\u00f2n \u0111u\u00f4i, \u0111\u1ed1m \u0111\u1ecf, \u0111\u1ed1m tr\u1eafng, <a href=\"https:\/\/apanano.com\/vi\/technical-support\/ky-thuat-uong-nuoi-ca-tra-giong-su-dung-san-pham-apa\/\" target=\"_blank\" rel=\"noopener noreferrer\">s\u01b0ng ch\u01b0\u1edbng b\u1ee5ng<\/a>, gan th\u1eadn c\u00f3 m\u1ee7,&#8230;<\/p>\n<p><strong>C\u00e1ch s\u1eed d\u1ee5ng:<\/strong><br \/>\n<strong>&#8211; Tr\u1ecb b\u1ec7nh:<\/strong><br \/>\n+ C\u00e1 th\u1ecbt: S\u1eed d\u1ee5ng 1 l\u00edt\/ 25 \u2013 30 t\u1ea5n c\u00e1.<br \/>\n+ C\u00e1 gi\u1ed1ng: S\u1eed d\u1ee5ng 1 l\u00edt\/ 15 \u2013 20 t\u1ea5n c\u00e1.<br \/>\n+ Cho \u0103n li\u00ean t\u1ee5c 5 \u2013 7 ng\u00e0y.<br \/>\n<strong>&#8211; Ph\u00f2ng b\u1ec7nh:<\/strong> B\u1eb1ng \u00bd li\u1ec1u tr\u1ecb.<\/p>\n<p><strong>Ch\u00fa \u00fd:<\/strong><br \/>\nNg\u01b0ng s\u1eed d\u1ee5ng thu\u1ed1c 30 ng\u00e0y tr\u01b0\u1edbc khi thu ho\u1ea1ch.<\/p>\n<h3 style=\"text-align: center;\"><span style=\"color: #0000ff;\">CH\u1ec8 D\u00d9NG TRONG NU\u00d4I TR\u1ed2NG TH\u1ee6Y S\u1ea2N<\/span><\/h3>\r\n<blockquote>\r\n<p style=\"text-align: center;\"><em>\u201cS\u1ea3n ph\u1ea9m kh\u00f4ng ch\u1ee9a c\u00e1c ch\u1ea5t c\u1ea5m s\u1eed d\u1ee5ng trong s\u1ea3n xu\u1ea5t, kinh doanh th\u1ee7y s\u1ea3n theo c\u00e1c quy \u0111\u1ecbnh hi\u1ec7n h\u00e0nh c\u1ee7a <strong>B\u1ed9 N\u00f4ng nghi\u1ec7p v\u00e0 Ph\u00e1t tri\u1ec3n n\u00f4ng th\u00f4n<\/strong>\u201d<\/em><\/p>\r\n<\/blockquote>\r\n<!-- Shortcode [sts2] does not match the conditions -->\r\n\r\n<!-- Shortcode [act] does not exist -->\n","protected":false},"excerpt":{"rendered":"<h3><span style=\"color: #0000ff;\">\u0110\u1eb6C TR\u1eca VI\u00caM RU\u1ed8T, XU\u1ea4T HUY\u1ebeT, CH\u01af\u1edaNG H\u01a0I<\/span><\/h3>\n<p><strong>C\u00f4ng d\u1ee5ng:<\/strong><br \/>\n&#8211; Tr\u1ecb b\u1ec7nh n\u1ed5 m\u1eaft c\u00e1, vi\u00eam ru\u1ed9t, xu\u1ea5t huy\u1ebft trong ru\u1ed9t, mang, da tr\u00ean c\u00e1.<br \/>\n&#8211; \u0110i\u1ec1u tr\u1ecb hi\u1ec7u qu\u1ea3 l\u1edf lo\u00e9t to\u00e0n th\u00e2n, tu\u1ed9t nh\u1edbt, tu\u1ed9t v\u1ea3y, m\u00f2n \u0111u\u00f4i, \u0111\u1ed1m \u0111\u1ecf, \u0111\u1ed1m tr\u1eafng, s\u01b0ng ch\u01b0\u1edbng b\u1ee5ng, gan th\u1eadn c\u00f3 m\u1ee7,&#8230;<\/p>\n[sc name=\"scontactf\"]\n","protected":false},"featured_media":2543,"comment_status":"open","ping_status":"closed","template":"","meta":{"sfsi_plus_gutenberg_text_before_share":"","sfsi_plus_gutenberg_show_text_before_share":"","sfsi_plus_gutenberg_icon_type":"","sfsi_plus_gutenberg_icon_alignemt":"","sfsi_plus_gutenburg_max_per_row":""},"product_brand":[],"product_cat":[411,406,415,19],"product_tag":[488,487],"class_list":{"0":"post-2542","1":"product","2":"type-product","3":"status-publish","4":"has-post-thumbnail","6":"product_cat-thuoc-thu-y-thuy-san-ca","7":"product_cat-fish","8":"product_cat-dieu-tri-benh-ca","9":"product_cat-aquaculture","10":"product_tag-dac-tri-viem-ruot","11":"product_tag-tri-benh-no-mat-ca","13":"first","14":"instock","15":"shipping-taxable","16":"product-type-simple"},"_links":{"self":[{"href":"https:\/\/apanano.com\/vi\/wp-json\/wp\/v2\/product\/2542","targetHints":{"allow":["GET"]}}],"collection":[{"href":"https:\/\/apanano.com\/vi\/wp-json\/wp\/v2\/product"}],"about":[{"href":"https:\/\/apanano.com\/vi\/wp-json\/wp\/v2\/types\/product"}],"replies":[{"embeddable":true,"href":"https:\/\/apanano.com\/vi\/wp-json\/wp\/v2\/comments?post=2542"}],"wp:featuredmedia":[{"embeddable":true,"href":"https:\/\/apanano.com\/vi\/wp-json\/wp\/v2\/media\/2543"}],"wp:attachment":[{"href":"https:\/\/apanano.com\/vi\/wp-json\/wp\/v2\/media?parent=2542"}],"wp:term":[{"taxonomy":"product_brand","embeddable":true,"href":"https:\/\/apanano.com\/vi\/wp-json\/wp\/v2\/product_brand?post=2542"},{"taxonomy":"product_cat","embeddable":true,"href":"https:\/\/apanano.com\/vi\/wp-json\/wp\/v2\/product_cat?post=2542"},{"taxonomy":"product_tag","embeddable":true,"href":"https:\/\/apanano.com\/vi\/wp-json\/wp\/v2\/product_tag?post=2542"}],"curies":[{"name":"wp","href":"https:\/\/api.w.org\/{rel}","templated":true}]}}