{"id":2540,"date":"2019-01-22T15:12:12","date_gmt":"2019-01-22T08:12:12","guid":{"rendered":"http:\/\/apanano.com\/?post_type=product&#038;p=2540"},"modified":"2023-03-29T16:24:35","modified_gmt":"2023-03-29T09:24:35","slug":"apa-levasole-fish","status":"publish","type":"product","link":"https:\/\/apanano.com\/vi\/product\/apa-levasole-fish\/","title":{"rendered":"APA LEVASOLE"},"content":{"rendered":"<p><strong>Th\u00e0nh ph\u1ea7n:<\/strong><br \/>\nLevamisole, T\u00e1 d\u01b0\u1ee3c v\u1eeba \u0111\u1ee7.<\/p>\n<p><strong>C\u00f4ng d\u1ee5ng:<\/strong><br \/>\n&#8211; S\u1ea3n ph\u1ea9m k\u1ebft h\u1ee3p Levamisole v\u00e0 c\u00e1c dung m\u00f4i \u0111\u1eb7c bi\u1ec7t gi\u00fap thu\u1ed1c h\u1ea5p thu nhanh, c\u00f3 t\u00e1c d\u1ee5ng m\u1ea1nh tr\u00ean nhi\u1ec1u lo\u1ea1i giun s\u00e1n k\u00fd sinh \u1edf c\u00e1.<br \/>\n&#8211; P<a href=\"https:\/\/apanano.com\/vi\/technical-support\/quy-trinh-nuoi-ca-tra-thuong-pham-su-dung-san-pham-apa-2\/\" target=\"_blank\" rel=\"noopener noreferrer\">h\u00f2ng tr\u1ecb hi\u1ec7u qu\u1ea3 c\u00e1c lo\u1ea1i giun s\u00e1n k\u00fd sinh<\/a> \u1edf \u1ed1ng d\u1eabn m\u1eadt, t\u00fai m\u1eadt g\u00e2y s\u01b0ng m\u1eadt, t\u1eafc m\u1eadt, v\u00e0ng da.<br \/>\n&#8211; X\u1ed5 nhanh c\u00e1c lo\u1ea1i giun tr\u00f2n, giun \u0111\u1ea7u m\u00f3c, l\u00e3i kim k\u00fd sinh \u1edf ru\u1ed9t v\u00e0 bao t\u1eed c\u00e1.<br \/>\n&#8211; S\u1eed d\u1ee5ng \u0111\u1ecbnh k\u1ef3 gi\u00fap c\u00e1 kh\u1ecfe m\u1ea1nh, t\u0103ng tr\u01b0\u1edfng nhanh.<\/p>\n<p><strong>C\u00e1ch s\u1eed d\u1ee5ng:<\/strong><br \/>\n&#8211; S\u1eed d\u1ee5ng \u0111\u1ecbnh k\u1ef3: D\u00f9ng 1 l\u00edt\/ 35 \u2013 40 t\u1ea5n c\u00e1, \u0111\u1ecbnh k\u1ef3 1 \u2013 2 l\u1ea7n\/ th\u00e1ng.<br \/>\n&#8211; Tr\u01b0\u1eddng h\u1ee3p c\u00e1 b\u1ecb k\u00fd sinh, s\u01b0ng m\u1eadt, v\u00e0ng da,&#8230;: D\u00f9ng 1 l\u00edt\/ 25 \u2013 30 t\u1ea5n c\u00e1.<\/p>\n<p><strong>Ch\u00fa \u00fd:<\/strong><br \/>\nNg\u01b0ng s\u1eed d\u1ee5ng thu\u1ed1c 30 ng\u00e0y tr\u01b0\u1edbc khi thu ho\u1ea1ch.<\/p>\n<h3 style=\"text-align: center;\"><span style=\"color: #0000ff;\">CH\u1ec8 D\u00d9NG TRONG NU\u00d4I TR\u1ed2NG TH\u1ee6Y S\u1ea2N<\/span><\/h3>\r\n<blockquote>\r\n<p style=\"text-align: center;\"><em>\u201cS\u1ea3n ph\u1ea9m kh\u00f4ng ch\u1ee9a c\u00e1c ch\u1ea5t c\u1ea5m s\u1eed d\u1ee5ng trong s\u1ea3n xu\u1ea5t, kinh doanh th\u1ee7y s\u1ea3n theo c\u00e1c quy \u0111\u1ecbnh hi\u1ec7n h\u00e0nh c\u1ee7a <strong>B\u1ed9 N\u00f4ng nghi\u1ec7p v\u00e0 Ph\u00e1t tri\u1ec3n n\u00f4ng th\u00f4n<\/strong>\u201d<\/em><\/p>\r\n<\/blockquote>\r\n<!-- Shortcode [sts2] does not match the conditions -->\r\n\r\n<!-- Shortcode [act] does not exist -->\n","protected":false},"excerpt":{"rendered":"<h3><span style=\"color: #0000ff;\">X\u1ed4 GIUN S\u00c1N, AN TO\u00c0N CHO C\u00c1<\/span><\/h3>\n<p><strong>C\u00f4ng d\u1ee5ng:<\/strong><br \/>\n&#8211; S\u1ea3n ph\u1ea9m k\u1ebft h\u1ee3p Levamisole v\u00e0 c\u00e1c dung m\u00f4i \u0111\u1eb7c bi\u1ec7t gi\u00fap thu\u1ed1c h\u1ea5p thu nhanh, c\u00f3 t\u00e1c d\u1ee5ng m\u1ea1nh tr\u00ean nhi\u1ec1u lo\u1ea1i giun s\u00e1n k\u00fd sinh \u1edf c\u00e1.<br \/>\n&#8211; Ph\u00f2ng tr\u1ecb hi\u1ec7u qu\u1ea3 c\u00e1c lo\u1ea1i giun s\u00e1n k\u00fd sinh \u1edf \u1ed1ng d\u1eabn m\u1eadt, t\u00fai m\u1eadt g\u00e2y s\u01b0ng m\u1eadt, t\u1eafc m\u1eadt, v\u00e0ng da.<br \/>\n&#8211; X\u1ed5 nhanh c\u00e1c lo\u1ea1i giun tr\u00f2n, giun \u0111\u1ea7u m\u00f3c, l\u00e3i kim k\u00fd sinh \u1edf ru\u1ed9t v\u00e0 bao t\u1eed c\u00e1.<br \/>\n&#8211; S\u1eed d\u1ee5ng \u0111\u1ecbnh k\u1ef3 gi\u00fap c\u00e1 kh\u1ecfe m\u1ea1nh, t\u0103ng tr\u01b0\u1edfng nhanh.<\/p>\n[sc name=\"scontactf\"]\n","protected":false},"featured_media":2541,"comment_status":"open","ping_status":"closed","template":"","meta":{"sfsi_plus_gutenberg_text_before_share":"","sfsi_plus_gutenberg_show_text_before_share":"","sfsi_plus_gutenberg_icon_type":"","sfsi_plus_gutenberg_icon_alignemt":"","sfsi_plus_gutenburg_max_per_row":""},"product_brand":[],"product_cat":[411,406,416,19],"product_tag":[489],"class_list":{"0":"post-2540","1":"product","2":"type-product","3":"status-publish","4":"has-post-thumbnail","6":"product_cat-thuoc-thu-y-thuy-san-ca","7":"product_cat-fish","8":"product_cat-xo-noi-ky-sinh-ca","9":"product_cat-aquaculture","10":"product_tag-xo-giun-san-cho-ca","12":"first","13":"instock","14":"shipping-taxable","15":"product-type-simple"},"_links":{"self":[{"href":"https:\/\/apanano.com\/vi\/wp-json\/wp\/v2\/product\/2540","targetHints":{"allow":["GET"]}}],"collection":[{"href":"https:\/\/apanano.com\/vi\/wp-json\/wp\/v2\/product"}],"about":[{"href":"https:\/\/apanano.com\/vi\/wp-json\/wp\/v2\/types\/product"}],"replies":[{"embeddable":true,"href":"https:\/\/apanano.com\/vi\/wp-json\/wp\/v2\/comments?post=2540"}],"wp:featuredmedia":[{"embeddable":true,"href":"https:\/\/apanano.com\/vi\/wp-json\/wp\/v2\/media\/2541"}],"wp:attachment":[{"href":"https:\/\/apanano.com\/vi\/wp-json\/wp\/v2\/media?parent=2540"}],"wp:term":[{"taxonomy":"product_brand","embeddable":true,"href":"https:\/\/apanano.com\/vi\/wp-json\/wp\/v2\/product_brand?post=2540"},{"taxonomy":"product_cat","embeddable":true,"href":"https:\/\/apanano.com\/vi\/wp-json\/wp\/v2\/product_cat?post=2540"},{"taxonomy":"product_tag","embeddable":true,"href":"https:\/\/apanano.com\/vi\/wp-json\/wp\/v2\/product_tag?post=2540"}],"curies":[{"name":"wp","href":"https:\/\/api.w.org\/{rel}","templated":true}]}}