{"id":2536,"date":"2019-01-22T15:03:59","date_gmt":"2019-01-22T08:03:59","guid":{"rendered":"http:\/\/apanano.com\/?post_type=product&#038;p=2536"},"modified":"2023-03-29T16:46:10","modified_gmt":"2023-03-29T09:46:10","slug":"apa-genta-pro-fish","status":"publish","type":"product","link":"https:\/\/apanano.com\/vi\/product\/apa-genta-pro-fish\/","title":{"rendered":"APA GENTA PRO"},"content":{"rendered":"<p><strong>Th\u00e0nh ph\u1ea7n:<\/strong><br \/>\nGentamycine, T\u00e1 d\u01b0\u1ee3c v\u1eeba \u0111\u1ee7.<\/p>\n<p><strong>C\u00f4ng d\u1ee5ng:<\/strong><br \/>\n&#8211; Ph\u00f2ng tr\u1ecb hi\u1ec7u qu\u1ea3 c\u00e1c <a href=\"https:\/\/apanano.com\/technical-support\/benh-den-than-tren-ca-ro-dong-nguyen-nhan-bieu-hien-va-cach-phong-tri\/\" target=\"_blank\" rel=\"noopener noreferrer\">b\u1ec7nh do vi khu\u1ea9n<\/a> g\u00e2y ra nh\u01b0 Vibrio, Pseudomonas, Aeromonas, Filamentous bacteria, Edwardsiella,&#8230; th\u1ec3 hi\u1ec7n c\u00e1c tri\u1ec7u ch\u1ee9ng vi\u00eam ru\u1ed9t, tu\u1ed9t nh\u1edbt, m\u00f2n \u0111u\u00f4i, \u0111\u1ed1m tr\u1eafng,&#8230;<br \/>\n&#8211; \u0110\u1eb7c tr\u1ecb gan th\u1eadn m\u1ee7, \u0111\u1ed1m \u0111\u1ecf, l\u1edf lo\u00e9t, th\u1ed1i v\u00e2y, <a href=\"https:\/\/apanano.com\/vi\/technical-support\/ky-thuat-uong-nuoi-ca-tra-giong-su-dung-san-pham-apa\/\" target=\"_blank\" rel=\"noopener noreferrer\">xu\u1ea5t huy\u1ebft mang<\/a> tr\u00ean c\u00e1 nu\u00f4i.<br \/>\n&#8211; S\u1eed d\u1ee5ng cho m\u1ecdi lo\u1ea1i c\u00e1.<\/p>\n<p><strong>C\u00e1ch s\u1eed d\u1ee5ng:<\/strong><br \/>\n<strong>&#8211; Tr\u1ecb b\u1ec7nh:<\/strong><br \/>\n+ C\u00e1 th\u1ecbt: S\u1eed d\u1ee5ng 1 l\u00edt\/ 35 \u2013 40 t\u1ea5n c\u00e1.<br \/>\n+ C\u00e1 gi\u1ed1ng: S\u1eed d\u1ee5ng 1 l\u00edt\/ 15 \u2013 20 t\u1ea5n c\u00e1.<br \/>\n+ Cho \u0103n li\u00ean t\u1ee5c 5 \u2013 7 ng\u00e0y.<br \/>\n<strong>&#8211; Ph\u00f2ng b\u1ec7nh:<\/strong> B\u1eb1ng \u00bd li\u1ec1u tr\u1ecb.<\/p>\n<p><strong>Ch\u00fa \u00fd:<\/strong><br \/>\nNg\u01b0ng s\u1eed d\u1ee5ng tr\u01b0\u1edbc khi thu ho\u1ea1ch 30 ng\u00e0y.<\/p>\n<h3 style=\"text-align: center;\"><span style=\"color: #0000ff;\">CH\u1ec8 D\u00d9NG TRONG NU\u00d4I TR\u1ed2NG TH\u1ee6Y S\u1ea2N<\/span><\/h3>\r\n<blockquote>\r\n<p style=\"text-align: center;\"><em>\u201cS\u1ea3n ph\u1ea9m kh\u00f4ng ch\u1ee9a c\u00e1c ch\u1ea5t c\u1ea5m s\u1eed d\u1ee5ng trong s\u1ea3n xu\u1ea5t, kinh doanh th\u1ee7y s\u1ea3n theo c\u00e1c quy \u0111\u1ecbnh hi\u1ec7n h\u00e0nh c\u1ee7a <strong>B\u1ed9 N\u00f4ng nghi\u1ec7p v\u00e0 Ph\u00e1t tri\u1ec3n n\u00f4ng th\u00f4n<\/strong>\u201d<\/em><\/p>\r\n<\/blockquote>\r\n<!-- Shortcode [sts2] does not match the conditions -->\r\n\r\n<!-- Shortcode [act] does not exist -->\n","protected":false},"excerpt":{"rendered":"<h3><span style=\"color: #0000ff;\">\u0110\u1eb6C TR\u1eca GAN TH\u1eacN M\u1ee6, L\u1ede LO\u00c9T,\u00a0\u0110\u1ed0M \u0110\u1ece, TH\u1ed0I V\u00c2Y, XU\u1ea4T HUY\u1ebeT MANG<\/span><\/h3>\n<p><strong>C\u00f4ng d\u1ee5ng:<\/strong><br \/>\n&#8211; Ph\u00f2ng tr\u1ecb hi\u1ec7u qu\u1ea3 c\u00e1c b\u1ec7nh do vi khu\u1ea9n g\u00e2y ra nh\u01b0 Vibrio, Pseudomonas, Aeromonas, Filamentous bacteria, Edwardsiella,&#8230; th\u1ec3 hi\u1ec7n c\u00e1c tri\u1ec7u ch\u1ee9ng vi\u00eam ru\u1ed9t, tu\u1ed9t nh\u1edbt, m\u00f2n \u0111u\u00f4i, \u0111\u1ed1m tr\u1eafng,&#8230;<br \/>\n&#8211; \u0110\u1eb7c tr\u1ecb gan th\u1eadn m\u1ee7, \u0111\u1ed1m \u0111\u1ecf, l\u1edf lo\u00e9t, th\u1ed1i v\u00e2y, xu\u1ea5t huy\u1ebft mang tr\u00ean c\u00e1 nu\u00f4i.<br \/>\n&#8211; S\u1eed d\u1ee5ng cho m\u1ecdi lo\u1ea1i c\u00e1.<\/p>\n[sc name=\"scontactf\"]\n","protected":false},"featured_media":2537,"comment_status":"open","ping_status":"closed","template":"","meta":{"sfsi_plus_gutenberg_text_before_share":"","sfsi_plus_gutenberg_show_text_before_share":"","sfsi_plus_gutenberg_icon_type":"","sfsi_plus_gutenberg_icon_alignemt":"","sfsi_plus_gutenburg_max_per_row":""},"product_brand":[],"product_cat":[411,406,415,19],"product_tag":[491,492,493],"class_list":{"0":"post-2536","1":"product","2":"type-product","3":"status-publish","4":"has-post-thumbnail","6":"product_cat-thuoc-thu-y-thuy-san-ca","7":"product_cat-fish","8":"product_cat-dieu-tri-benh-ca","9":"product_cat-aquaculture","10":"product_tag-dac-tri-gan-than-mu","11":"product_tag-dac-tri-lo-loet-dom-do-thoi-vay","12":"product_tag-dac-tri-xuat-huyet-mang","14":"first","15":"instock","16":"shipping-taxable","17":"product-type-simple"},"_links":{"self":[{"href":"https:\/\/apanano.com\/vi\/wp-json\/wp\/v2\/product\/2536","targetHints":{"allow":["GET"]}}],"collection":[{"href":"https:\/\/apanano.com\/vi\/wp-json\/wp\/v2\/product"}],"about":[{"href":"https:\/\/apanano.com\/vi\/wp-json\/wp\/v2\/types\/product"}],"replies":[{"embeddable":true,"href":"https:\/\/apanano.com\/vi\/wp-json\/wp\/v2\/comments?post=2536"}],"wp:featuredmedia":[{"embeddable":true,"href":"https:\/\/apanano.com\/vi\/wp-json\/wp\/v2\/media\/2537"}],"wp:attachment":[{"href":"https:\/\/apanano.com\/vi\/wp-json\/wp\/v2\/media?parent=2536"}],"wp:term":[{"taxonomy":"product_brand","embeddable":true,"href":"https:\/\/apanano.com\/vi\/wp-json\/wp\/v2\/product_brand?post=2536"},{"taxonomy":"product_cat","embeddable":true,"href":"https:\/\/apanano.com\/vi\/wp-json\/wp\/v2\/product_cat?post=2536"},{"taxonomy":"product_tag","embeddable":true,"href":"https:\/\/apanano.com\/vi\/wp-json\/wp\/v2\/product_tag?post=2536"}],"curies":[{"name":"wp","href":"https:\/\/api.w.org\/{rel}","templated":true}]}}