{"id":2534,"date":"2019-01-22T14:59:09","date_gmt":"2019-01-22T07:59:09","guid":{"rendered":"http:\/\/apanano.com\/?post_type=product&#038;p=2534"},"modified":"2023-03-29T16:26:08","modified_gmt":"2023-03-29T09:26:08","slug":"apa-ebom-fish","status":"publish","type":"product","link":"https:\/\/apanano.com\/vi\/product\/apa-ebom-fish\/","title":{"rendered":"APA EBOM"},"content":{"rendered":"<p><strong>Th\u00e0nh ph\u1ea7n:<\/strong><br \/>\nErythromycin, Sulfamethoxazole, Trimethoprim, T\u00e1 d\u01b0\u1ee3c v\u1eeba \u0111\u1ee7.<\/p>\n<p><strong>C\u00f4ng d\u1ee5ng:<\/strong><br \/>\n&#8211; Tr\u1ecb b\u1ec7nh n\u1ed5 m\u1eaft c\u00e1, vi\u00eam ru\u1ed9t, <a href=\"https:\/\/apanano.com\/vi\/technical-support\/ky-thuat-uong-nuoi-ca-tra-giong-su-dung-san-pham-apa\/\" target=\"_blank\" rel=\"noopener noreferrer\">xu\u1ea5t huy\u1ebft trong ru\u1ed9t, mang<\/a>, da tr\u00ean c\u00e1.<br \/>\n&#8211; Ph\u00f2ng v\u00e0 tr\u1ecb c\u00e1c b\u1ec7nh do nhi\u1ec5m Vibrio sp., Pseudomonas, Aeromonas,&#8230; g\u00e2y ra c\u00e1c b\u1ec7nh nh\u01b0 nhi\u1ec5m tr\u00f9ng m\u00e1u, s\u00ecnh b\u1ee5ng, ch\u01b0\u1edbng h\u01a1i, c\u00e1c b\u1ec7nh v\u1ec1 \u0111\u01b0\u1eddng ru\u1ed9t, vi\u00eam d\u1ea1 d\u00e0y,&#8230;<br \/>\n&#8211; \u0110i\u1ec1u tr\u1ecb hi\u1ec7u qu\u1ea3 tu\u1ed9t nh\u1edbt, tr\u1eafng m\u00ecnh, l\u1edf lo\u00e9t tr\u00ean c\u00e1 c\u00f3 v\u1ea3y, m\u00f2n \u0111u\u00f4i, \u0111\u1ed1m \u0111\u1ecf, s\u01b0ng mang, \u0111\u1eb7c bi\u1ec7t ph\u1ea3n \u1ee9ng nhanh v\u1edbi b\u1ec7nh ho\u1ea1i t\u1eed gan.<br \/>\n&#8211; H\u1ed7 tr\u1ee3 \u0111i\u1ec1u tr\u1ecb: <a href=\"https:\/\/apanano.com\/technical-support\/benh-den-than-tren-ca-ro-dong-nguyen-nhan-bieu-hien-va-cach-phong-tri\/\" target=\"_blank\" rel=\"noopener noreferrer\">B\u1ec7nh \u0110en Th\u00e2n tr\u00ean C\u00e1 R\u00f4 \u0110\u1ed3ng<\/a>, <a href=\"https:\/\/apanano.com\/vi\/technical-support\/benh-lo-loet-tren-ca-loc\/\" target=\"_blank\" rel=\"noopener noreferrer\">Di\u1ec7t khu\u1ea9n tr\u00ean C\u00e1 L\u00f3c<\/a><\/p>\n<p><strong>C\u00e1ch s\u1eed d\u1ee5ng:<\/strong><br \/>\n<strong>&#8211; Tr\u1ecb b\u1ec7nh:<\/strong><br \/>\n+ C\u00e1 th\u1ecbt: S\u1eed d\u1ee5ng 1 l\u00edt\/ 30 \u2013 35 t\u1ea5n c\u00e1.<br \/>\n+ C\u00e1 gi\u1ed1ng: S\u1eed d\u1ee5ng 1 l\u00edt\/ 20 \u2013 25 t\u1ea5n c\u00e1.<br \/>\n+ Cho \u0103n li\u00ean t\u1ee5c 5 \u2013 7 ng\u00e0y.<br \/>\n<strong>&#8211; Ph\u00f2ng b\u1ec7nh:<\/strong> B\u1eb1ng \u00bd li\u1ec1u tr\u1ecb.<\/p>\n<p><strong>Ch\u00fa \u00fd:<\/strong><br \/>\nNg\u01b0ng s\u1eed d\u1ee5ng thu\u1ed1c 30 ng\u00e0y tr\u01b0\u1edbc khi thu ho\u1ea1ch.<\/p>\n<h3 style=\"text-align: center;\"><span style=\"color: #0000ff;\">CH\u1ec8 D\u00d9NG TRONG NU\u00d4I TR\u1ed2NG TH\u1ee6Y S\u1ea2N<\/span><\/h3>\r\n<blockquote>\r\n<p style=\"text-align: center;\"><em>\u201cS\u1ea3n ph\u1ea9m kh\u00f4ng ch\u1ee9a c\u00e1c ch\u1ea5t c\u1ea5m s\u1eed d\u1ee5ng trong s\u1ea3n xu\u1ea5t, kinh doanh th\u1ee7y s\u1ea3n theo c\u00e1c quy \u0111\u1ecbnh hi\u1ec7n h\u00e0nh c\u1ee7a <strong>B\u1ed9 N\u00f4ng nghi\u1ec7p v\u00e0 Ph\u00e1t tri\u1ec3n n\u00f4ng th\u00f4n<\/strong>\u201d<\/em><\/p>\r\n<\/blockquote>\r\n<!-- Shortcode [sts2] does not match the conditions -->\r\n\r\n<!-- Shortcode [act] does not exist -->\n","protected":false},"excerpt":{"rendered":"<h3><span style=\"color: #0000ff;\">TR\u1eca B\u1ec6NH N\u1ed4 M\u1eaeT C\u00c1, VI\u00caM RU\u1ed8T, XU\u1ea4T HUY\u1ebeT<\/span><\/h3>\n<p><strong>C\u00f4ng d\u1ee5ng:<\/strong><br \/>\n&#8211; Tr\u1ecb b\u1ec7nh n\u1ed5 m\u1eaft c\u00e1, vi\u00eam ru\u1ed9t, xu\u1ea5t huy\u1ebft trong ru\u1ed9t, mang, da tr\u00ean c\u00e1.<br \/>\n&#8211; Ph\u00f2ng v\u00e0 tr\u1ecb c\u00e1c b\u1ec7nh do nhi\u1ec5m Vibrio sp., Pseudomonas, Aeromonas,&#8230; g\u00e2y ra c\u00e1c b\u1ec7nh nh\u01b0 nhi\u1ec5m tr\u00f9ng m\u00e1u, s\u00ecnh b\u1ee5ng, ch\u01b0\u1edbng h\u01a1i, c\u00e1c b\u1ec7nh v\u1ec1 \u0111\u01b0\u1eddng ru\u1ed9t, vi\u00eam d\u1ea1 d\u00e0y,&#8230;<br \/>\n&#8211; \u0110i\u1ec1u tr\u1ecb hi\u1ec7u qu\u1ea3 tu\u1ed9t nh\u1edbt, tr\u1eafng m\u00ecnh, l\u1edf lo\u00e9t tr\u00ean c\u00e1 c\u00f3 v\u1ea3y, m\u00f2n \u0111u\u00f4i, \u0111\u1ed1m \u0111\u1ecf, s\u01b0ng mang, \u0111\u1eb7c bi\u1ec7t ph\u1ea3n \u1ee9ng nhanh v\u1edbi b\u1ec7nh ho\u1ea1i t\u1eed gan.<\/p>\n[sc name=\"scontactf\"]\n","protected":false},"featured_media":2535,"comment_status":"open","ping_status":"closed","template":"","meta":{"sfsi_plus_gutenberg_text_before_share":"","sfsi_plus_gutenberg_show_text_before_share":"","sfsi_plus_gutenberg_icon_type":"","sfsi_plus_gutenberg_icon_alignemt":"","sfsi_plus_gutenburg_max_per_row":""},"product_brand":[],"product_cat":[411,406,415,19],"product_tag":[471,487,494],"class_list":{"0":"post-2534","1":"product","2":"type-product","3":"status-publish","4":"has-post-thumbnail","6":"product_cat-thuoc-thu-y-thuy-san-ca","7":"product_cat-fish","8":"product_cat-dieu-tri-benh-ca","9":"product_cat-aquaculture","10":"product_tag-nhiem-trung-do-vi-khuan","11":"product_tag-tri-benh-no-mat-ca","12":"product_tag-tri-benh-viem-ruot","14":"first","15":"instock","16":"shipping-taxable","17":"product-type-simple"},"_links":{"self":[{"href":"https:\/\/apanano.com\/vi\/wp-json\/wp\/v2\/product\/2534","targetHints":{"allow":["GET"]}}],"collection":[{"href":"https:\/\/apanano.com\/vi\/wp-json\/wp\/v2\/product"}],"about":[{"href":"https:\/\/apanano.com\/vi\/wp-json\/wp\/v2\/types\/product"}],"replies":[{"embeddable":true,"href":"https:\/\/apanano.com\/vi\/wp-json\/wp\/v2\/comments?post=2534"}],"wp:featuredmedia":[{"embeddable":true,"href":"https:\/\/apanano.com\/vi\/wp-json\/wp\/v2\/media\/2535"}],"wp:attachment":[{"href":"https:\/\/apanano.com\/vi\/wp-json\/wp\/v2\/media?parent=2534"}],"wp:term":[{"taxonomy":"product_brand","embeddable":true,"href":"https:\/\/apanano.com\/vi\/wp-json\/wp\/v2\/product_brand?post=2534"},{"taxonomy":"product_cat","embeddable":true,"href":"https:\/\/apanano.com\/vi\/wp-json\/wp\/v2\/product_cat?post=2534"},{"taxonomy":"product_tag","embeddable":true,"href":"https:\/\/apanano.com\/vi\/wp-json\/wp\/v2\/product_tag?post=2534"}],"curies":[{"name":"wp","href":"https:\/\/api.w.org\/{rel}","templated":true}]}}