{"id":2493,"date":"2018-07-31T17:17:01","date_gmt":"2018-07-31T10:17:01","guid":{"rendered":"http:\/\/apanano.com\/?post_type=product&#038;p=2493"},"modified":"2023-02-24T18:24:08","modified_gmt":"2023-02-24T11:24:08","slug":"diva-natural-shampoo-conditioner-formula-2","status":"publish","type":"product","link":"https:\/\/apanano.com\/vi\/product\/diva-natural-shampoo-conditioner-formula-2\/","title":{"rendered":"S\u1eeeA T\u1eaeM CH\u00d3 M\u00c8O DIVA 2"},"content":{"rendered":"<!-- Shortcode [diva2_aff] does not exist -->\n<p>\u0110\u00e2y l\u00e0 s\u1ea3n ph\u1ea9m<strong>\u00a0s\u1eefa t\u1eafm cho ch\u00f3<\/strong>\u00a0v\u00e0\u00a0<strong>s\u1eefa t\u1eafm cho m\u00e8o<\/strong>\u00a0c\u00f3 t\u00e1c d\u1ee5ng:<br \/>\n&#8211; D\u01b0\u1ee1ng da v\u00e0 l\u00f4ng b\u00f3ng m\u01b0\u1ee3t, gi\u1ea3m r\u1ee5ng l\u00f4ng, h\u1ed7 tr\u1ee3 m\u1ecdc l\u00f4ng m\u1edbi.<br \/>\n&#8211; H\u01b0\u01a1ng th\u01a1m quy\u1ebfn r\u0169 l\u01b0u l\u1ea1i d\u00e0i l\u00e2u.<\/p>\n<blockquote><p>\u0110\u1eb7c bi\u1ec7t t\u1ed1t cho c\u00e1c gi\u1ed1ng ch\u00f3 nh\u01b0 Alaska, Husky, Samoyed, Chow Chow, Becgie, Corgi, Collie&#8230;<\/p><\/blockquote>\n<p style=\"text-align: center;\"><iframe loading=\"lazy\" src=\"https:\/\/www.youtube.com\/embed\/RpG92OdwrRA\" width=\"560\" height=\"315\" frameborder=\"0\" allowfullscreen=\"allowfullscreen\"><\/iframe><\/p>\n<hr \/>\n<h4 style=\"text-align: center;\"><strong>NH\u1eeeNG L\u01afU \u00dd KHI T\u1eaeM CHO TH\u00da C\u01afNG<\/strong><\/h4>\n<h4><strong>B\u1ea1n c\u00f3 t\u1eafm cho ch\u00f3 \u0111\u00fang c\u00e1ch?<\/strong><\/h4>\n<p>\u0110\u1ed1i v\u1edbi nh\u1eefng lo\u00e0i ch\u00f3 kh\u1ecfe m\u1ea1nh, vi\u1ec7c t\u1eafm cho ch\u00fang h\u1eb1ng ng\u00e0y l\u00e0 chuy\u1ec7n th\u1eeba th\u00e3i. B\u1edfi v\u00ec t\u1eafm r\u1eeda th\u01b0\u1eddng xuy\u00ean cho ch\u00f3 s\u1ebd khi\u1ebfn b\u1ed9 l\u00f4ng c\u1ee7a ch\u00fang tr\u1edf n\u00ean m\u1ea5t s\u1ee9c s\u1ed1ng, g\u00e2y ra t\u00ecnh tr\u1ea1ng kh\u00f4 da, ho\u1eb7c c\u00f3 th\u1ec3 nghi\u00eam tr\u1ecdng h\u01a1n l\u00e0 t\u1ed5n th\u01b0\u01a1ng t\u1edbi da.<\/p>\n<p>Tuy v\u1eady, vi\u1ec7c b\u1ecf \u0111i chuy\u1ec7n t\u1eafm r\u1eeda hay ch\u00f9i t\u1ea9y qua loa l\u00e0 \u0111i\u1ec1u kh\u00f4ng th\u1ec3 n\u00ean ch\u00fang ta ph\u1ea3i bi\u1ebft kh\u00f4n ngoan trong vi\u1ec7c ki\u1ec3m so\u00e1t th\u1eddi gian t\u1eafm cho th\u00fa c\u01b0ng, \u0111\u00e2y l\u00e0 m\u1ed9t \u0111i\u1ec1u quan tr\u1ecdng c\u1ea7n l\u01b0u \u00fd.<\/p>\n<h4><strong>Ch\u00fang ta ch\u1ec9 n\u00ean t\u1eafm khi c\u00fan xu\u1ea5t hi\u1ec7n nh\u1eefng tri\u1ec7u ch\u1ee9ng sau \u0111\u00e2y:<\/strong><\/h4>\n<p>\u2013 Tr\u00ean l\u00f4ng d\u00ednh nhi\u1ec1u b\u1ee5i b\u1ea9n, c\u00f3 ch\u1ea5t nh\u1ea7y, ch\u1ea5t l\u1ea1 b\u00e1m tr\u00ean l\u00f4ng, l\u00f4ng b\u1ebft l\u1ea1i.<br \/>\n\u2013 V\u00e0o th\u1eddi gian r\u1ee5ng l\u00f4ng c\u1ee7a \u0111\u1ed9ng v\u1eadt, lo\u1ea1i b\u1ecf l\u1edbp l\u00f4ng \u0111\u00e3 ch\u1ebft v\u1eabn c\u00f2n b\u00e1m tr\u00ean l\u00f4ng mao m\u1edbi.<br \/>\n\u2013 B\u00e3 nh\u1eddn c\u1ee7a th\u00fa c\u01b0ng t\u0103ng t\u1ed1c \u0111\u1ed9 b\u00e0i ti\u1ebft b\u1ea5t th\u01b0\u1eddng.<br \/>\n\u2013 Tr\u00ean l\u1edbp da m\u1edbi c\u00f3 l\u1edbp v\u1ea3y tr\u1eafng, h\u00ecnh th\u00e0nh t\u1eeb \u0111\u00e1m da ch\u1ebft c\u00f2n b\u00e1m tr\u00ean da m\u1edbi.<br \/>\n\u2013 Khi da th\u00fa c\u01b0ng b\u1ecb nhi\u1ec5m tr\u00f9ng.<\/p>\n<blockquote><p>T\u1eafm cho ch\u00f3 c\u0169ng c\u1ea7n l\u01b0u \u00fd \u0111\u1ebfn th\u1eddi ti\u1ebft. B\u1ea1n n\u00ean t\u1eafm cho ch\u00f3 v\u00e0o nh\u1eefng ng\u00e0y tr\u1eddi \u1ea5m \u00e1p, kh\u00f4ng n\u00ean t\u1eafm v\u00e0o nh\u1eefng bu\u1ed5i chi\u1ec1u mu\u1ed9n hay tr\u1eddi l\u1ea1n. B\u1edfi v\u00ec s\u1ebd l\u00e0m cho l\u00f4ng c\u1ee7a ch\u00fang kh\u00f3 hong kh\u00f4 ho\u00e0n to\u00e0n, c\u00f3 th\u1ec3 g\u00e2y ra c\u00e1c t\u00ecnh tr\u1ea1ng b\u1ec7nh l\u00fd v\u1ec1 sau kh\u00f4ng \u0111\u00e1ng.<\/p><\/blockquote>\n<h4><strong>Ch\u00fang ta kh\u00f4ng n\u00ean cho th\u00fa c\u01b0ng t\u1eafm khi:<\/strong><\/h4>\n<p>\u2013 Th\u00fa c\u01b0ng \u0111\u00e3 \u0103n sau 2 gi\u1edd.<br \/>\n\u2013 Ti\u1ebft tr\u1eddi \u0111ang v\u00e0o m\u00f9a l\u1ea1nh (th\u1eddi \u0111i\u1ec3m \u0111\u1ed5i gi\u00f3 m\u00f9a \u1edf mi\u1ec1n B\u1eafc, ho\u1eb7c l\u00fac nhi\u1ec7t \u0111\u1ed9 ngo\u00e0i tr\u1eddi h\u1ea1 d\u01b0\u1edbi 18\u2103).<br \/>\n\u2013 Ch\u00f3 con \u0111ang c\u00f2n trong giai \u0111o\u1ea1n c\u1ea7n s\u1eefa m\u1eb9 ho\u1eb7c m\u1edbi r\u1eddi kh\u1ecfi m\u1eb9.<br \/>\n\u2013 Th\u00fa c\u01b0ng c\u00f3 d\u1ea5u hi\u1ec7u b\u1ecb \u1ed1m, \u0111ang c\u00fam.<br \/>\n\u2013 Ch\u00f3 gi\u1ed1ng \u0111\u1ef1c \u0111ang trong th\u1eddi k\u00ec \u0111\u1ed9ng d\u1ee5c, chu\u1ea9n b\u1ecb ph\u1ed1i gi\u1ed1ng. B\u1edfi v\u00ec, n\u1ebfu t\u1eafm r\u1eeda cho ch\u00f3 trong giai \u0111o\u1ea1n n\u00e0y s\u1ebd b\u1ecb gi\u1ea3m m\u00f9i \u0111\u1eb7c tr\u01b0ng, khi\u1ebfn ch\u00fang kh\u00f4ng c\u00f9ng h\u01b0ng ph\u1ea5n t\u00ednh d\u1ee5c khi giao ph\u1ed1i.<br \/>\n\u2013 Sau 15 ng\u00e0y giao ph\u1ed1i, trong th\u1eddi gian n\u00e0y kh\u00f4ng n\u00ean t\u1eafm r\u1eeda cho th\u00fa c\u01b0ng.<br \/>\n\u2013 Ch\u00f3 m\u1eb9 m\u1edbi sinh con.<br \/>\n\u2013 Ch\u00f3 con m\u1edbi mua v\u1ec1.<br \/>\n\u2013 Nh\u1eefng ch\u00fa ch\u00f3 m\u1edbi ch\u00edch ng\u1eeba ph\u00f2ng b\u1ec7nh v\u1ec1 kh\u00f4ng t\u1eafm r\u1eeda.<\/p>\n<blockquote><p>Sau khi x\u00e1c \u0111\u1ecbnh \u0111\u01b0\u1ee3c th\u1eddi gian t\u1eafm r\u1eeda th\u00edch h\u1ee3p cho ch\u00f3, ch\u00fang ta n\u00ean c\u1ea9n th\u1eadn ch\u1ecdn lo\u1ea1i s\u1eefa t\u1eafm ph\u00f9 h\u1ee3p v\u1edbi th\u00fa c\u01b0ng c\u1ee7a m\u00ecnh. B\u1ea1n c\u00f3 th\u1ec3 mua \u1edf c\u00e1c c\u1eeda ti\u1ec7m kinh doanh \u0111\u1ed3 ch\u01a1i ch\u00f3, c\u1eeda h\u00e0ng th\u00fa c\u01b0ng.<\/p><\/blockquote>\n","protected":false},"excerpt":{"rendered":"<h3><span style=\"color: #ff9900;\"><strong>S\u1eeeA T\u1eaeM CH\u00d3 M\u00c8O D\u01af\u1ee0NG \u1ea8M KH\u1eec M\u00d9I DIVA H\u1ed2NG<\/strong><\/span><\/h3>\n<p>D\u01b0\u1ee1ng da v\u00e0 l\u00f4ng, gi\u1ea3m r\u1ee5ng l\u00f4ng, kh\u1eed m\u00f9i h\u00f4i hi\u1ec7u qu\u1ea3, gi\u00fap b\u1ed9 c\u00fan y\u00eau lu\u00f4n th\u01a1m tho, s\u1ea1ch s\u1ebd. S\u1ea3n ph\u1ea9m kh\u00f4ng g\u00e2y cay m\u1eaft, kh\u00f4ng h\u1ea1i khi li\u1ebfn ph\u1ea3i v\u00e0 kh\u00f4ng g\u00e2y k\u00edch \u1ee9ng da.<br \/>\n[sc name=\"scontactsp\" ]<\/p>\n","protected":false},"featured_media":5108,"comment_status":"open","ping_status":"closed","template":"","meta":{"sfsi_plus_gutenberg_text_before_share":"","sfsi_plus_gutenberg_show_text_before_share":"","sfsi_plus_gutenberg_icon_type":"","sfsi_plus_gutenberg_icon_alignemt":"","sfsi_plus_gutenburg_max_per_row":""},"product_brand":[],"product_cat":[413,17],"product_tag":[571,572,570,573],"class_list":{"0":"post-2493","1":"product","2":"type-product","3":"status-publish","4":"has-post-thumbnail","6":"product_cat-shampoo","7":"product_cat-pet","8":"product_tag-diva-shampoo","9":"product_tag-sua-tam-cho-cho","10":"product_tag-sua-tam-cho-meo","11":"product_tag-sua-tam-meo","13":"first","14":"instock","15":"shipping-taxable","16":"product-type-simple"},"_links":{"self":[{"href":"https:\/\/apanano.com\/vi\/wp-json\/wp\/v2\/product\/2493","targetHints":{"allow":["GET"]}}],"collection":[{"href":"https:\/\/apanano.com\/vi\/wp-json\/wp\/v2\/product"}],"about":[{"href":"https:\/\/apanano.com\/vi\/wp-json\/wp\/v2\/types\/product"}],"replies":[{"embeddable":true,"href":"https:\/\/apanano.com\/vi\/wp-json\/wp\/v2\/comments?post=2493"}],"wp:featuredmedia":[{"embeddable":true,"href":"https:\/\/apanano.com\/vi\/wp-json\/wp\/v2\/media\/5108"}],"wp:attachment":[{"href":"https:\/\/apanano.com\/vi\/wp-json\/wp\/v2\/media?parent=2493"}],"wp:term":[{"taxonomy":"product_brand","embeddable":true,"href":"https:\/\/apanano.com\/vi\/wp-json\/wp\/v2\/product_brand?post=2493"},{"taxonomy":"product_cat","embeddable":true,"href":"https:\/\/apanano.com\/vi\/wp-json\/wp\/v2\/product_cat?post=2493"},{"taxonomy":"product_tag","embeddable":true,"href":"https:\/\/apanano.com\/vi\/wp-json\/wp\/v2\/product_tag?post=2493"}],"curies":[{"name":"wp","href":"https:\/\/api.w.org\/{rel}","templated":true}]}}