{"id":2453,"date":"2018-07-02T16:45:26","date_gmt":"2018-07-02T09:45:26","guid":{"rendered":"http:\/\/apanano.com\/?post_type=product&#038;p=2453"},"modified":"2023-03-29T16:43:27","modified_gmt":"2023-03-29T09:43:27","slug":"apa-liver-pro-fish","status":"publish","type":"product","link":"https:\/\/apanano.com\/vi\/product\/apa-liver-pro-fish\/","title":{"rendered":"APA LIVER PRO"},"content":{"rendered":"<p><strong>Th\u00e0nh ph\u1ea7n:<\/strong><\/p>\n<p>Vitamin B<sub>5<\/sub> (min), Vitamin B<sub>6<\/sub> (min), Glycine (min), Sorbitol (min), Ch\u1ea5t \u0111\u1ec7m v\u1eeba \u0111\u1ee7.<\/p>\n<p><strong>C\u00f4ng d\u1ee5ng:<\/strong><br \/>\nB\u1ed5 sung sorbitol, vitamin v\u00e0 acid amin c\u1ea7n thi\u1ebft cho s\u1ef1 sinh tr\u01b0\u1edfng v\u00e0 ph\u00e1t tri\u1ec3n c\u1ee7a t\u00f4m, gi\u00fap c\u00e1 t\u00f4m ph\u00e1t tri\u1ec3n t\u1ed1t, <a href=\"https:\/\/apanano.com\/vi\/technical-support\/quy-trinh-nuoi-ca-tra-thuong-pham-su-dung-san-pham-apa-1\/\" target=\"_blank\" rel=\"noopener noreferrer\">t\u0103ng c\u01b0\u1eddng ch\u1ee9c n\u0103ng gan<\/a> h\u1ed7 tr\u1ee3 gan lo\u1ea1i th\u1ea3i hi\u1ec7u qu\u1ea3 c\u00e1c ch\u1ea5t \u0111\u1ed9c ra kh\u1ecfi c\u01a1 th\u1ec3.<\/p>\n<p><strong>C\u00e1ch s\u1eed d\u1ee5ng:<\/strong><br \/>\n+ C\u00e1 gi\u1ed1ng: D\u00f9ng 1 kg\/ 20 t\u1ea5n c\u00e1.<br \/>\n+ C\u00e1 th\u1ecbt: D\u00f9ng 1 kg\/ 30 \u2013 35 t\u1ea5n c\u00e1.<br \/>\n&#8211; Trong tr\u01b0\u1eddng h\u1ee3p \u0111\u1ed1c th\u00fac t\u00f4m c\u00e1 ph\u00e1t tri\u1ec3n nhanh:<br \/>\n+ C\u00e1 gi\u1ed1ng: D\u00f9ng 1 kg\/ 10 \u2013 15 t\u1ea5n c\u00e1.<br \/>\n+ C\u00e1 th\u1ecbt: D\u00f9ng 1 kg\/ 20 \u2013 15 t\u1ea5n c\u00e1.<\/p>\n<p><strong>Ch\u00fa \u00fd:<\/strong><br \/>\n&#8211; \u0110\u1ecdc k\u1ef9 h\u01b0\u1edbng d\u1eabn s\u1eed d\u1ee5ng tr\u01b0\u1edbc khi d\u00f9ng.<\/p>\n<p><strong>B\u1ea3o qu\u1ea3n:<\/strong><br \/>\n&#8211; N\u01a1i kh\u00f4 r\u00e1o, tho\u00e1ng m\u00e1t, tr\u00e1nh \u00e1nh s\u00e1ng tr\u1ef1c ti\u1ebfp.<br \/>\n&#8211; Tr\u00e1nh xa t\u1ea7m tay tr\u1ebb em.<\/p>\n<h3 style=\"text-align: center;\"><span style=\"color: #0000ff;\">CH\u1ec8 D\u00d9NG TRONG NU\u00d4I TR\u1ed2NG TH\u1ee6Y S\u1ea2N<\/span><\/h3>\r\n<blockquote>\r\n<p style=\"text-align: center;\"><em>\u201cS\u1ea3n ph\u1ea9m kh\u00f4ng ch\u1ee9a c\u00e1c ch\u1ea5t c\u1ea5m s\u1eed d\u1ee5ng trong s\u1ea3n xu\u1ea5t, kinh doanh th\u1ee7y s\u1ea3n theo c\u00e1c quy \u0111\u1ecbnh hi\u1ec7n h\u00e0nh c\u1ee7a <strong>B\u1ed9 N\u00f4ng nghi\u1ec7p v\u00e0 Ph\u00e1t tri\u1ec3n n\u00f4ng th\u00f4n<\/strong>\u201d<\/em><\/p>\r\n<\/blockquote>\r\n<!-- Shortcode [sts2] does not match the conditions -->\r\n\r\n<!-- Shortcode [act] does not exist -->\n","protected":false},"excerpt":{"rendered":"<h3><span style=\"color: #0000ff;\">B\u1ed4 GAN, CUNG C\u1ea4P VITAMIN &amp; ACID AMIN C\u1ea6N THI\u1ebeT GI\u00daP T\u00d4M C\u00c1 PH\u00c1T TRI\u1ec2N T\u1ed0T<\/span><\/h3>\n<p><strong>C\u00f4ng d\u1ee5ng:<\/strong><br \/>\nB\u1ed5 sung sorbitol, vitamin v\u00e0 acid amin c\u1ea7n thi\u1ebft cho s\u1ef1 sinh tr\u01b0\u1edfng v\u00e0 ph\u00e1t tri\u1ec3n c\u1ee7a t\u00f4m, gi\u00fap c\u00e1 t\u00f4m ph\u00e1t tri\u1ec3n t\u1ed1t, t\u0103ng c\u01b0\u1eddng ch\u1ee9c n\u0103ng gan h\u1ed7 tr\u1ee3 gan lo\u1ea1i th\u1ea3i hi\u1ec7u qu\u1ea3 c\u00e1c ch\u1ea5t \u0111\u1ed9c ra kh\u1ecfi c\u01a1 th\u1ec3.<\/p>\n[sc name=\"scontactf\"]\n","protected":false},"featured_media":2452,"comment_status":"open","ping_status":"closed","template":"","meta":{"sfsi_plus_gutenberg_text_before_share":"","sfsi_plus_gutenberg_show_text_before_share":"","sfsi_plus_gutenberg_icon_type":"","sfsi_plus_gutenberg_icon_alignemt":"","sfsi_plus_gutenburg_max_per_row":""},"product_brand":[],"product_cat":[410,406,426,19],"product_tag":[496,497,498],"class_list":{"0":"post-2453","1":"product","2":"type-product","3":"status-publish","4":"has-post-thumbnail","6":"product_cat-dinh-duong-bo-sung-thuc-an-ca","7":"product_cat-fish","8":"product_cat-giai-doc-ho-tro-gan-ca","9":"product_cat-aquaculture","10":"product_tag-bo-sung-acid-amin-cho-tom-ca","11":"product_tag-bo-sung-vitamin-va-khoang-chat","12":"product_tag-tang-cuong-chuc-nang-gan","14":"first","15":"instock","16":"shipping-taxable","17":"product-type-simple"},"_links":{"self":[{"href":"https:\/\/apanano.com\/vi\/wp-json\/wp\/v2\/product\/2453","targetHints":{"allow":["GET"]}}],"collection":[{"href":"https:\/\/apanano.com\/vi\/wp-json\/wp\/v2\/product"}],"about":[{"href":"https:\/\/apanano.com\/vi\/wp-json\/wp\/v2\/types\/product"}],"replies":[{"embeddable":true,"href":"https:\/\/apanano.com\/vi\/wp-json\/wp\/v2\/comments?post=2453"}],"wp:featuredmedia":[{"embeddable":true,"href":"https:\/\/apanano.com\/vi\/wp-json\/wp\/v2\/media\/2452"}],"wp:attachment":[{"href":"https:\/\/apanano.com\/vi\/wp-json\/wp\/v2\/media?parent=2453"}],"wp:term":[{"taxonomy":"product_brand","embeddable":true,"href":"https:\/\/apanano.com\/vi\/wp-json\/wp\/v2\/product_brand?post=2453"},{"taxonomy":"product_cat","embeddable":true,"href":"https:\/\/apanano.com\/vi\/wp-json\/wp\/v2\/product_cat?post=2453"},{"taxonomy":"product_tag","embeddable":true,"href":"https:\/\/apanano.com\/vi\/wp-json\/wp\/v2\/product_tag?post=2453"}],"curies":[{"name":"wp","href":"https:\/\/api.w.org\/{rel}","templated":true}]}}