{"id":2445,"date":"2018-07-02T16:31:48","date_gmt":"2018-07-02T09:31:48","guid":{"rendered":"http:\/\/apanano.com\/?post_type=product&#038;p=2445"},"modified":"2023-03-29T16:44:22","modified_gmt":"2023-03-29T09:44:22","slug":"apa-fenfor-fish","status":"publish","type":"product","link":"https:\/\/apanano.com\/vi\/product\/apa-fenfor-fish\/","title":{"rendered":"APA FENFOR"},"content":{"rendered":"<p><strong>Th\u00e0nh ph\u1ea7n:<\/strong><br \/>\nItraconazole, Fenbendazole, T\u00e1 d\u01b0\u1ee3c v\u1eeba \u0111\u1ee7.<\/p>\n<p><strong>C\u00f4ng d\u1ee5ng:<\/strong><br \/>\n&#8211; Ph\u00f2ng ng\u1eeba h\u1eefu hi\u1ec7u b\u1ec7nh gan th\u1eadn m\u1ee7, ng\u0103n ng\u1eeba b\u1ec7nh t\u1eafc m\u1eadt, v\u00e0ng gan, v\u00e0ng da, v\u00e0ng th\u1ecbt do tr\u00f9ng l\u00f4ng g\u00e2y ra.<br \/>\n&#8211; Ng\u0103n ng\u1eeba hi\u1ec7n t\u01b0\u1ee3ng c\u00e1 ch\u1ebft h\u00e0ng lo\u1ea1t \u1edf giai \u0111o\u1ea1n c\u00e1 h\u01b0\u01a1ng.<br \/>\n&#8211; Ph\u00f2ng ng\u1eeba c\u00e1c b\u1ec7nh v\u1ec1 \u0111\u01b0\u1eddng ti\u00eau h\u00f3a, xu\u1ea5t huy\u1ebft n\u1ed9i, \u0111\u1ed1m \u0111\u1ecf, nhi\u1ec5m tr\u00f9ng huy\u1ebft.<br \/>\n&#8211; <a href=\"https:\/\/apanano.com\/vi\/technical-support\/ky-thuat-uong-nuoi-ca-tra-giong-su-dung-san-pham-apa\/\" target=\"_blank\" rel=\"noopener noreferrer\">X\u1ed5 n\u1ed9i ngo\u1ea1i k\u00fd sinh<\/a>, an to\u00e0n cho c\u00e1, <a href=\"https:\/\/apanano.com\/vi\/technical-support\/quy-trinh-nuoi-luon-khong-bun-su-dung-san-pham-apa\/\" target=\"_blank\" rel=\"noopener noreferrer\">l\u01b0\u01a1n<\/a>.<\/p>\n<p><strong>C\u00e1ch s\u1eed d\u1ee5ng:<\/strong><br \/>\n<strong><em>&#8211; Tr\u1ecb b\u1ec7nh: <\/em><\/strong><br \/>\n+ C\u00e1 th\u1ecbt: D\u00f9ng 1 l\u00edt\/ 30 t\u1ea5n c\u00e1.<br \/>\n+ C\u00e1 gi\u1ed1ng (t\u1eeb 2 ph\u00e2n): D\u00f9ng 1 l\u00edt\/ 15 \u2013 20 t\u1ea5n c\u00e1.<br \/>\n+ S\u1eed d\u1ee5ng li\u00ean t\u1ee5c 3 ng\u00e0y.<br \/>\n<strong><em>&#8211; Ph\u00f2ng b\u1ec7nh:<\/em><\/strong> B\u1eb1ng \u00bd li\u1ec1u tr\u1ecb.<\/p>\n<p><strong>Ch\u00fa \u00fd:<\/strong><br \/>\n&#8211; Ng\u01b0ng s\u1eed d\u1ee5ng tr\u01b0\u1edbc khi thu ho\u1ea1ch 30 ng\u00e0y.<br \/>\n&#8211; \u0110\u1ecdc k\u1ef9 h\u01b0\u1edbng d\u1eabn s\u1eed d\u1ee5ng tr\u01b0\u1edbc khi s\u1eed d\u1ee5ng.<\/p>\n<p><strong>B\u1ea3o qu\u1ea3n:<\/strong><br \/>\n&#8211; B\u1ea3o qu\u1ea3n n\u01a1i kh\u00f4 r\u00e1o, tho\u00e1ng m\u00e1t, tr\u00e1nh \u00e1nh s\u00e1ng tr\u1ef1c ti\u1ebfp.<br \/>\n&#8211; Tr\u00e1nh xa t\u1ea7m tay tr\u1ebb em.<\/p>\n<h3 style=\"text-align: center;\"><span style=\"color: #0000ff;\">CH\u1ec8 D\u00d9NG TRONG NU\u00d4I TR\u1ed2NG TH\u1ee6Y S\u1ea2N<\/span><\/h3>\r\n<blockquote>\r\n<p style=\"text-align: center;\"><em>\u201cS\u1ea3n ph\u1ea9m kh\u00f4ng ch\u1ee9a c\u00e1c ch\u1ea5t c\u1ea5m s\u1eed d\u1ee5ng trong s\u1ea3n xu\u1ea5t, kinh doanh th\u1ee7y s\u1ea3n theo c\u00e1c quy \u0111\u1ecbnh hi\u1ec7n h\u00e0nh c\u1ee7a <strong>B\u1ed9 N\u00f4ng nghi\u1ec7p v\u00e0 Ph\u00e1t tri\u1ec3n n\u00f4ng th\u00f4n<\/strong>\u201d<\/em><\/p>\r\n<\/blockquote>\r\n<!-- Shortcode [sts2] does not match the conditions -->\r\n\r\n<!-- Shortcode [act] does not exist -->\n","protected":false},"excerpt":{"rendered":"<h3><span style=\"color: #0000ff;\">TI\u00caU DI\u1ec6T C\u00c1C LO\u1ea0I TR\u00d9NG L\u00d4NG G\u00c2Y CH\u1ebeT C\u00c1 H\u00c0NG LO\u1ea0T<\/span><\/h3>\n<p><strong>C\u00f4ng d\u1ee5ng:<\/strong><br \/>\n&#8211; Ph\u00f2ng ng\u1eeba h\u1eefu hi\u1ec7u b\u1ec7nh gan th\u1eadn m\u1ee7, ng\u0103n ng\u1eeba b\u1ec7nh t\u1eafc m\u1eadt, v\u00e0ng gan, v\u00e0ng da, v\u00e0ng th\u1ecbt do tr\u00f9ng l\u00f4ng g\u00e2y ra.<br \/>\n&#8211; Ng\u0103n ng\u1eeba hi\u1ec7n t\u01b0\u1ee3ng c\u00e1 ch\u1ebft h\u00e0ng lo\u1ea1t \u1edf giai \u0111o\u1ea1n c\u00e1 h\u01b0\u01a1ng.<br \/>\n&#8211; Ph\u00f2ng ng\u1eeba c\u00e1c b\u1ec7nh v\u1ec1 \u0111\u01b0\u1eddng ti\u00eau h\u00f3a, xu\u1ea5t huy\u1ebft n\u1ed9i, \u0111\u1ed1m \u0111\u1ecf, nhi\u1ec5m tr\u00f9ng huy\u1ebft.<br \/>\n&#8211; X\u1ed5 n\u1ed9i ngo\u1ea1i k\u00fd sinh, an to\u00e0n cho c\u00e1.<\/p>\n[sc name=\"scontactf\"]\n","protected":false},"featured_media":2442,"comment_status":"open","ping_status":"closed","template":"","meta":{"sfsi_plus_gutenberg_text_before_share":"","sfsi_plus_gutenberg_show_text_before_share":"","sfsi_plus_gutenberg_icon_type":"","sfsi_plus_gutenberg_icon_alignemt":"","sfsi_plus_gutenburg_max_per_row":""},"product_brand":[],"product_cat":[411,406,416,19],"product_tag":[491,504,503],"class_list":{"0":"post-2445","1":"product","2":"type-product","3":"status-publish","4":"has-post-thumbnail","6":"product_cat-thuoc-thu-y-thuy-san-ca","7":"product_cat-fish","8":"product_cat-xo-noi-ky-sinh-ca","9":"product_cat-aquaculture","10":"product_tag-dac-tri-gan-than-mu","11":"product_tag-ngan-ngua-hien-tuong-ca-chet-hang-loat","12":"product_tag-tieu-diet-cac-loai-trung-long","14":"first","15":"instock","16":"shipping-taxable","17":"product-type-simple"},"_links":{"self":[{"href":"https:\/\/apanano.com\/vi\/wp-json\/wp\/v2\/product\/2445","targetHints":{"allow":["GET"]}}],"collection":[{"href":"https:\/\/apanano.com\/vi\/wp-json\/wp\/v2\/product"}],"about":[{"href":"https:\/\/apanano.com\/vi\/wp-json\/wp\/v2\/types\/product"}],"replies":[{"embeddable":true,"href":"https:\/\/apanano.com\/vi\/wp-json\/wp\/v2\/comments?post=2445"}],"wp:featuredmedia":[{"embeddable":true,"href":"https:\/\/apanano.com\/vi\/wp-json\/wp\/v2\/media\/2442"}],"wp:attachment":[{"href":"https:\/\/apanano.com\/vi\/wp-json\/wp\/v2\/media?parent=2445"}],"wp:term":[{"taxonomy":"product_brand","embeddable":true,"href":"https:\/\/apanano.com\/vi\/wp-json\/wp\/v2\/product_brand?post=2445"},{"taxonomy":"product_cat","embeddable":true,"href":"https:\/\/apanano.com\/vi\/wp-json\/wp\/v2\/product_cat?post=2445"},{"taxonomy":"product_tag","embeddable":true,"href":"https:\/\/apanano.com\/vi\/wp-json\/wp\/v2\/product_tag?post=2445"}],"curies":[{"name":"wp","href":"https:\/\/api.w.org\/{rel}","templated":true}]}}