{"id":2438,"date":"2018-07-02T16:21:03","date_gmt":"2018-07-02T09:21:03","guid":{"rendered":"http:\/\/apanano.com\/?post_type=product&#038;p=2438"},"modified":"2023-03-29T16:44:50","modified_gmt":"2023-03-29T09:44:50","slug":"apa-super-cefur-fish","status":"publish","type":"product","link":"https:\/\/apanano.com\/vi\/product\/apa-super-cefur-fish\/","title":{"rendered":"APA SUPER CEFUR"},"content":{"rendered":"<p><strong>Th\u00e0nh ph\u1ea7n:<\/strong><br \/>\nCefuroxim, T\u00e1 d\u01b0\u1ee3c v\u1eeba \u0111\u1ee7.<\/p>\n<p><strong>C\u00f4ng d\u1ee5ng:<\/strong><br \/>\n&#8211; Ph\u00f2ng v\u00e0 tr\u1ecb ch\u1ee9ng nhi\u1ec5m Streptococcus spp,\u2026 \u1edf c\u00e1 \u0111i\u00eau h\u1ed3ng g\u00e2y l\u1ed3i m\u1eaft, n\u1ed5 m\u1eaft, xu\u1ea5t huy\u1ebft v\u00e2y, mang,\u2026<br \/>\n&#8211; D\u00f9ng \u0111\u1ec3 \u0111i\u1ec1u tr\u1ecb c\u00e1c b\u1ec7nh nhi\u1ec5m tr\u00f9ng do vi khu\u1ea9n, l\u1edf lo\u00e9t, \u0111\u1ed1m \u0111\u1ecf, th\u1ed1i v\u00e2y, m\u00f2n \u0111u\u00f4i,&#8230;<br \/>\n&#8211; Ng\u0103n ng\u1eeba v\u00e0 \u0111i\u1ec1u tr\u1ecb hi\u1ec7u qu\u1ea3 c\u00e1c b\u1ec7nh v\u1ec1 gan v\u00e0 \u0111\u01b0\u1eddng ru\u1ed9t: gan th\u1eadn m\u1ee7, s\u01b0ng gan, ho\u1ea1i t\u1eed gan, xu\u1ea5t huy\u1ebft n\u1ed9i t\u1ea1ng, vi\u00eam ru\u1ed9t,&#8230;<br \/>\n&#8211; S\u1eed d\u1ee5ng hi\u1ec7u qu\u1ea3 tr\u00ean c\u00e1, \u1ebfch, l\u01b0\u01a1n,&#8230;<\/p>\n<p><strong>C\u00e1ch s\u1eed d\u1ee5ng:<\/strong><br \/>\n&#8211; Tr\u1ecb b\u1ec7nh:<br \/>\n+ C\u00e1 th\u1ecbt: s\u1eed d\u1ee5ng 1 l\u00edt\/ 35 \u2013 40 t\u1ea5n c\u00e1.<br \/>\n+ C\u00e1 gi\u1ed1ng: s\u1eed d\u1ee5ng 1 l\u00edt\/ 15 \u2013 20 t\u1ea5n c\u00e1.<br \/>\n&#8211; Ph\u00f2ng b\u1ec7nh: B\u1eb1ng \u00bd li\u1ec1u tr\u1ecb.<br \/>\n&#8211; S\u1eed d\u1ee5ng li\u00ean ti\u1ebfp trong 3 ng\u00e0y. Tr\u01b0\u1eddng h\u1ee3p b\u1ec7nh n\u1eb7ng c\u00f3 th\u1ec3 k\u00e9o d\u00e0i t\u1edbi 5 ng\u00e0y.<\/p>\n<p><strong>Ch\u00fa \u00fd:<\/strong><br \/>\n<strong>&#8211; Ng\u01b0ng s\u1eed d\u1ee5ng 30 ng\u00e0y tr\u01b0\u1edbc khi thu ho\u1ea1ch.<\/strong><br \/>\n&#8211; L\u1eafc \u0111\u1ec1u tr\u01b0\u1edbc khi s\u1eed d\u1ee5ng.<br \/>\n&#8211; \u0110\u1ecdc k\u1ef9 h\u01b0\u1edbng d\u1eabn s\u1eed d\u1ee5ng tr\u01b0\u1edbc khi d\u00f9ng.<\/p>\n<p><strong>B\u1ea3o qu\u1ea3n:<\/strong><br \/>\n&#8211; N\u01a1i kh\u00f4 r\u00e1o, tho\u00e1ng m\u00e1t, tr\u00e1nh \u00e1nh s\u00e1ng tr\u1ef1c ti\u1ebfp.<br \/>\n&#8211; Tr\u00e1nh xa t\u1ea7m tay tr\u1ebb em.<\/p>\n<h3 style=\"text-align: center;\"><span style=\"color: #0000ff;\">CH\u1ec8 D\u00d9NG TRONG NU\u00d4I TR\u1ed2NG TH\u1ee6Y S\u1ea2N<\/span><\/h3>\r\n<blockquote>\r\n<p style=\"text-align: center;\"><em>\u201cS\u1ea3n ph\u1ea9m kh\u00f4ng ch\u1ee9a c\u00e1c ch\u1ea5t c\u1ea5m s\u1eed d\u1ee5ng trong s\u1ea3n xu\u1ea5t, kinh doanh th\u1ee7y s\u1ea3n theo c\u00e1c quy \u0111\u1ecbnh hi\u1ec7n h\u00e0nh c\u1ee7a <strong>B\u1ed9 N\u00f4ng nghi\u1ec7p v\u00e0 Ph\u00e1t tri\u1ec3n n\u00f4ng th\u00f4n<\/strong>\u201d<\/em><\/p>\r\n<\/blockquote>\r\n<!-- Shortcode [sts2] does not match the conditions -->\r\n\r\n<!-- Shortcode [act] does not exist -->\n","protected":false},"excerpt":{"rendered":"<h3><span style=\"color: #0000ff;\">\u0110I\u1ec0U TR\u1eca N\u1ed4 M\u1eaeT, GAN TH\u1eacN M\u1ee6, XU\u1ea4T HUY\u1ebeT N\u1ed8I T\u1ea0NG<\/span><\/h3>\n<p><strong>C\u00f4ng d\u1ee5ng:<\/strong><br \/>\n&#8211; Ph\u00f2ng v\u00e0 tr\u1ecb ch\u1ee9ng nhi\u1ec5m Streptococcus spp,\u2026 \u1edf c\u00e1 \u0111i\u00eau h\u1ed3ng g\u00e2y l\u1ed3i m\u1eaft, n\u1ed5 m\u1eaft, xu\u1ea5t huy\u1ebft v\u00e2y, mang,\u2026<br \/>\n&#8211; D\u00f9ng \u0111\u1ec3 \u0111i\u1ec1u tr\u1ecb c\u00e1c b\u1ec7nh nhi\u1ec5m tr\u00f9ng do vi khu\u1ea9n, l\u1edf lo\u00e9t, \u0111\u1ed1m \u0111\u1ecf, th\u1ed1i v\u00e2y, m\u00f2n \u0111u\u00f4i,&#8230;<br \/>\n&#8211; Ng\u0103n ng\u1eeba v\u00e0 \u0111i\u1ec1u tr\u1ecb hi\u1ec7u qu\u1ea3 c\u00e1c b\u1ec7nh v\u1ec1 gan v\u00e0 \u0111\u01b0\u1eddng ru\u1ed9t: gan th\u1eadn m\u1ee7, s\u01b0ng gan, ho\u1ea1i t\u1eed gan, xu\u1ea5t huy\u1ebft n\u1ed9i t\u1ea1ng, vi\u00eam ru\u1ed9t,&#8230;<br \/>\n&#8211; S\u1eed d\u1ee5ng hi\u1ec7u qu\u1ea3 tr\u00ean c\u00e1, \u1ebfch, l\u01b0\u01a1n,&#8230;<\/p>\n[sc name=\"scontactf\"]\n","protected":false},"featured_media":2439,"comment_status":"open","ping_status":"closed","template":"","meta":{"sfsi_plus_gutenberg_text_before_share":"","sfsi_plus_gutenberg_show_text_before_share":"","sfsi_plus_gutenberg_icon_type":"","sfsi_plus_gutenberg_icon_alignemt":"","sfsi_plus_gutenburg_max_per_row":""},"product_brand":[],"product_cat":[411,406,415,19],"product_tag":[491,527,487],"class_list":{"0":"post-2438","1":"product","2":"type-product","3":"status-publish","4":"has-post-thumbnail","6":"product_cat-thuoc-thu-y-thuy-san-ca","7":"product_cat-fish","8":"product_cat-dieu-tri-benh-ca","9":"product_cat-aquaculture","10":"product_tag-dac-tri-gan-than-mu","11":"product_tag-dac-tri-xuat-huyet","12":"product_tag-tri-benh-no-mat-ca","14":"first","15":"instock","16":"shipping-taxable","17":"product-type-simple"},"_links":{"self":[{"href":"https:\/\/apanano.com\/vi\/wp-json\/wp\/v2\/product\/2438","targetHints":{"allow":["GET"]}}],"collection":[{"href":"https:\/\/apanano.com\/vi\/wp-json\/wp\/v2\/product"}],"about":[{"href":"https:\/\/apanano.com\/vi\/wp-json\/wp\/v2\/types\/product"}],"replies":[{"embeddable":true,"href":"https:\/\/apanano.com\/vi\/wp-json\/wp\/v2\/comments?post=2438"}],"wp:featuredmedia":[{"embeddable":true,"href":"https:\/\/apanano.com\/vi\/wp-json\/wp\/v2\/media\/2439"}],"wp:attachment":[{"href":"https:\/\/apanano.com\/vi\/wp-json\/wp\/v2\/media?parent=2438"}],"wp:term":[{"taxonomy":"product_brand","embeddable":true,"href":"https:\/\/apanano.com\/vi\/wp-json\/wp\/v2\/product_brand?post=2438"},{"taxonomy":"product_cat","embeddable":true,"href":"https:\/\/apanano.com\/vi\/wp-json\/wp\/v2\/product_cat?post=2438"},{"taxonomy":"product_tag","embeddable":true,"href":"https:\/\/apanano.com\/vi\/wp-json\/wp\/v2\/product_tag?post=2438"}],"curies":[{"name":"wp","href":"https:\/\/api.w.org\/{rel}","templated":true}]}}