{"id":2437,"date":"2018-07-02T16:14:33","date_gmt":"2018-07-02T09:14:33","guid":{"rendered":"http:\/\/apanano.com\/?post_type=product&#038;p=2437"},"modified":"2023-03-29T16:45:10","modified_gmt":"2023-03-29T09:45:10","slug":"apa-ivetex-fish","status":"publish","type":"product","link":"https:\/\/apanano.com\/vi\/product\/apa-ivetex-fish\/","title":{"rendered":"APA IVETEX"},"content":{"rendered":"<p><strong>Th\u00e0nh ph\u1ea7n:<\/strong><br \/>\nIvermectin, Dung m\u00f4i v\u1eeba \u0111\u1ee7.<\/p>\n<p><strong>C\u00f4ng d\u1ee5ng:<\/strong><br \/>\n&#8211; X\u1ed5 hi\u1ec7u qu\u1ea3 n\u1ed9i ngo\u1ea1i k\u00fd sinh tr\u00f9ng nh\u01b0 s\u00e1n l\u00e1 mang, tr\u00f9ng b\u00e1nh xe, r\u1eadn c\u00e1, giun s\u00e1n, Zoothamnium,&#8230; b\u00e1m tr\u00ean c\u00e1.<br \/>\n&#8211; Ti\u00eau di\u1ec7t m\u1ea7m b\u1ec7nh trong m\u00f4i tr\u01b0\u1eddng ao nu\u00f4i.<br \/>\n&#8211; Ng\u0103n ng\u1eeba hi\u1ec7n t\u01b0\u1ee3ng c\u00e1 b\u1ecb t\u1eafc m\u1eadt.<\/p>\n<p><strong>C\u00e1ch s\u1eed d\u1ee5ng:<\/strong><br \/>\n&#8211; \u0110\u1ed1i v\u1edbi c\u00e1 tr\u00ean 1 th\u00e1ng tu\u1ed5i (c\u00e1 &gt; 1 ph\u00e2n): S\u1eed d\u1ee5ng 100 ml\/ 10.000 \u2013 12.000 m<sup>3<\/sup> n\u01b0\u1edbc.<br \/>\n&#8211; \u0110\u1ed1i v\u1edbi c\u00e1 tr\u00ean 2 th\u00e1ng tu\u1ed5i (c\u00e1 &gt; 2 ph\u00e2n): S\u1eed d\u1ee5ng 100 ml\/ 8.000 \u2013 10.000 m<sup>3<\/sup> n\u01b0\u1edbc.<br \/>\n&#8211; H\u00f2a tan v\u1edbi n\u01b0\u1edbc v\u00e0 t\u1ea1t \u0111\u1ec1u xu\u1ed1ng ao v\u00e0o l\u00fac n\u1eafng n\u00f3ng.<\/p>\n<p><strong>Ch\u00fa \u00fd:<\/strong><br \/>\n&#8211; Ch\u1ec9 s\u1eed d\u1ee5ng cho c\u00e1 da tr\u01a1n t\u1eeb 1 ph\u00e2n tr\u1edf l\u00ean.<br \/>\n&#8211; Ng\u01b0ng s\u1eed d\u1ee5ng thu\u1ed1c 30 ng\u00e0y tr\u01b0\u1edbc khi thu ho\u1ea1ch.<br \/>\n&#8211; L\u1eafc \u0111\u1ec1u tr\u01b0\u1edbc khi d\u00f9ng.<br \/>\n&#8211; \u0110\u1ecdc k\u1ef9 h\u01b0\u1edbng d\u1eabn s\u1eed d\u1ee5ng tr\u01b0\u1edbc khi d\u00f9ng.<\/p>\n<p><strong>B\u1ea3o qu\u1ea3n:<\/strong><br \/>\n&#8211; N\u01a1i kh\u00f4 r\u00e1o, tho\u00e1ng m\u00e1t, tr\u00e1nh \u00e1nh n\u1eafng tr\u1ef1c ti\u1ebfp.<br \/>\n&#8211; Tr\u00e1nh xa t\u1ea7m tay tr\u1ebb em.<\/p>\n<h3 style=\"text-align: center;\"><span style=\"color: #0000ff;\">CH\u1ec8 D\u00d9NG TRONG NU\u00d4I TR\u1ed2NG TH\u1ee6Y S\u1ea2N<\/span><\/h3>\r\n<blockquote>\r\n<p style=\"text-align: center;\"><em>\u201cS\u1ea3n ph\u1ea9m kh\u00f4ng ch\u1ee9a c\u00e1c ch\u1ea5t c\u1ea5m s\u1eed d\u1ee5ng trong s\u1ea3n xu\u1ea5t, kinh doanh th\u1ee7y s\u1ea3n theo c\u00e1c quy \u0111\u1ecbnh hi\u1ec7n h\u00e0nh c\u1ee7a <strong>B\u1ed9 N\u00f4ng nghi\u1ec7p v\u00e0 Ph\u00e1t tri\u1ec3n n\u00f4ng th\u00f4n<\/strong>\u201d<\/em><\/p>\r\n<\/blockquote>\r\n<!-- Shortcode [sts2] does not match the conditions -->\r\n\r\n<!-- Shortcode [act] does not exist -->\n","protected":false},"excerpt":{"rendered":"<h3><span style=\"color: #0000ff;\">\u0110\u1eb6C TR\u1eca S\u00c1N L\u00c1 MANG,\u00a0TR\u00d9NG B\u00c1NH XE, R\u1eacN C\u00c1<\/span><\/h3>\n<p><strong>C\u00f4ng d\u1ee5ng:<\/strong><br \/>\n&#8211; X\u1ed5 hi\u1ec7u qu\u1ea3 n\u1ed9i ngo\u1ea1i k\u00fd sinh tr\u00f9ng nh\u01b0 s\u00e1n l\u00e1 mang, tr\u00f9ng b\u00e1nh xe, r\u1eadn c\u00e1, giun s\u00e1n, Zoothamnium,&#8230; b\u00e1m tr\u00ean c\u00e1.<br \/>\n&#8211; Ti\u00eau di\u1ec7t m\u1ea7m b\u1ec7nh trong m\u00f4i tr\u01b0\u1eddng ao nu\u00f4i.<br \/>\n&#8211; Ng\u0103n ng\u1eeba hi\u1ec7n t\u01b0\u1ee3ng c\u00e1 b\u1ecb t\u1eafc m\u1eadt.<\/p>\n[sc name=\"scontactf\"]\n","protected":false},"featured_media":2434,"comment_status":"open","ping_status":"closed","template":"","meta":{"sfsi_plus_gutenberg_text_before_share":"","sfsi_plus_gutenberg_show_text_before_share":"","sfsi_plus_gutenberg_icon_type":"","sfsi_plus_gutenberg_icon_alignemt":"","sfsi_plus_gutenburg_max_per_row":""},"product_brand":[],"product_cat":[412,406,419,19],"product_tag":[531,532,489],"class_list":{"0":"post-2437","1":"product","2":"type-product","3":"status-publish","4":"has-post-thumbnail","6":"product_cat-xu-ly-cai-tao-moi-truong-ca","7":"product_cat-fish","8":"product_cat-xo-ngoai-ky-sinh-ca","9":"product_cat-aquaculture","10":"product_tag-dac-tri-san-la-mang","11":"product_tag-dac-tri-trung-banh-xe","12":"product_tag-xo-giun-san-cho-ca","14":"first","15":"instock","16":"shipping-taxable","17":"product-type-simple"},"_links":{"self":[{"href":"https:\/\/apanano.com\/vi\/wp-json\/wp\/v2\/product\/2437","targetHints":{"allow":["GET"]}}],"collection":[{"href":"https:\/\/apanano.com\/vi\/wp-json\/wp\/v2\/product"}],"about":[{"href":"https:\/\/apanano.com\/vi\/wp-json\/wp\/v2\/types\/product"}],"replies":[{"embeddable":true,"href":"https:\/\/apanano.com\/vi\/wp-json\/wp\/v2\/comments?post=2437"}],"wp:featuredmedia":[{"embeddable":true,"href":"https:\/\/apanano.com\/vi\/wp-json\/wp\/v2\/media\/2434"}],"wp:attachment":[{"href":"https:\/\/apanano.com\/vi\/wp-json\/wp\/v2\/media?parent=2437"}],"wp:term":[{"taxonomy":"product_brand","embeddable":true,"href":"https:\/\/apanano.com\/vi\/wp-json\/wp\/v2\/product_brand?post=2437"},{"taxonomy":"product_cat","embeddable":true,"href":"https:\/\/apanano.com\/vi\/wp-json\/wp\/v2\/product_cat?post=2437"},{"taxonomy":"product_tag","embeddable":true,"href":"https:\/\/apanano.com\/vi\/wp-json\/wp\/v2\/product_tag?post=2437"}],"curies":[{"name":"wp","href":"https:\/\/api.w.org\/{rel}","templated":true}]}}