{"id":2419,"date":"2018-06-11T16:31:21","date_gmt":"2018-06-11T09:31:21","guid":{"rendered":"http:\/\/apanano.com\/?post_type=product&#038;p=2419"},"modified":"2023-03-29T16:50:09","modified_gmt":"2023-03-29T09:50:09","slug":"apa-blue-no1-shrimp","status":"publish","type":"product","link":"https:\/\/apanano.com\/vi\/product\/apa-blue-no1-shrimp\/","title":{"rendered":"APA BLUE No.1"},"content":{"rendered":"<p><strong>Th\u00e0nh ph\u1ea7n:<\/strong><br \/>\nGlutaraldehyde, Benzalkonium chloride, Dung m\u00f4i v\u1eeba \u0111\u1ee7.<\/p>\n<p><strong>C\u00f4ng d\u1ee5ng:<\/strong><br \/>\n&#8211; Di\u1ec7t c\u00e1c lo\u1ea1i vi khu\u1ea9n, n\u1ea5m, nguy\u00ean sinh \u0111\u1ed9ng v\u1eadt trong n\u01b0\u1edbc ao nu\u00f4i.<br \/>\n&#8211; S\u00e1t tr\u00f9ng d\u1ee5ng c\u1ee5 d\u00f9ng trong nu\u00f4i tr\u1ed3ng th\u1ee7y s\u1ea3n.<\/p>\n<p><strong>C\u00e1ch s\u1eed d\u1ee5ng:<\/strong><br \/>\n&#8211; S\u1eed d\u1ee5ng \u0111\u1ecbnh k\u1ef3: 1 l\u00edt\/ 1.200 \u2013 1.500 m<sup>3<\/sup> n\u01b0\u1edbc, \u0111\u1ecbnh k\u1ef3 5 \u2013 7 ng\u00e0y\/ l\u1ea7n.<br \/>\n&#8211; Tr\u01b0\u01a1\u0300ng h\u01a1\u0323p di\u1ec7t khu\u1ea9n khi x\u1ea3y ra d\u1ecbch b\u1ec7nh<strong>:<\/strong> 1 l\u00edt\/ 800 \u2013 1.000 m<sup>3<\/sup> n\u01b0\u1edbc.<\/p>\n<p><strong>Ch\u00fa \u00fd:<\/strong><br \/>\n&#8211; L\u1eafc \u0111\u1ec1u tr\u01b0\u1edbc khi d\u00f9ng.<br \/>\n&#8211; \u0110\u1ecdc k\u1ef9 h\u01b0\u1edbng d\u1eabn s\u1eed d\u1ee5ng tr\u01b0\u1edbc khi d\u00f9ng.<\/p>\n<p><strong>B\u1ea3o qu\u1ea3n:<\/strong><br \/>\n&#8211; N\u01a1i kh\u00f4 r\u00e1o, tho\u00e1ng m\u00e1t, tr\u00e1nh \u00e1nh n\u1eafng tr\u1ef1c ti\u1ebfp.<br \/>\n&#8211; Tr\u00e1nh xa t\u1ea7m tay tr\u1ebb em.<\/p>\n<h3 style=\"text-align: center;\"><span style=\"color: #0000ff;\">CH\u1ec8 D\u00d9NG TRONG NU\u00d4I TR\u1ed2NG TH\u1ee6Y S\u1ea2N<\/span><\/h3>\r\n<blockquote>\r\n<p style=\"text-align: center;\"><em>\u201cS\u1ea3n ph\u1ea9m kh\u00f4ng ch\u1ee9a c\u00e1c ch\u1ea5t c\u1ea5m s\u1eed d\u1ee5ng trong s\u1ea3n xu\u1ea5t, kinh doanh th\u1ee7y s\u1ea3n theo c\u00e1c quy \u0111\u1ecbnh hi\u1ec7n h\u00e0nh c\u1ee7a <strong>B\u1ed9 N\u00f4ng nghi\u1ec7p v\u00e0 Ph\u00e1t tri\u1ec3n n\u00f4ng th\u00f4n<\/strong>\u201d<\/em><\/p>\r\n<\/blockquote>\r\n<!-- Shortcode [sts2] does not match the conditions -->\r\n\r\n<!-- Shortcode [act] does not exist -->\n","protected":false},"excerpt":{"rendered":"<h3><span style=\"color: #0000ff;\">DI\u1ec6T KHU\u1ea8N, N\u1ea4M, NGUY\u00caN SINH \u0110\u1ed8NG V\u1eacT<\/span><\/h3>\n<p><strong>C\u00f4ng d\u1ee5ng:<\/strong><br \/>\n&#8211; Di\u1ec7t c\u00e1c lo\u1ea1i vi khu\u1ea9n, n\u1ea5m, nguy\u00ean sinh \u0111\u1ed9ng v\u1eadt trong n\u01b0\u1edbc ao nu\u00f4i.<br \/>\n&#8211; S\u00e1t tr\u00f9ng d\u1ee5ng c\u1ee5 d\u00f9ng trong nu\u00f4i tr\u1ed3ng th\u1ee7y s\u1ea3n.<\/p>\n[sc name=\"scontacts\" ]\n","protected":false},"featured_media":2361,"comment_status":"open","ping_status":"closed","template":"","meta":{"sfsi_plus_gutenberg_text_before_share":"","sfsi_plus_gutenberg_show_text_before_share":"","sfsi_plus_gutenberg_icon_type":"","sfsi_plus_gutenberg_icon_alignemt":"","sfsi_plus_gutenburg_max_per_row":""},"product_brand":[],"product_cat":[407,431,405,19],"product_tag":[475,511],"class_list":{"0":"post-2419","1":"product","2":"type-product","3":"status-publish","4":"has-post-thumbnail","6":"product_cat-xu-ly-cai-tao-moi-truong-tom","7":"product_cat-diet-khuan-tom","8":"product_cat-shrimp","9":"product_cat-aquaculture","10":"product_tag-diet-vi-khuan-nam-nguyen-sinh-dong-vat","11":"product_tag-sat-trung-dung-cu","13":"first","14":"instock","15":"shipping-taxable","16":"product-type-simple"},"_links":{"self":[{"href":"https:\/\/apanano.com\/vi\/wp-json\/wp\/v2\/product\/2419","targetHints":{"allow":["GET"]}}],"collection":[{"href":"https:\/\/apanano.com\/vi\/wp-json\/wp\/v2\/product"}],"about":[{"href":"https:\/\/apanano.com\/vi\/wp-json\/wp\/v2\/types\/product"}],"replies":[{"embeddable":true,"href":"https:\/\/apanano.com\/vi\/wp-json\/wp\/v2\/comments?post=2419"}],"wp:featuredmedia":[{"embeddable":true,"href":"https:\/\/apanano.com\/vi\/wp-json\/wp\/v2\/media\/2361"}],"wp:attachment":[{"href":"https:\/\/apanano.com\/vi\/wp-json\/wp\/v2\/media?parent=2419"}],"wp:term":[{"taxonomy":"product_brand","embeddable":true,"href":"https:\/\/apanano.com\/vi\/wp-json\/wp\/v2\/product_brand?post=2419"},{"taxonomy":"product_cat","embeddable":true,"href":"https:\/\/apanano.com\/vi\/wp-json\/wp\/v2\/product_cat?post=2419"},{"taxonomy":"product_tag","embeddable":true,"href":"https:\/\/apanano.com\/vi\/wp-json\/wp\/v2\/product_tag?post=2419"}],"curies":[{"name":"wp","href":"https:\/\/api.w.org\/{rel}","templated":true}]}}