{"id":2414,"date":"2018-06-11T16:02:15","date_gmt":"2018-06-11T09:02:15","guid":{"rendered":"http:\/\/apanano.com\/?post_type=product&#038;p=2414"},"modified":"2023-03-29T16:51:32","modified_gmt":"2023-03-29T09:51:32","slug":"apa-min-999-shrimp","status":"publish","type":"product","link":"https:\/\/apanano.com\/vi\/product\/apa-min-999-shrimp\/","title":{"rendered":"APA MIN 999"},"content":{"rendered":"<p><strong>Th\u00e0nh ph\u1ea7n:<\/strong><br \/>\nCaCO<sub>3<\/sub>, MgSO<sub>4<\/sub>, Ch\u1ea5t \u0111\u1ec7m v\u1eeba \u0111\u1ee7.<\/p>\n<p><strong>C\u00f4ng d\u1ee5ng:<\/strong><br \/>\n&#8211; <a href=\"https:\/\/apanano.com\/technical-support\/bo-san-pham-gay-mau-on-dinh-kh-ph-trong-ao-nuoi\/\" target=\"_blank\" rel=\"noopener\">T\u0103ng \u0111\u1ed9 ki\u1ec1m, \u1ed5n \u0111\u1ecbnh pH ao nu\u00f4i<\/a>.<br \/>\n&#8211; Cung c\u1ea5p kho\u00e1ng ch\u1ea5t gi\u00fap t\u00f4m c\u1ee9ng v\u1ecf, l\u1ed9t x\u00e1c \u0111\u1ed3ng \u0111\u1ec1u.<\/p>\n<p><strong>C\u00e1ch s\u1eed d\u1ee5ng:<\/strong><br \/>\n&#8211; S\u1eed d\u1ee5ng 1-2 kg\/ 2.000 m<sup>3<\/sup> n\u01b0\u1edbc. \u0110\u1ecbnh k\u1ef3 10 -15 ng\u00e0y\/ l\u1ea7n.<br \/>\n&#8211; S\u1eed d\u1ee5ng t\u1ed1t nh\u1ea5t v\u00e0o l\u00fac chi\u1ec1u m\u00e1t (2 \u2013 3 gi\u1edd chi\u1ec1u).<\/p>\n<p><strong>B\u1ea3o qu\u1ea3n:<\/strong><br \/>\n&#8211; N\u01a1i kh\u00f4 r\u00e1o, tho\u00e1ng m\u00e1t, tr\u00e1nh \u00e1nh n\u1eafng tr\u1ef1c ti\u1ebfp.<br \/>\n&#8211; Tr\u00e1nh xa t\u1ea7m tay tr\u1ebb em.<\/p>\n<h3 style=\"text-align: center;\"><span style=\"color: #0000ff;\">CH\u1ec8 D\u00d9NG TRONG NU\u00d4I TR\u1ed2NG TH\u1ee6Y S\u1ea2N<\/span><\/h3>\r\n<blockquote>\r\n<p style=\"text-align: center;\"><em>\u201cS\u1ea3n ph\u1ea9m kh\u00f4ng ch\u1ee9a c\u00e1c ch\u1ea5t c\u1ea5m s\u1eed d\u1ee5ng trong s\u1ea3n xu\u1ea5t, kinh doanh th\u1ee7y s\u1ea3n theo c\u00e1c quy \u0111\u1ecbnh hi\u1ec7n h\u00e0nh c\u1ee7a <strong>B\u1ed9 N\u00f4ng nghi\u1ec7p v\u00e0 Ph\u00e1t tri\u1ec3n n\u00f4ng th\u00f4n<\/strong>\u201d<\/em><\/p>\r\n<\/blockquote>\r\n<!-- Shortcode [sts2] does not match the conditions -->\r\n\r\n<!-- Shortcode [act] does not exist -->\n","protected":false},"excerpt":{"rendered":"<h3><span style=\"color: #0000ff;\">KHO\u00c1NG CH\u1ea4T GI\u00daP T\u00d4M C\u1ee8NG V\u1ece V\u00c0 L\u1ed8T X\u00c1C \u0110\u1ec0U<\/span><\/h3>\n<p><strong>C\u00f4ng d\u1ee5ng:<\/strong><br \/>\n&#8211; T\u0103ng \u0111\u1ed9 ki\u1ec1m, \u1ed5n \u0111\u1ecbnh pH ao nu\u00f4i.<br \/>\n&#8211; Cung c\u1ea5p kho\u00e1ng ch\u1ea5t gi\u00fap t\u00f4m c\u1ee9ng v\u1ecf, l\u1ed9t x\u00e1c \u0111\u1ed3ng \u0111\u1ec1u.<\/p>\n[sc name=\"scontactf\" ]\n","protected":false},"featured_media":2368,"comment_status":"open","ping_status":"closed","template":"","meta":{"sfsi_plus_gutenberg_text_before_share":"","sfsi_plus_gutenberg_show_text_before_share":"","sfsi_plus_gutenberg_icon_type":"","sfsi_plus_gutenberg_icon_alignemt":"","sfsi_plus_gutenburg_max_per_row":""},"product_brand":[],"product_cat":[407,436,405,19],"product_tag":[478,512],"class_list":{"0":"post-2414","1":"product","2":"type-product","3":"status-publish","4":"has-post-thumbnail","6":"product_cat-xu-ly-cai-tao-moi-truong-tom","7":"product_cat-bo-sung-khoang-vitamin-tang-do-kiem-gay-mau-nuoc-bo-sung-oxy-tom","8":"product_cat-shrimp","9":"product_cat-aquaculture","10":"product_tag-bo-sung-khoang-chat","11":"product_tag-giup-tom-cung-vo-va-lot-xac-deu","13":"first","14":"instock","15":"shipping-taxable","16":"product-type-simple"},"_links":{"self":[{"href":"https:\/\/apanano.com\/vi\/wp-json\/wp\/v2\/product\/2414","targetHints":{"allow":["GET"]}}],"collection":[{"href":"https:\/\/apanano.com\/vi\/wp-json\/wp\/v2\/product"}],"about":[{"href":"https:\/\/apanano.com\/vi\/wp-json\/wp\/v2\/types\/product"}],"replies":[{"embeddable":true,"href":"https:\/\/apanano.com\/vi\/wp-json\/wp\/v2\/comments?post=2414"}],"wp:featuredmedia":[{"embeddable":true,"href":"https:\/\/apanano.com\/vi\/wp-json\/wp\/v2\/media\/2368"}],"wp:attachment":[{"href":"https:\/\/apanano.com\/vi\/wp-json\/wp\/v2\/media?parent=2414"}],"wp:term":[{"taxonomy":"product_brand","embeddable":true,"href":"https:\/\/apanano.com\/vi\/wp-json\/wp\/v2\/product_brand?post=2414"},{"taxonomy":"product_cat","embeddable":true,"href":"https:\/\/apanano.com\/vi\/wp-json\/wp\/v2\/product_cat?post=2414"},{"taxonomy":"product_tag","embeddable":true,"href":"https:\/\/apanano.com\/vi\/wp-json\/wp\/v2\/product_tag?post=2414"}],"curies":[{"name":"wp","href":"https:\/\/api.w.org\/{rel}","templated":true}]}}