{"id":2413,"date":"2018-06-11T15:59:23","date_gmt":"2018-06-11T08:59:23","guid":{"rendered":"http:\/\/apanano.com\/?post_type=product&#038;p=2413"},"modified":"2023-03-29T16:51:36","modified_gmt":"2023-03-29T09:51:36","slug":"apa-n-900-shrimp","status":"publish","type":"product","link":"https:\/\/apanano.com\/vi\/product\/apa-n-900-shrimp\/","title":{"rendered":"APA N 900"},"content":{"rendered":"<p><strong>Th\u00e0nh ph\u1ea7n:<\/strong><br \/>\nBenzalkonium chloride, Dung m\u00f4i v\u1eeba \u0111\u1ee7.<\/p>\n<p><strong>C\u00f4ng d\u1ee5ng:<\/strong><br \/>\n&#8211; Di\u1ec7t c\u00e1c vi khu\u1ea9n, n\u1ea5m, nguy\u00ean sinh \u0111\u1ed9ng v\u1eadt trong ao nu\u00f4i.<br \/>\n&#8211; S\u00e1t tr\u00f9ng d\u1ee5ng c\u1ee5 trong nu\u00f4i tr\u1ed3ng th\u1ee7y s\u1ea3n.<\/p>\n<p><strong>C\u00e1ch s\u1eed d\u1ee5ng:<\/strong><br \/>\n&#8211; X\u01b0\u0309 ly\u0301 \u0111i\u0323nh ky\u0300: S\u01b0\u0309 du\u0323ng 1 l\u00edt\/ 2.000 \u2013 3.000 m<sup>3<\/sup> n\u01b0\u01a1\u0301c. \u0110i\u0323nh ky\u0300 s\u01b0\u0309 du\u0323ng 5 \u2013 7 nga\u0300y\/ l\u00e2\u0300n.<br \/>\n&#8211; Di\u00ea\u0323t khu\u00e2\u0309n nhanh, x\u1eed l\u00fd khi c\u00f3 d\u1ecbch b\u1ec7nh: S\u01b0\u0309 du\u0323ng 1 l\u00edt\/ 1.500 \u2013 2.000 m<sup>3 <\/sup>n\u01b0\u01a1\u0301c.<\/p>\n<p><strong>Ch\u00fa \u00fd:<\/strong><br \/>\n&#8211; L\u1eafc \u0111\u1ec1u tr\u01b0\u1edbc khi s\u1eed d\u1ee5ng.<br \/>\n&#8211; \u0110\u1ecdc k\u1ef9 h\u01b0\u1edbng d\u1eabn s\u1eed d\u1ee5ng tr\u01b0\u1edbc khi d\u00f9ng.<\/p>\n<p><strong>B\u1ea3o qu\u1ea3n:<\/strong><br \/>\n&#8211; N\u01a1i kh\u00f4 r\u00e1o, tho\u00e1ng m\u00e1t, tr\u00e1nh \u00e1nh s\u00e1ng tr\u1ef1c ti\u1ebfp.<br \/>\n&#8211; Tr\u00e1nh xa t\u1ea7m tay tr\u1ebb em.<\/p>\n<h3 style=\"text-align: center;\"><span style=\"color: #0000ff;\">CH\u1ec8 D\u00d9NG TRONG NU\u00d4I TR\u1ed2NG TH\u1ee6Y S\u1ea2N<\/span><\/h3>\r\n<blockquote>\r\n<p style=\"text-align: center;\"><em>\u201cS\u1ea3n ph\u1ea9m kh\u00f4ng ch\u1ee9a c\u00e1c ch\u1ea5t c\u1ea5m s\u1eed d\u1ee5ng trong s\u1ea3n xu\u1ea5t, kinh doanh th\u1ee7y s\u1ea3n theo c\u00e1c quy \u0111\u1ecbnh hi\u1ec7n h\u00e0nh c\u1ee7a <strong>B\u1ed9 N\u00f4ng nghi\u1ec7p v\u00e0 Ph\u00e1t tri\u1ec3n n\u00f4ng th\u00f4n<\/strong>\u201d<\/em><\/p>\r\n<\/blockquote>\r\n<!-- Shortcode [sts2] does not match the conditions -->\r\n\r\n<!-- Shortcode [act] does not exist -->\n","protected":false},"excerpt":{"rendered":"<h3><span style=\"color: #0000ff;\">DI\u1ec6T NHANH VI KHU\u1ea8N, N\u1ea4M V\u00c0 NGUY\u00caN SINH \u0110\u1ed8NG V\u1eacT<\/span><\/h3>\n<p><strong>C\u00f4ng d\u1ee5ng:<\/strong><br \/>\n&#8211; Di\u1ec7t c\u00e1c vi khu\u1ea9n, n\u1ea5m, nguy\u00ean sinh \u0111\u1ed9ng v\u1eadt trong ao nu\u00f4i.<br \/>\n&#8211; S\u00e1t tr\u00f9ng d\u1ee5ng c\u1ee5 trong nu\u00f4i tr\u1ed3ng th\u1ee7y s\u1ea3n.<\/p>\n[sc name=\"scontacts\"]\n","protected":false},"featured_media":2370,"comment_status":"open","ping_status":"closed","template":"","meta":{"sfsi_plus_gutenberg_text_before_share":"","sfsi_plus_gutenberg_show_text_before_share":"","sfsi_plus_gutenberg_icon_type":"","sfsi_plus_gutenberg_icon_alignemt":"","sfsi_plus_gutenburg_max_per_row":""},"product_brand":[],"product_cat":[407,431,405,19],"product_tag":[510,475,511],"class_list":{"0":"post-2413","1":"product","2":"type-product","3":"status-publish","4":"has-post-thumbnail","6":"product_cat-xu-ly-cai-tao-moi-truong-tom","7":"product_cat-diet-khuan-tom","8":"product_cat-shrimp","9":"product_cat-aquaculture","10":"product_tag-diet-khuan-ao-nuoi","11":"product_tag-diet-vi-khuan-nam-nguyen-sinh-dong-vat","12":"product_tag-sat-trung-dung-cu","14":"first","15":"instock","16":"shipping-taxable","17":"product-type-simple"},"_links":{"self":[{"href":"https:\/\/apanano.com\/vi\/wp-json\/wp\/v2\/product\/2413","targetHints":{"allow":["GET"]}}],"collection":[{"href":"https:\/\/apanano.com\/vi\/wp-json\/wp\/v2\/product"}],"about":[{"href":"https:\/\/apanano.com\/vi\/wp-json\/wp\/v2\/types\/product"}],"replies":[{"embeddable":true,"href":"https:\/\/apanano.com\/vi\/wp-json\/wp\/v2\/comments?post=2413"}],"wp:featuredmedia":[{"embeddable":true,"href":"https:\/\/apanano.com\/vi\/wp-json\/wp\/v2\/media\/2370"}],"wp:attachment":[{"href":"https:\/\/apanano.com\/vi\/wp-json\/wp\/v2\/media?parent=2413"}],"wp:term":[{"taxonomy":"product_brand","embeddable":true,"href":"https:\/\/apanano.com\/vi\/wp-json\/wp\/v2\/product_brand?post=2413"},{"taxonomy":"product_cat","embeddable":true,"href":"https:\/\/apanano.com\/vi\/wp-json\/wp\/v2\/product_cat?post=2413"},{"taxonomy":"product_tag","embeddable":true,"href":"https:\/\/apanano.com\/vi\/wp-json\/wp\/v2\/product_tag?post=2413"}],"curies":[{"name":"wp","href":"https:\/\/api.w.org\/{rel}","templated":true}]}}