{"id":2412,"date":"2018-06-11T15:40:52","date_gmt":"2018-06-11T08:40:52","guid":{"rendered":"http:\/\/apanano.com\/?post_type=product&#038;p=2412"},"modified":"2023-03-29T16:51:46","modified_gmt":"2023-03-29T09:51:46","slug":"apa-no2-bzt-shrimp","status":"publish","type":"product","link":"https:\/\/apanano.com\/vi\/product\/apa-no2-bzt-shrimp\/","title":{"rendered":"APA NO2 BZT"},"content":{"rendered":"<p><strong>Th\u00e0nh ph\u1ea7n:<\/strong><br \/>\nBacillus licheniformis (min), Nitrosomonas sp (min), Nitrobacter sp (min), Ch\u1ea5t \u0111\u1ec7m v\u1eeba \u0111\u1ee7.<\/p>\n<p><strong>C\u00f4ng d\u1ee5ng:<\/strong><br \/>\n&#8211; Ph\u00e2n h\u1ee7y m\u00f9n b\u00e3 h\u1eefu c\u01a1, th\u1ee9c \u0103n th\u1eeba, ch\u1ea5t th\u1ea3i t\u00f4m c\u00e1 trong ao nu\u00f4i.<br \/>\n&#8211; C\u1ea3i thi\u1ec7n ch\u1ea5t l\u01b0\u1ee3ng n\u01b0\u1edbc, gi\u1ea3m c\u00e1c kh\u00ed \u0111\u1ed9c NH<sub>3<\/sub>, H<sub>2<\/sub>S, NO<sub>2<\/sub><\/p>\n<p><strong>C\u00e1ch s\u1eed d\u1ee5ng:<\/strong><br \/>\n&#8211; D\u00f9ng 227 g\/ 3.000 \u2013 5.000 m<sup>3<\/sup> n\u01b0\u1edbc.<br \/>\n&#8211; T\u00f9y v\u00e0o m\u1ee9c \u0111\u1ed9 \u00f4 nhi\u1ec5m m\u00e0 thay \u0111\u1ed5i li\u1ec1u ph\u00f9 h\u1ee3p.<br \/>\n&#8211; H\u00f2a s\u1ea3n ph\u1ea9m v\u1edbi n\u01b0\u1edbc r\u1ed3i t\u1ea1t \u0111\u1ec1u xu\u1ed1ng ao, \u0111\u1ed3ng th\u1eddi m\u1edf m\u1ea1nh m\u00e1y qu\u1ea1t n\u01b0\u1edbc.<\/p>\n<p><strong>B\u1ea3o qu\u1ea3n:<\/strong><br \/>\n&#8211; N\u01a1i kh\u00f4 r\u00e1o, tho\u00e1ng m\u00e1t, tr\u00e1nh \u00e1nh n\u1eafng tr\u1ef1c ti\u1ebfp.<br \/>\n&#8211; Tr\u00e1nh xa t\u1ea7m tay tr\u1ebb em.<\/p>\n<h3 style=\"text-align: center;\"><span style=\"color: #0000ff;\">CH\u1ec8 D\u00d9NG TRONG NU\u00d4I TR\u1ed2NG TH\u1ee6Y S\u1ea2N<\/span><\/h3>\r\n<blockquote>\r\n<p style=\"text-align: center;\"><em>\u201cS\u1ea3n ph\u1ea9m kh\u00f4ng ch\u1ee9a c\u00e1c ch\u1ea5t c\u1ea5m s\u1eed d\u1ee5ng trong s\u1ea3n xu\u1ea5t, kinh doanh th\u1ee7y s\u1ea3n theo c\u00e1c quy \u0111\u1ecbnh hi\u1ec7n h\u00e0nh c\u1ee7a <strong>B\u1ed9 N\u00f4ng nghi\u1ec7p v\u00e0 Ph\u00e1t tri\u1ec3n n\u00f4ng th\u00f4n<\/strong>\u201d<\/em><\/p>\r\n<\/blockquote>\r\n<!-- Shortcode [sts2] does not match the conditions -->\r\n\r\n<!-- Shortcode [act] does not exist -->\n","protected":false},"excerpt":{"rendered":"<h3><span style=\"color: #0000ff;\">PH\u00c2N H\u1ee6Y CH\u1ea4T TH\u1ea2I V\u00c0 C\u1ea2I THI\u1ec6N M\u00d4I TR\u01af\u1edcNG AO NU\u00d4I<\/span><\/h3>\n<p><strong>C\u00f4ng d\u1ee5ng:<\/strong><br \/>\n&#8211; Ph\u00e2n h\u1ee7y m\u00f9n b\u00e3 h\u1eefu c\u01a1, th\u1ee9c \u0103n th\u1eeba, ch\u1ea5t th\u1ea3i t\u00f4m c\u00e1 trong ao nu\u00f4i.<br \/>\n&#8211; C\u1ea3i thi\u1ec7n ch\u1ea5t l\u01b0\u1ee3ng n\u01b0\u1edbc, gi\u1ea3m c\u00e1c kh\u00ed \u0111\u1ed9c NH<sub>3<\/sub>, H<sub>2<\/sub>S, NO<sub>2<\/sub><\/p>\n[sc name=\"scontacts\"]\n","protected":false},"featured_media":2371,"comment_status":"open","ping_status":"closed","template":"","meta":{"sfsi_plus_gutenberg_text_before_share":"","sfsi_plus_gutenberg_show_text_before_share":"","sfsi_plus_gutenberg_icon_type":"","sfsi_plus_gutenberg_icon_alignemt":"","sfsi_plus_gutenburg_max_per_row":""},"product_brand":[],"product_cat":[407,405,435,19],"product_tag":[507,481],"class_list":{"0":"post-2412","1":"product","2":"type-product","3":"status-publish","4":"has-post-thumbnail","6":"product_cat-xu-ly-cai-tao-moi-truong-tom","7":"product_cat-shrimp","8":"product_cat-vi-sinh-xu-ly-day-nuoc-tom","9":"product_cat-aquaculture","10":"product_tag-cai-thien-chat-luong-nuoc","11":"product_tag-phan-huy-mun-ba-huu-co","13":"first","14":"instock","15":"shipping-taxable","16":"product-type-simple"},"_links":{"self":[{"href":"https:\/\/apanano.com\/vi\/wp-json\/wp\/v2\/product\/2412","targetHints":{"allow":["GET"]}}],"collection":[{"href":"https:\/\/apanano.com\/vi\/wp-json\/wp\/v2\/product"}],"about":[{"href":"https:\/\/apanano.com\/vi\/wp-json\/wp\/v2\/types\/product"}],"replies":[{"embeddable":true,"href":"https:\/\/apanano.com\/vi\/wp-json\/wp\/v2\/comments?post=2412"}],"wp:featuredmedia":[{"embeddable":true,"href":"https:\/\/apanano.com\/vi\/wp-json\/wp\/v2\/media\/2371"}],"wp:attachment":[{"href":"https:\/\/apanano.com\/vi\/wp-json\/wp\/v2\/media?parent=2412"}],"wp:term":[{"taxonomy":"product_brand","embeddable":true,"href":"https:\/\/apanano.com\/vi\/wp-json\/wp\/v2\/product_brand?post=2412"},{"taxonomy":"product_cat","embeddable":true,"href":"https:\/\/apanano.com\/vi\/wp-json\/wp\/v2\/product_cat?post=2412"},{"taxonomy":"product_tag","embeddable":true,"href":"https:\/\/apanano.com\/vi\/wp-json\/wp\/v2\/product_tag?post=2412"}],"curies":[{"name":"wp","href":"https:\/\/api.w.org\/{rel}","templated":true}]}}