{"id":2409,"date":"2018-06-11T15:23:57","date_gmt":"2018-06-11T08:23:57","guid":{"rendered":"http:\/\/apanano.com\/?post_type=product&#038;p=2409"},"modified":"2023-03-29T16:53:09","modified_gmt":"2023-03-29T09:53:09","slug":"apa-sil-calci-shrimp","status":"publish","type":"product","link":"https:\/\/apanano.com\/vi\/product\/apa-sil-calci-shrimp\/","title":{"rendered":"APA SIL CALCI"},"content":{"rendered":"<p><strong>Th\u00e0nh ph\u1ea7n<\/strong>:<br \/>\nDicalcium phosphate, FeSO<sub>4<\/sub>, Vitamin A, CuSO<sub>4<\/sub>, Vitamin D<sub>3<\/sub>, ZnSO<sub>4<\/sub>, Vitamin E, MnSO4, Ch\u1ea5t \u0111\u1ec7m v\u1eeba \u0111\u1ee7.<\/p>\n<p><strong>C\u00f4ng d\u1ee5ng: <\/strong><br \/>\n<a href=\"https:\/\/apanano.com\/technical-support\/bo-san-pham-gay-mau-on-dinh-kh-ph-trong-ao-nuoi\/\" target=\"_blank\" rel=\"noopener\">Th\u00fac \u0111\u1ea9y t\u00f4m l\u1ed9t x\u00e1c<\/a>, ph\u00f2ng tr\u1ecb c\u00e1c b\u1ec7nh do thi\u1ebfu vitamin, kho\u00e1ng \u1edf t\u00f4m c\u00e1.<\/p>\n<p><strong>C\u00e1ch s\u1eed d\u1ee5ng: <\/strong><br \/>\n&#8211; Ph\u00f2ng b\u1ec7nh\u00a0: S\u1eed d\u1ee5ng 1 kg\/ 2.000 \u2013 4.000 m<sup>3<\/sup> n\u01b0\u1edbc. \u0110\u1ecbnh k\u1ef3 10 \u2013 15 ng\u00e0y\/ l\u1ea7n.<br \/>\n&#8211; Tr\u1ecb b\u1ec7nh\u00a0: S\u1eed d\u1ee5ng 1 kg\/ 1.000 \u2013 3.000 m<sup>3<\/sup> n\u01b0\u1edbc.<br \/>\n&#8211; S\u1eed d\u1ee5ng t\u1ed1t nh\u1ea5t v\u00e0o l\u00fac chi\u1ec1u m\u00e1t.<\/p>\n<p><strong>B\u1ea3o qu\u1ea3n:<\/strong><br \/>\n&#8211; N\u01a1i kh\u00f4 r\u00e1o, tho\u00e1ng m\u00e1t, tr\u00e1nh \u00e1nh n\u1eafng tr\u1ef1c ti\u1ebfp.<br \/>\n&#8211; Tr\u00e1nh xa t\u1ea7m tay tr\u1ebb em.<\/p>\n<h3 style=\"text-align: center;\"><span style=\"color: #0000ff;\">CH\u1ec8 D\u00d9NG TRONG NU\u00d4I TR\u1ed2NG TH\u1ee6Y S\u1ea2N<\/span><\/h3>\r\n<blockquote>\r\n<p style=\"text-align: center;\"><em>\u201cS\u1ea3n ph\u1ea9m kh\u00f4ng ch\u1ee9a c\u00e1c ch\u1ea5t c\u1ea5m s\u1eed d\u1ee5ng trong s\u1ea3n xu\u1ea5t, kinh doanh th\u1ee7y s\u1ea3n theo c\u00e1c quy \u0111\u1ecbnh hi\u1ec7n h\u00e0nh c\u1ee7a <strong>B\u1ed9 N\u00f4ng nghi\u1ec7p v\u00e0 Ph\u00e1t tri\u1ec3n n\u00f4ng th\u00f4n<\/strong>\u201d<\/em><\/p>\r\n<\/blockquote>\r\n<!-- Shortcode [sts2] does not match the conditions -->\r\n\r\n<!-- Shortcode [act] does not exist -->\n","protected":false},"excerpt":{"rendered":"<h3><span style=\"color: #0000ff;\">CUNG C\u1ea4P KHO\u00c1NG V\u00c0 VITAMIN<\/span><\/h3>\n<p><strong>C\u00f4ng d\u1ee5ng: <\/strong><br \/>\nTh\u00fac \u0111\u1ea9y t\u00f4m l\u1ed9t x\u00e1c, ph\u00f2ng tr\u1ecb c\u00e1c b\u1ec7nh do thi\u1ebfu vitamin, kho\u00e1ng \u1edf t\u00f4m c\u00e1.<\/p>\n[sc name=\"scontacts\" ]\n","protected":false},"featured_media":2374,"comment_status":"open","ping_status":"closed","template":"","meta":{"sfsi_plus_gutenberg_text_before_share":"","sfsi_plus_gutenberg_show_text_before_share":"","sfsi_plus_gutenberg_icon_type":"","sfsi_plus_gutenberg_icon_alignemt":"","sfsi_plus_gutenburg_max_per_row":""},"product_brand":[],"product_cat":[407,436,405,19],"product_tag":[497],"class_list":{"0":"post-2409","1":"product","2":"type-product","3":"status-publish","4":"has-post-thumbnail","6":"product_cat-xu-ly-cai-tao-moi-truong-tom","7":"product_cat-bo-sung-khoang-vitamin-tang-do-kiem-gay-mau-nuoc-bo-sung-oxy-tom","8":"product_cat-shrimp","9":"product_cat-aquaculture","10":"product_tag-bo-sung-vitamin-va-khoang-chat","12":"first","13":"instock","14":"shipping-taxable","15":"product-type-simple"},"_links":{"self":[{"href":"https:\/\/apanano.com\/vi\/wp-json\/wp\/v2\/product\/2409","targetHints":{"allow":["GET"]}}],"collection":[{"href":"https:\/\/apanano.com\/vi\/wp-json\/wp\/v2\/product"}],"about":[{"href":"https:\/\/apanano.com\/vi\/wp-json\/wp\/v2\/types\/product"}],"replies":[{"embeddable":true,"href":"https:\/\/apanano.com\/vi\/wp-json\/wp\/v2\/comments?post=2409"}],"wp:featuredmedia":[{"embeddable":true,"href":"https:\/\/apanano.com\/vi\/wp-json\/wp\/v2\/media\/2374"}],"wp:attachment":[{"href":"https:\/\/apanano.com\/vi\/wp-json\/wp\/v2\/media?parent=2409"}],"wp:term":[{"taxonomy":"product_brand","embeddable":true,"href":"https:\/\/apanano.com\/vi\/wp-json\/wp\/v2\/product_brand?post=2409"},{"taxonomy":"product_cat","embeddable":true,"href":"https:\/\/apanano.com\/vi\/wp-json\/wp\/v2\/product_cat?post=2409"},{"taxonomy":"product_tag","embeddable":true,"href":"https:\/\/apanano.com\/vi\/wp-json\/wp\/v2\/product_tag?post=2409"}],"curies":[{"name":"wp","href":"https:\/\/api.w.org\/{rel}","templated":true}]}}