{"id":2407,"date":"2018-06-11T14:14:03","date_gmt":"2018-06-11T07:14:03","guid":{"rendered":"http:\/\/apanano.com\/?post_type=product&#038;p=2407"},"modified":"2023-03-29T16:53:14","modified_gmt":"2023-03-29T09:53:14","slug":"apa-win-shrimp","status":"publish","type":"product","link":"https:\/\/apanano.com\/vi\/product\/apa-win-shrimp\/","title":{"rendered":"APA WIN"},"content":{"rendered":"<p><strong>Th\u00e0nh ph\u1ea7n:<\/strong><br \/>\nBacillus subtilis (min), Lactobacillus acidophilus (min), Cellulase (min), Ch\u1ea5t \u0111\u1ec7m v\u1eeba \u0111\u1ee7.<\/p>\n<p><strong>C\u00f4ng d\u1ee5ng:<\/strong><br \/>\n&#8211; Cung c\u1ea5p vi sinh v\u1eadt v\u00e0 enzyme c\u00f3 l\u1ee3i gi\u00fap ph\u00e2n h\u1ee7y m\u00f9n b\u00e3 h\u1eefu c\u01a1, t\u1ea1o m\u00f4i tr\u01b0\u1eddng s\u1ed1ng s\u1ea1ch v\u00e0 \u1ed5n \u0111\u1ecbnh cho t\u00f4m c\u00e1 ph\u00e1t tri\u1ec3n.<br \/>\n&#8211; L\u00e0m s\u1ea1ch \u0111\u00e1y ao, gi\u1ea3m kh\u00ed \u0111\u1ed9c NH<sub>3<\/sub>, H<sub>2<\/sub>S, c\u00e2n b\u1eb1ng h\u1ec7 sinh th\u00e1i trong ao.<\/p>\n<p><strong>C\u00e1ch s\u1eed d\u1ee5ng:<\/strong><br \/>\n&#8211; S\u1eed d\u1ee5ng \u0111\u1ecbnh k\u1ef3: 500 g\/ 6.000 &#8211; 8.000 m<sup>3<\/sup> n\u01b0\u1edbc. \u0110\u1ecbnh k\u1ef3 5 &#8211; 7 ng\u00e0y\/ l\u1ea7n, trong su\u1ed1t qu\u00e1 tr\u00ecnh nu\u00f4i.<br \/>\n&#8211; Tr\u01b0\u1eddng h\u1ee3p ao b\u1ecb \u00f4 nhi\u1ec5m n\u1eb7ng: 500 g\/ 3.000 &#8211; 5.000 m<sup>3<\/sup> n\u01b0\u1edbc.<br \/>\n&#8211; T\u00f9y v\u00e0o m\u00f4i tr\u01b0\u1eddng ao nu\u00f4i, s\u1eed d\u1ee5ng li\u1ec1u cho ph\u00f9 h\u1ee3p.<\/p>\n<p><strong>B\u1ea3o qu\u1ea3n:<\/strong><br \/>\n&#8211; N\u01a1i kh\u00f4 r\u00e1o, tho\u00e1ng m\u00e1t, tr\u00e1nh \u00e1nh s\u00e1ng tr\u1ef1c ti\u1ebfp.<br \/>\n&#8211; Tr\u00e1nh xa t\u1ea7m tay tr\u1ebb em.<\/p>\n<h3 style=\"text-align: center;\"><span style=\"color: #0000ff;\">CH\u1ec8 D\u00d9NG TRONG NU\u00d4I TR\u1ed2NG TH\u1ee6Y S\u1ea2N<\/span><\/h3>\r\n<blockquote>\r\n<p style=\"text-align: center;\"><em>\u201cS\u1ea3n ph\u1ea9m kh\u00f4ng ch\u1ee9a c\u00e1c ch\u1ea5t c\u1ea5m s\u1eed d\u1ee5ng trong s\u1ea3n xu\u1ea5t, kinh doanh th\u1ee7y s\u1ea3n theo c\u00e1c quy \u0111\u1ecbnh hi\u1ec7n h\u00e0nh c\u1ee7a <strong>B\u1ed9 N\u00f4ng nghi\u1ec7p v\u00e0 Ph\u00e1t tri\u1ec3n n\u00f4ng th\u00f4n<\/strong>\u201d<\/em><\/p>\r\n<\/blockquote>\r\n<!-- Shortcode [sts2] does not match the conditions -->\r\n\r\n<!-- Shortcode [act] does not exist -->\n","protected":false},"excerpt":{"rendered":"<h3><span style=\"color: #0000ff;\">L\u00c0M GI\u1ea2M KH\u00cd \u0110\u1ed8C, PH\u00c2N H\u1ee6Y M\u00d9N B\u00c3 H\u1eeeU C\u01a0<\/span><\/h3>\n<p><strong>C\u00f4ng d\u1ee5ng:<\/strong><br \/>\n&#8211; Cung c\u1ea5p vi sinh v\u1eadt v\u00e0 enzyme c\u00f3 l\u1ee3i gi\u00fap ph\u00e2n h\u1ee7y m\u00f9n b\u00e3 h\u1eefu c\u01a1, t\u1ea1o m\u00f4i tr\u01b0\u1eddng s\u1ed1ng s\u1ea1ch v\u00e0 \u1ed5n \u0111\u1ecbnh cho t\u00f4m c\u00e1 ph\u00e1t tri\u1ec3n.<br \/>\n&#8211; L\u00e0m s\u1ea1ch \u0111\u00e1y ao, gi\u1ea3m kh\u00ed \u0111\u1ed9c NH<sub>3<\/sub>, H<sub>2<\/sub>S, c\u00e2n b\u1eb1ng h\u1ec7 sinh th\u00e1i trong ao.<\/p>\n[sc name=\"scontacts\" ]\n","protected":false},"featured_media":2376,"comment_status":"open","ping_status":"closed","template":"","meta":{"sfsi_plus_gutenberg_text_before_share":"","sfsi_plus_gutenberg_show_text_before_share":"","sfsi_plus_gutenberg_icon_type":"","sfsi_plus_gutenberg_icon_alignemt":"","sfsi_plus_gutenburg_max_per_row":""},"product_brand":[],"product_cat":[407,405,435,19],"product_tag":[514,513,481],"class_list":{"0":"post-2407","1":"product","2":"type-product","3":"status-publish","4":"has-post-thumbnail","6":"product_cat-xu-ly-cai-tao-moi-truong-tom","7":"product_cat-shrimp","8":"product_cat-vi-sinh-xu-ly-day-nuoc-tom","9":"product_cat-aquaculture","10":"product_tag-lam-giam-khi-doc-ao-nuoi","11":"product_tag-lam-sach-day-ao","12":"product_tag-phan-huy-mun-ba-huu-co","14":"first","15":"instock","16":"shipping-taxable","17":"product-type-simple"},"_links":{"self":[{"href":"https:\/\/apanano.com\/vi\/wp-json\/wp\/v2\/product\/2407","targetHints":{"allow":["GET"]}}],"collection":[{"href":"https:\/\/apanano.com\/vi\/wp-json\/wp\/v2\/product"}],"about":[{"href":"https:\/\/apanano.com\/vi\/wp-json\/wp\/v2\/types\/product"}],"replies":[{"embeddable":true,"href":"https:\/\/apanano.com\/vi\/wp-json\/wp\/v2\/comments?post=2407"}],"wp:featuredmedia":[{"embeddable":true,"href":"https:\/\/apanano.com\/vi\/wp-json\/wp\/v2\/media\/2376"}],"wp:attachment":[{"href":"https:\/\/apanano.com\/vi\/wp-json\/wp\/v2\/media?parent=2407"}],"wp:term":[{"taxonomy":"product_brand","embeddable":true,"href":"https:\/\/apanano.com\/vi\/wp-json\/wp\/v2\/product_brand?post=2407"},{"taxonomy":"product_cat","embeddable":true,"href":"https:\/\/apanano.com\/vi\/wp-json\/wp\/v2\/product_cat?post=2407"},{"taxonomy":"product_tag","embeddable":true,"href":"https:\/\/apanano.com\/vi\/wp-json\/wp\/v2\/product_tag?post=2407"}],"curies":[{"name":"wp","href":"https:\/\/api.w.org\/{rel}","templated":true}]}}