{"id":2406,"date":"2018-06-11T14:06:25","date_gmt":"2018-06-11T07:06:25","guid":{"rendered":"http:\/\/apanano.com\/?post_type=product&#038;p=2406"},"modified":"2023-03-29T16:53:22","modified_gmt":"2023-03-29T09:53:22","slug":"apa-yucca-vip-1-shrimp","status":"publish","type":"product","link":"https:\/\/apanano.com\/vi\/product\/apa-yucca-vip-1-shrimp\/","title":{"rendered":"APA YUCCA VIP 1"},"content":{"rendered":"<p><strong>Th\u00e0nh ph\u1ea7n:<\/strong><br \/>\nB\u1ed9t d\u1ecbch chi\u1ebft Yucca schidigera (saponin 5%), Dung m\u00f4i v\u1eeba \u0111\u1ee7.<\/p>\n<p><strong>C\u00f4ng d\u1ee5ng:<\/strong><br \/>\nH\u1ea5p th\u1ee5 v\u00e0 ng\u0103n ch\u1eb7n kh\u00ed \u0111\u1ed9c NH3 trong ao nu\u00f4i.<\/p>\n<p><strong>C\u00e1ch s\u1eed d\u1ee5ng:<\/strong><br \/>\n&#8211; D\u00f9ng trong qu\u00e1 tr\u00ecnh nu\u00f4i: 1 l\u00edt\/ 8.000 \u2013 10.000 m3 n\u01b0\u1edbc, t\u1ea1t \u0111\u1ec1u xu\u1ed1ng ao v\u00e0o th\u1eddi \u0111i\u1ec3m n\u1eafng n\u00f3ng, \u0111\u1ed3ng th\u1eddi m\u1edf m\u1ea1nh m\u00e1y qu\u1ea1t n\u01b0\u1edbc; \u0110\u1ecbnh k\u1ef3 5 \u2013 7 ng\u00e0y\/ l\u1ea7n.<br \/>\n&#8211; Trong tr\u01b0\u1eddng h\u1ee3p x\u1eed l\u00fd: 1 l\u00edt\/ 6.000 \u2013 7.000 m3 n\u01b0\u1edbc.<br \/>\n&#8211; Kh\u00f4ng s\u1eed d\u1ee5ng \u0111\u1ed3ng th\u1eddi Yucca v\u1edbi c\u00e1c lo\u1ea1i h\u00f3a ch\u1ea5t kh\u1eed tr\u00f9ng.<\/p>\n<p><strong>Ch\u00fa \u00fd:<\/strong><br \/>\n&#8211; L\u1eafc \u0111\u1ec1u tr\u01b0\u1edbc khi d\u00f9ng.<br \/>\n&#8211; \u0110\u1ecdc k\u1ef9 h\u01b0\u1edbng d\u1eabn s\u1eed d\u1ee5ng tr\u01b0\u1edbc khi d\u00f9ng.<\/p>\n<p><strong>B\u1ea3o qu\u1ea3n:<\/strong><br \/>\n&#8211; N\u01a1i kh\u00f4 r\u00e1o, tho\u00e1ng m\u00e1t, tr\u00e1nh \u00e1nh s\u00e1ng tr\u1ef1c ti\u1ebfp.<br \/>\n&#8211; Tr\u00e1nh xa t\u1ea7m tay tr\u1ebb em.<\/p>\n<h3 style=\"text-align: center;\"><span style=\"color: #0000ff;\">CH\u1ec8 D\u00d9NG TRONG NU\u00d4I TR\u1ed2NG TH\u1ee6Y S\u1ea2N<\/span><\/h3>\r\n<blockquote>\r\n<p style=\"text-align: center;\"><em>\u201cS\u1ea3n ph\u1ea9m kh\u00f4ng ch\u1ee9a c\u00e1c ch\u1ea5t c\u1ea5m s\u1eed d\u1ee5ng trong s\u1ea3n xu\u1ea5t, kinh doanh th\u1ee7y s\u1ea3n theo c\u00e1c quy \u0111\u1ecbnh hi\u1ec7n h\u00e0nh c\u1ee7a <strong>B\u1ed9 N\u00f4ng nghi\u1ec7p v\u00e0 Ph\u00e1t tri\u1ec3n n\u00f4ng th\u00f4n<\/strong>\u201d<\/em><\/p>\r\n<\/blockquote>\r\n<!-- Shortcode [sts2] does not match the conditions -->\r\n\r\n<!-- Shortcode [act] does not exist -->\n","protected":false},"excerpt":{"rendered":"<h3><span style=\"color: #0000ff;\">H\u1ea4P TH\u1ee4 V\u00c0 NG\u0102N CH\u1eb6N KH\u00cd \u0110\u1ed8C NH<sub>3<\/sub><br \/>\nC\u1ea2I THI\u1ec6N CH\u1ea4T L\u01af\u1ee2NG N\u01af\u1edaC AO NU\u00d4I<\/span><\/h3>\n<p><strong>C\u00f4ng d\u1ee5ng:<\/strong><br \/>\nH\u1ea5p th\u1ee5 v\u00e0 ng\u0103n ch\u1eb7n kh\u00ed \u0111\u1ed9c NH3 trong ao nu\u00f4i.<\/p>\n[sc name=\"scontacts\"]\n","protected":false},"featured_media":2359,"comment_status":"open","ping_status":"closed","template":"","meta":{"sfsi_plus_gutenberg_text_before_share":"","sfsi_plus_gutenberg_show_text_before_share":"","sfsi_plus_gutenberg_icon_type":"","sfsi_plus_gutenberg_icon_alignemt":"","sfsi_plus_gutenburg_max_per_row":""},"product_brand":[],"product_cat":[407,405,434,19],"product_tag":[507,506],"class_list":{"0":"post-2406","1":"product","2":"type-product","3":"status-publish","4":"has-post-thumbnail","6":"product_cat-xu-ly-cai-tao-moi-truong-tom","7":"product_cat-shrimp","8":"product_cat-hap-thu-khi-doc-tom","9":"product_cat-aquaculture","10":"product_tag-cai-thien-chat-luong-nuoc","11":"product_tag-hap-thu-nhanh-khi-doc","13":"first","14":"instock","15":"shipping-taxable","16":"product-type-simple"},"_links":{"self":[{"href":"https:\/\/apanano.com\/vi\/wp-json\/wp\/v2\/product\/2406","targetHints":{"allow":["GET"]}}],"collection":[{"href":"https:\/\/apanano.com\/vi\/wp-json\/wp\/v2\/product"}],"about":[{"href":"https:\/\/apanano.com\/vi\/wp-json\/wp\/v2\/types\/product"}],"replies":[{"embeddable":true,"href":"https:\/\/apanano.com\/vi\/wp-json\/wp\/v2\/comments?post=2406"}],"wp:featuredmedia":[{"embeddable":true,"href":"https:\/\/apanano.com\/vi\/wp-json\/wp\/v2\/media\/2359"}],"wp:attachment":[{"href":"https:\/\/apanano.com\/vi\/wp-json\/wp\/v2\/media?parent=2406"}],"wp:term":[{"taxonomy":"product_brand","embeddable":true,"href":"https:\/\/apanano.com\/vi\/wp-json\/wp\/v2\/product_brand?post=2406"},{"taxonomy":"product_cat","embeddable":true,"href":"https:\/\/apanano.com\/vi\/wp-json\/wp\/v2\/product_cat?post=2406"},{"taxonomy":"product_tag","embeddable":true,"href":"https:\/\/apanano.com\/vi\/wp-json\/wp\/v2\/product_tag?post=2406"}],"curies":[{"name":"wp","href":"https:\/\/api.w.org\/{rel}","templated":true}]}}