{"id":2397,"date":"2018-06-11T13:21:55","date_gmt":"2018-06-11T06:21:55","guid":{"rendered":"http:\/\/apanano.com\/?post_type=product&#038;p=2397"},"modified":"2023-03-29T16:59:34","modified_gmt":"2023-03-29T09:59:34","slug":"apa-lacto-f-shrimp","status":"publish","type":"product","link":"https:\/\/apanano.com\/vi\/product\/apa-lacto-f-shrimp\/","title":{"rendered":"APA LACTO F"},"content":{"rendered":"<p><strong>Th\u00e0nh ph\u1ea7n:<\/strong><br \/>\nLactobacillus reuteri, Lactobacillus salivarius, Saccharomyces cerevisiae, T\u00e1 d\u01b0\u1ee3c v\u1eeba \u0111\u1ee7.<\/p>\n<p><strong>C\u00f4ng d\u1ee5ng:<\/strong><br \/>\n&#8211; B\u1ed5 sung men vi sinh, gi\u00fap t\u00f4m d\u1ec5 ti\u00eau ho\u00e1 th\u1ee9c \u0103n v\u00e0 ph\u00e1t tri\u1ec3n nhanh.<br \/>\n&#8211; H\u1ed7 tr\u1ee3: Ph\u00f2ng v\u00e0 \u0111i\u1ec1u tr\u1ecb b\u1ec7nh do <a href=\"https:\/\/apanano.com\/technical-support\/dieu-tri-benh-do-ky-sinh-trung-tren-tom-the\/\">K\u00fd Sinh Tr\u00f9ng tr\u00ean T\u00f4m Th\u1ebb<\/a>.<\/p>\n<p><strong>C\u00e1ch s\u1eed d\u1ee5ng:<\/strong><br \/>\n&#8211; D\u00f9ng 2 \u2013 3 g\/ 1 kg th\u1ee9c \u0103n.<br \/>\n&#8211; K\u00edch th\u00edch t\u00f4m ph\u00e1t tri\u1ec3n nhanh: D\u00f9ng 3 \u2013 5 g\/ 1 kg th\u1ee9c \u0103n.<br \/>\n&#8211; Cho \u0103n 1 \u2013 2 l\u1ea7n\/ ng\u00e0y, s\u1eed d\u1ee5ng trong su\u1ed1t qu\u00e1 tr\u00ecnh nu\u00f4i.<\/p>\n<p><strong>B\u1ea3o qu\u1ea3n:<\/strong><br \/>\n&#8211; N\u01a1i kh\u00f4 r\u00e1o, tho\u00e1ng m\u00e1t, tr\u00e1nh \u00e1nh s\u00e1ng tr\u1ef1c ti\u1ebfp.<br \/>\n&#8211; Tr\u00e1nh xa t\u1ea7m tay tr\u1ebb em.<\/p>\n<h3 style=\"text-align: center;\"><span style=\"color: #0000ff;\">CH\u1ec8 D\u00d9NG TRONG NU\u00d4I TR\u1ed2NG TH\u1ee6Y S\u1ea2N<\/span><\/h3>\r\n<blockquote>\r\n<p style=\"text-align: center;\"><em>\u201cS\u1ea3n ph\u1ea9m kh\u00f4ng ch\u1ee9a c\u00e1c ch\u1ea5t c\u1ea5m s\u1eed d\u1ee5ng trong s\u1ea3n xu\u1ea5t, kinh doanh th\u1ee7y s\u1ea3n theo c\u00e1c quy \u0111\u1ecbnh hi\u1ec7n h\u00e0nh c\u1ee7a <strong>B\u1ed9 N\u00f4ng nghi\u1ec7p v\u00e0 Ph\u00e1t tri\u1ec3n n\u00f4ng th\u00f4n<\/strong>\u201d<\/em><\/p>\r\n<\/blockquote>\r\n<!-- Shortcode [sts2] does not match the conditions -->\r\n\r\n<!-- Shortcode [act] does not exist -->\n","protected":false},"excerpt":{"rendered":"<h3><span style=\"color: #0000ff;\">B\u1ed4 SUNG MEN VI SINH, GI\u00daP D\u1ec4 TI\u00caU H\u00d3A<\/span><\/h3>\n<p><strong>C\u00f4ng d\u1ee5ng:<\/strong><br \/>\nB\u1ed5 sung men vi sinh, gi\u00fap t\u00f4m d\u1ec5 ti\u00eau ho\u00e1 th\u1ee9c \u0103n v\u00e0 ph\u00e1t tri\u1ec3n nhanh.<\/p>\n[sc name=\"scontacts\"]\n","protected":false},"featured_media":2358,"comment_status":"open","ping_status":"closed","template":"","meta":{"sfsi_plus_gutenberg_text_before_share":"","sfsi_plus_gutenberg_show_text_before_share":"","sfsi_plus_gutenberg_icon_type":"","sfsi_plus_gutenberg_icon_alignemt":"","sfsi_plus_gutenburg_max_per_row":""},"product_brand":[],"product_cat":[408,405,441,19],"product_tag":[551],"class_list":{"0":"post-2397","1":"product","2":"type-product","3":"status-publish","4":"has-post-thumbnail","6":"product_cat-dinh-duong-bo-sung-thuc-an-tom","7":"product_cat-shrimp","8":"product_cat-ho-tro-tieu-hoa-tom","9":"product_cat-aquaculture","10":"product_tag-bo-sung-men-vi-sinh","12":"first","13":"instock","14":"shipping-taxable","15":"product-type-simple"},"_links":{"self":[{"href":"https:\/\/apanano.com\/vi\/wp-json\/wp\/v2\/product\/2397","targetHints":{"allow":["GET"]}}],"collection":[{"href":"https:\/\/apanano.com\/vi\/wp-json\/wp\/v2\/product"}],"about":[{"href":"https:\/\/apanano.com\/vi\/wp-json\/wp\/v2\/types\/product"}],"replies":[{"embeddable":true,"href":"https:\/\/apanano.com\/vi\/wp-json\/wp\/v2\/comments?post=2397"}],"wp:featuredmedia":[{"embeddable":true,"href":"https:\/\/apanano.com\/vi\/wp-json\/wp\/v2\/media\/2358"}],"wp:attachment":[{"href":"https:\/\/apanano.com\/vi\/wp-json\/wp\/v2\/media?parent=2397"}],"wp:term":[{"taxonomy":"product_brand","embeddable":true,"href":"https:\/\/apanano.com\/vi\/wp-json\/wp\/v2\/product_brand?post=2397"},{"taxonomy":"product_cat","embeddable":true,"href":"https:\/\/apanano.com\/vi\/wp-json\/wp\/v2\/product_cat?post=2397"},{"taxonomy":"product_tag","embeddable":true,"href":"https:\/\/apanano.com\/vi\/wp-json\/wp\/v2\/product_tag?post=2397"}],"curies":[{"name":"wp","href":"https:\/\/api.w.org\/{rel}","templated":true}]}}