{"id":2388,"date":"2018-06-11T11:20:55","date_gmt":"2018-06-11T04:20:55","guid":{"rendered":"http:\/\/apanano.com\/?post_type=product&#038;p=2388"},"modified":"2023-02-24T18:24:46","modified_gmt":"2023-02-24T11:24:46","slug":"apa-miner-pox-shrimp","status":"publish","type":"product","link":"https:\/\/apanano.com\/vi\/product\/apa-miner-pox-shrimp\/","title":{"rendered":"APA MINER POX"},"content":{"rendered":"<p><strong>Th\u00e0nh ph\u1ea7n:<\/strong><br \/>\nCalcium diacid phosphate, Magnesium diacid phosphate, Zinc diacid phosphate, Manganese diacid phosphate, Dung m\u00f4i v\u1eeba \u0111\u1ee7.<\/p>\n<p><strong>C\u00f4ng d\u1ee5ng:<\/strong><br \/>\n&#8211; Th\u00fac \u0111\u1ea9y t\u00f4m l\u1ed9t x\u00e1c, k\u00edch th\u00edch t\u00f4m t\u0103ng tr\u01b0\u1edfng.<br \/>\n&#8211; <a href=\"https:\/\/apanano.com\/technical-support\/san-pham-tang-trong-cho-tom-ca\/\">B\u1ed5 sung dung d\u1ecbch kho\u00e1ng h\u00f2a tan cho t\u00f4m c\u00e1 ch\u1eafc, kh\u1ecfe, d\u00e0i \u0111\u00f2n<\/a>. Ph\u00f2ng, tr\u1ecb b\u1ec7nh cong th\u00e2n \u0111\u1ee5c c\u01a1.<\/p>\n<p><strong>C\u00e1ch s\u1eed d\u1ee5ng: <\/strong><br \/>\n&#8211; Tr\u1ed9n 1 \u2013 2 ml\/ 1 kg th\u1ee9c \u0103n.<br \/>\n&#8211; Trong tr\u01b0\u1eddng h\u1ee3p \u0111\u1ed1c th\u00fac t\u00f4m t\u0103ng tr\u01b0\u1edfng nhanh: D\u00f9ng 3 \u2013 5 ml\/ 1 kg th\u1ee9c \u0103n.<br \/>\n&#8211; Tr\u1ed9n 1 \u2013 2 l\u1ea7n\/ ng\u00e0y, cho \u0103n li\u00ean t\u1ee5c trong su\u1ed1t v\u1ee5 nu\u00f4i.<\/p>\n<p><strong>Ch\u00fa \u00fd:<\/strong><br \/>\n&#8211; L\u1eafc \u0111\u1ec1u tr\u01b0\u1edbc khi s\u1eed d\u1ee5ng.<br \/>\n&#8211; \u0110\u1ecdc k\u1ef9 h\u01b0\u1edbng d\u1eabn s\u1eed d\u1ee5ng tr\u01b0\u1edbc khi d\u00f9ng.<\/p>\n<p><strong>B\u1ea3o qu\u1ea3n:<\/strong><br \/>\n&#8211; N\u01a1i kh\u00f4 r\u00e1o, tho\u00e1ng m\u00e1t, tr\u00e1nh \u00e1nh s\u00e1ng tr\u1ef1c ti\u1ebfp.<br \/>\n&#8211; Tr\u00e1nh xa t\u1ea7m tay tr\u1ebb em.<\/p>\n<h3 style=\"text-align: center;\"><span style=\"color: #0000ff;\">CH\u1ec8 D\u00d9NG TRONG NU\u00d4I TR\u1ed2NG TH\u1ee6Y S\u1ea2N<\/span><\/h3>\r\n<blockquote>\r\n<p style=\"text-align: center;\"><em>\u201cS\u1ea3n ph\u1ea9m kh\u00f4ng ch\u1ee9a c\u00e1c ch\u1ea5t c\u1ea5m s\u1eed d\u1ee5ng trong s\u1ea3n xu\u1ea5t, kinh doanh th\u1ee7y s\u1ea3n theo c\u00e1c quy \u0111\u1ecbnh hi\u1ec7n h\u00e0nh c\u1ee7a <strong>B\u1ed9 N\u00f4ng nghi\u1ec7p v\u00e0 Ph\u00e1t tri\u1ec3n n\u00f4ng th\u00f4n<\/strong>\u201d<\/em><\/p>\r\n<\/blockquote>\r\n<!-- Shortcode [sts2] does not match the conditions -->\r\n\r\n<!-- Shortcode [act] does not exist -->\n","protected":false},"excerpt":{"rendered":"<h3><span style=\"color: #0000ff;\">TH\u00daC \u0110\u1ea8Y T\u00d4M L\u1ed8T X\u00c1C, K\u00cdCH TH\u00cdCH T\u00d4M T\u0102NG TR\u01af\u1edeNG<\/span><\/h3>\n<p><strong>C\u00f4ng d\u1ee5ng:<\/strong><br \/>\nTh\u00fac \u0111\u1ea9y t\u00f4m l\u1ed9t x\u00e1c, k\u00edch th\u00edch t\u00f4m t\u0103ng tr\u01b0\u1edfng.<\/p>\n[sc name=\"scontacts\"]\n","protected":false},"featured_media":2346,"comment_status":"open","ping_status":"closed","template":"","meta":{"sfsi_plus_gutenberg_text_before_share":"","sfsi_plus_gutenberg_show_text_before_share":"","sfsi_plus_gutenberg_icon_type":"","sfsi_plus_gutenberg_icon_alignemt":"","sfsi_plus_gutenburg_max_per_row":""},"product_brand":[],"product_cat":[408,439,405,19],"product_tag":[552],"class_list":{"0":"post-2388","1":"product","2":"type-product","3":"status-publish","4":"has-post-thumbnail","6":"product_cat-dinh-duong-bo-sung-thuc-an-tom","7":"product_cat-bo-sung-khoang-tron-thuc-an-tom","8":"product_cat-shrimp","9":"product_cat-aquaculture","10":"product_tag-thuc-day-tom-lot-xac","12":"first","13":"instock","14":"shipping-taxable","15":"product-type-simple"},"_links":{"self":[{"href":"https:\/\/apanano.com\/vi\/wp-json\/wp\/v2\/product\/2388","targetHints":{"allow":["GET"]}}],"collection":[{"href":"https:\/\/apanano.com\/vi\/wp-json\/wp\/v2\/product"}],"about":[{"href":"https:\/\/apanano.com\/vi\/wp-json\/wp\/v2\/types\/product"}],"replies":[{"embeddable":true,"href":"https:\/\/apanano.com\/vi\/wp-json\/wp\/v2\/comments?post=2388"}],"wp:featuredmedia":[{"embeddable":true,"href":"https:\/\/apanano.com\/vi\/wp-json\/wp\/v2\/media\/2346"}],"wp:attachment":[{"href":"https:\/\/apanano.com\/vi\/wp-json\/wp\/v2\/media?parent=2388"}],"wp:term":[{"taxonomy":"product_brand","embeddable":true,"href":"https:\/\/apanano.com\/vi\/wp-json\/wp\/v2\/product_brand?post=2388"},{"taxonomy":"product_cat","embeddable":true,"href":"https:\/\/apanano.com\/vi\/wp-json\/wp\/v2\/product_cat?post=2388"},{"taxonomy":"product_tag","embeddable":true,"href":"https:\/\/apanano.com\/vi\/wp-json\/wp\/v2\/product_tag?post=2388"}],"curies":[{"name":"wp","href":"https:\/\/api.w.org\/{rel}","templated":true}]}}