{"id":2385,"date":"2018-06-11T11:10:14","date_gmt":"2018-06-11T04:10:14","guid":{"rendered":"http:\/\/apanano.com\/?post_type=product&#038;p=2385"},"modified":"2023-02-24T18:24:48","modified_gmt":"2023-02-24T11:24:48","slug":"apa-vaxi-f-shrimp","status":"publish","type":"product","link":"https:\/\/apanano.com\/vi\/product\/apa-vaxi-f-shrimp\/","title":{"rendered":"APA VAXI F"},"content":{"rendered":"<p><strong>Th\u00e0nh ph\u1ea7n:<\/strong><br \/>\nSorbitol, Methionine, Choline chloride, Betain, Lysin HCl, Th\u1ea3o d\u01b0\u1ee3c thi\u00ean nhi\u00ean: Th\u1ed5 ph\u1ee5c linh, h\u1ea1t th\u1ea3o huy\u1ebft minh, atiso, bi\u1ec3n s\u00fac,&#8230; Dung m\u00f4i v\u1eeba \u0111\u1ee7.<\/p>\n<p><strong>C\u00f4ng d\u1ee5ng:<\/strong><br \/>\n&#8211; H\u1ed7n h\u1ee3p th\u1ea3o d\u01b0\u1ee3c \u0111\u1eadm \u0111\u1eb7c gi\u00fap h\u1ed7 tr\u1ee3 ch\u1ee9c n\u0103ng gan, h\u1ed7 tr\u1ee3 ph\u00f2ng v\u00e0 tr\u1ecb b\u1ec7nh v\u1ec1 gan.<br \/>\n&#8211;\u00a0B\u1ed5 sung c\u00e1c Vittamin v\u00e0 acid amin, ph\u00f2ng c\u00e1c b\u1ec7nh do thi\u1ebfu vitamin v\u00e0 acid amin.<\/p>\n<p><strong>C\u00e1ch s\u1eed d\u1ee5ng:<\/strong><br \/>\n&#8211; Tr\u1ed9n 2 \u2013 3 ml\/ 1 kg th\u1ee9c \u0103n.<br \/>\n&#8211; Tr\u1ed9n 1 \u2013 2 l\u1ea7n\/ ng\u00e0y, cho \u0103n li\u00ean t\u1ee5c trong su\u1ed1t v\u1ee5 nu\u00f4i.<\/p>\n<p><strong>Ch\u00fa \u00fd:<\/strong><br \/>\n&#8211; L\u1eafc \u0111\u1ec1u tr\u01b0\u1edbc khi s\u1eed d\u1ee5ng.<br \/>\n&#8211; \u0110\u1ecdc k\u1ef9 h\u01b0\u1edbng d\u1eabn s\u1eed d\u1ee5ng tr\u01b0\u1edbc khi d\u00f9ng.<\/p>\n<p><strong>B\u1ea3o qu\u1ea3n:<\/strong><br \/>\n&#8211; N\u01a1i kh\u00f4 r\u00e1o, tho\u00e1ng m\u00e1t, tr\u00e1nh \u00e1nh s\u00e1ng tr\u1ef1c ti\u1ebfp.<br \/>\n&#8211; Tr\u00e1nh xa t\u1ea7m tay tr\u1ebb em.<\/p>\n<h3 style=\"text-align: center;\"><span style=\"color: #0000ff;\">CH\u1ec8 D\u00d9NG TRONG NU\u00d4I TR\u1ed2NG TH\u1ee6Y S\u1ea2N<\/span><\/h3>\r\n<blockquote>\r\n<p style=\"text-align: center;\"><em>\u201cS\u1ea3n ph\u1ea9m kh\u00f4ng ch\u1ee9a c\u00e1c ch\u1ea5t c\u1ea5m s\u1eed d\u1ee5ng trong s\u1ea3n xu\u1ea5t, kinh doanh th\u1ee7y s\u1ea3n theo c\u00e1c quy \u0111\u1ecbnh hi\u1ec7n h\u00e0nh c\u1ee7a <strong>B\u1ed9 N\u00f4ng nghi\u1ec7p v\u00e0 Ph\u00e1t tri\u1ec3n n\u00f4ng th\u00f4n<\/strong>\u201d<\/em><\/p>\r\n<\/blockquote>\r\n<!-- Shortcode [sts2] does not match the conditions -->\r\n\r\n<!-- Shortcode [act] does not exist -->\n","protected":false},"excerpt":{"rendered":"<h3><span style=\"color: #0000ff;\">TH\u1ea2O D\u01af\u1ee2C \u0110\u1eacM \u0110\u1eb6C<br \/>\nH\u1ed6 TR\u1ee2 &amp; T\u0102NG C\u01af\u1edcNG CH\u1ee8C N\u0102NG GAN<br \/>\nACID AMIN H\u00c0M L\u01af\u1ee2NG \u0110\u1eacM \u0110\u1eb6C<br \/>\nGI\u00daP T\u00d4M T\u0102NG TR\u01af\u1edeNG &amp; PH\u00c1T TRI\u1ec2N T\u1ed0T<\/span><\/h3>\n<p><strong>C\u00f4ng d\u1ee5ng:<\/strong><br \/>\n&#8211; H\u1ed7n h\u1ee3p th\u1ea3o d\u01b0\u1ee3c \u0111\u1eadm \u0111\u1eb7c gi\u00fap h\u1ed7 tr\u1ee3 ch\u1ee9c n\u0103ng gan, h\u1ed7 tr\u1ee3 ph\u00f2ng v\u00e0 tr\u1ecb b\u1ec7nh v\u1ec1 gan.<br \/>\n&#8211; B\u1ed5 sung c\u00e1c Vittamin v\u00e0 acid amin, ph\u00f2ng c\u00e1c b\u1ec7nh do thi\u1ebfu vitamin v\u00e0 acid amin.<\/p>\n[sc name=\"scontacts\"]\n","protected":false},"featured_media":2349,"comment_status":"open","ping_status":"closed","template":"","meta":{"sfsi_plus_gutenberg_text_before_share":"","sfsi_plus_gutenberg_show_text_before_share":"","sfsi_plus_gutenberg_icon_type":"","sfsi_plus_gutenberg_icon_alignemt":"","sfsi_plus_gutenburg_max_per_row":""},"product_brand":[],"product_cat":[408,405,438,19],"product_tag":[496,497,498],"class_list":{"0":"post-2385","1":"product","2":"type-product","3":"status-publish","4":"has-post-thumbnail","6":"product_cat-dinh-duong-bo-sung-thuc-an-tom","7":"product_cat-shrimp","8":"product_cat-ho-tro-gan-dinh-duong-tong-hop-tom","9":"product_cat-aquaculture","10":"product_tag-bo-sung-acid-amin-cho-tom-ca","11":"product_tag-bo-sung-vitamin-va-khoang-chat","12":"product_tag-tang-cuong-chuc-nang-gan","14":"first","15":"instock","16":"shipping-taxable","17":"product-type-simple"},"_links":{"self":[{"href":"https:\/\/apanano.com\/vi\/wp-json\/wp\/v2\/product\/2385","targetHints":{"allow":["GET"]}}],"collection":[{"href":"https:\/\/apanano.com\/vi\/wp-json\/wp\/v2\/product"}],"about":[{"href":"https:\/\/apanano.com\/vi\/wp-json\/wp\/v2\/types\/product"}],"replies":[{"embeddable":true,"href":"https:\/\/apanano.com\/vi\/wp-json\/wp\/v2\/comments?post=2385"}],"wp:featuredmedia":[{"embeddable":true,"href":"https:\/\/apanano.com\/vi\/wp-json\/wp\/v2\/media\/2349"}],"wp:attachment":[{"href":"https:\/\/apanano.com\/vi\/wp-json\/wp\/v2\/media?parent=2385"}],"wp:term":[{"taxonomy":"product_brand","embeddable":true,"href":"https:\/\/apanano.com\/vi\/wp-json\/wp\/v2\/product_brand?post=2385"},{"taxonomy":"product_cat","embeddable":true,"href":"https:\/\/apanano.com\/vi\/wp-json\/wp\/v2\/product_cat?post=2385"},{"taxonomy":"product_tag","embeddable":true,"href":"https:\/\/apanano.com\/vi\/wp-json\/wp\/v2\/product_tag?post=2385"}],"curies":[{"name":"wp","href":"https:\/\/api.w.org\/{rel}","templated":true}]}}