{"id":2384,"date":"2018-06-11T10:46:32","date_gmt":"2018-06-11T03:46:32","guid":{"rendered":"http:\/\/apanano.com\/?post_type=product&#038;p=2384"},"modified":"2023-02-24T18:24:49","modified_gmt":"2023-02-24T11:24:49","slug":"apa-vita-f-shrimp","status":"publish","type":"product","link":"https:\/\/apanano.com\/vi\/product\/apa-vita-f-shrimp\/","title":{"rendered":"APA VITA F"},"content":{"rendered":"<p><strong>Th\u00e0nh ph\u1ea7n:<\/strong><br \/>\nVitamin A, Vitamin D<sub>3<\/sub>, Vitamin E, Vitamin B<sub>1<\/sub>, Vitamin B<sub>2<\/sub>, Vitamin B<sub>6<\/sub>, Vitamin C, Acid folic, T\u00e1 d\u01b0\u1ee3c v\u1eeba \u0111\u1ee7.<\/p>\n<p><strong>C\u00f4ng d\u1ee5ng:<\/strong><br \/>\nB\u1ed5 sung vitamin c\u1ea7n thi\u1ebft, gi\u00fap t\u00f4m, c\u00e1 mau l\u1edbn, kho\u1ebb m\u1ea1nh t\u0103ng t\u1ef7 l\u1ec7 s\u1ed1ng, ch\u1ed1ng s\u1ed1c v\u00e0 gi\u00fap k\u00edch c\u1ee1 t\u00f4m, c\u00e1 \u0111\u1ed3ng \u0111\u1ec1u.<\/p>\n<p><strong>C\u00e1ch s\u1eed d\u1ee5ng:<\/strong><br \/>\n&#8211; D\u00f9ng 2 \u2013 3 g<strong>\/<\/strong> 1 kg th\u1ee9c \u0103n.<br \/>\n&#8211; Trong tr\u01b0\u1eddng h\u1ee3p \u0111\u1ed1c th\u00fac t\u00f4m t\u0103ng tr\u1ecdng nhanh: S\u1eed d\u1ee5ng 3 \u2013 5 g\/ 1 kg th\u1ee9c \u0103n.<br \/>\n&#8211; Tr\u1ed9n 1 \u2013 2 l\u1ea7n\/ ng\u00e0y, cho \u0103n li\u00ean t\u1ee5c trong su\u1ed1t v\u1ee5 nu\u00f4i.<\/p>\n<p><strong>B\u1ea3o qu\u1ea3n:<\/strong><br \/>\n&#8211; N\u01a1i kh\u00f4 r\u00e1o, tho\u00e1ng m\u00e1t, tr\u00e1nh \u00e1nh s\u00e1ng tr\u1ef1c ti\u1ebfp.<br \/>\n&#8211; Tr\u00e1nh xa t\u1ea7m tay tr\u1ebb em.<\/p>\n<h3 style=\"text-align: center;\"><span style=\"color: #0000ff;\">CH\u1ec8 D\u00d9NG TRONG NU\u00d4I TR\u1ed2NG TH\u1ee6Y S\u1ea2N<\/span><\/h3>\r\n<blockquote>\r\n<p style=\"text-align: center;\"><em>\u201cS\u1ea3n ph\u1ea9m kh\u00f4ng ch\u1ee9a c\u00e1c ch\u1ea5t c\u1ea5m s\u1eed d\u1ee5ng trong s\u1ea3n xu\u1ea5t, kinh doanh th\u1ee7y s\u1ea3n theo c\u00e1c quy \u0111\u1ecbnh hi\u1ec7n h\u00e0nh c\u1ee7a <strong>B\u1ed9 N\u00f4ng nghi\u1ec7p v\u00e0 Ph\u00e1t tri\u1ec3n n\u00f4ng th\u00f4n<\/strong>\u201d<\/em><\/p>\r\n<\/blockquote>\r\n<!-- Shortcode [sts2] does not match the conditions -->\r\n\r\n<!-- Shortcode [act] does not exist -->\n","protected":false},"excerpt":{"rendered":"<h3><span style=\"color: #0000ff;\">GI\u00daP T\u00d4M MAU L\u1edaN, KH\u1eceE M\u1ea0NH,\u00a0<\/span><span style=\"color: #0000ff;\">CH\u1ed0NG S\u1ed0C, T\u0102NG T\u1ef6 L\u1ec6 S\u1ed0NG<\/span><\/h3>\n<p><strong>C\u00f4ng d\u1ee5ng:<\/strong><br \/>\nB\u1ed5 sung vitamin c\u1ea7n thi\u1ebft, gi\u00fap t\u00f4m, c\u00e1 mau l\u1edbn, kho\u1ebb m\u1ea1nh t\u0103ng t\u1ef7 l\u1ec7 s\u1ed1ng, ch\u1ed1ng s\u1ed1c v\u00e0 gi\u00fap k\u00edch c\u1ee1 t\u00f4m, c\u00e1 \u0111\u1ed3ng \u0111\u1ec1u.<\/p>\n[sc name=\"scontacts\"]\n","protected":false},"featured_media":2339,"comment_status":"open","ping_status":"closed","template":"","meta":{"sfsi_plus_gutenberg_text_before_share":"","sfsi_plus_gutenberg_show_text_before_share":"","sfsi_plus_gutenberg_icon_type":"","sfsi_plus_gutenberg_icon_alignemt":"","sfsi_plus_gutenburg_max_per_row":""},"product_brand":[],"product_cat":[408,405,19],"product_tag":[497,542],"class_list":{"0":"post-2384","1":"product","2":"type-product","3":"status-publish","4":"has-post-thumbnail","6":"product_cat-dinh-duong-bo-sung-thuc-an-tom","7":"product_cat-shrimp","8":"product_cat-aquaculture","9":"product_tag-bo-sung-vitamin-va-khoang-chat","10":"product_tag-chong-soc-moi-truong","12":"first","13":"instock","14":"shipping-taxable","15":"product-type-simple"},"_links":{"self":[{"href":"https:\/\/apanano.com\/vi\/wp-json\/wp\/v2\/product\/2384","targetHints":{"allow":["GET"]}}],"collection":[{"href":"https:\/\/apanano.com\/vi\/wp-json\/wp\/v2\/product"}],"about":[{"href":"https:\/\/apanano.com\/vi\/wp-json\/wp\/v2\/types\/product"}],"replies":[{"embeddable":true,"href":"https:\/\/apanano.com\/vi\/wp-json\/wp\/v2\/comments?post=2384"}],"wp:featuredmedia":[{"embeddable":true,"href":"https:\/\/apanano.com\/vi\/wp-json\/wp\/v2\/media\/2339"}],"wp:attachment":[{"href":"https:\/\/apanano.com\/vi\/wp-json\/wp\/v2\/media?parent=2384"}],"wp:term":[{"taxonomy":"product_brand","embeddable":true,"href":"https:\/\/apanano.com\/vi\/wp-json\/wp\/v2\/product_brand?post=2384"},{"taxonomy":"product_cat","embeddable":true,"href":"https:\/\/apanano.com\/vi\/wp-json\/wp\/v2\/product_cat?post=2384"},{"taxonomy":"product_tag","embeddable":true,"href":"https:\/\/apanano.com\/vi\/wp-json\/wp\/v2\/product_tag?post=2384"}],"curies":[{"name":"wp","href":"https:\/\/api.w.org\/{rel}","templated":true}]}}