{"id":2380,"date":"2018-06-11T10:10:36","date_gmt":"2018-06-11T03:10:36","guid":{"rendered":"http:\/\/apanano.com\/?post_type=product&#038;p=2380"},"modified":"2023-02-24T18:24:52","modified_gmt":"2023-02-24T11:24:52","slug":"apa-genta-pro-shrimp","status":"publish","type":"product","link":"https:\/\/apanano.com\/vi\/product\/apa-genta-pro-shrimp\/","title":{"rendered":"APA GENTA PRO"},"content":{"rendered":"<p><strong>Th\u00e0nh ph\u1ea7n<\/strong>:<br \/>\nGentamycine, T\u00e1 d\u01b0\u1ee3c v\u1eeba \u0111\u1ee7.<\/p>\n<p><strong>C\u00f4ng d\u1ee5ng: <\/strong><br \/>\n&#8211; Ng\u0103n ng\u1eeba v\u00e0 \u0111\u1eb7c tr\u1ecb c\u00e1c b\u1ec7nh v\u1ec1 gan nh\u01b0: v\u00e0ng gan, tr\u1eafng gan, s\u01b0ng gan,\u2026<br \/>\n&#8211; Ph\u00f2ng v\u00e0 tr\u1ecb b\u1ec7nh ho\u1ea1i t\u1eed gan t\u1ee5y tr\u00ean t\u00f4m, <a href=\"https:\/\/apanano.com\/technical-support\/loi-khuyen-dac-biet-de-dieu-tri-ehp-tu-chuyen-gia-thai-lan\/\" target=\"_blank\" rel=\"noopener noreferrer\">h\u1ed9i ch\u1ee9ng EMS<\/a>, <a href=\"https:\/\/apanano.com\/technical-support\/dieu-tri-hoi-chung-phan-trang-tren-tom-the\/\" target=\"_blank\" rel=\"noopener noreferrer\">h\u1ed9i ch\u1ee9ng ph\u00e2n tr\u1eafng<\/a>.<\/p>\n<p><strong>C\u00e1ch s\u1eed d\u1ee5ng: <\/strong><br \/>\n&#8211; Ph\u00f2ng b\u1ec7nh: D\u00f9ng 1 \u2013 2 ml\/ 1 kg th\u1ee9c \u0103n.<br \/>\n&#8211; Tr\u1ecb b\u1ec7nh: D\u00f9ng 2 \u2013 3 ml\/ 1 kg th\u1ee9c \u0103n, cho \u0103n li\u00ean t\u1ee5c 3 \u2013 5 ng\u00e0y.<\/p>\n<p><strong>Ch\u00fa \u00fd:<\/strong><br \/>\n&#8211; Ng\u01b0ng s\u1eed d\u1ee5ng tr\u01b0\u1edbc khi thu ho\u1ea1ch 30 ng\u00e0y.<br \/>\n&#8211; L\u1eafc \u0111\u1ec1u tr\u01b0\u1edbc khi s\u1eed d\u1ee5ng.<br \/>\n&#8211; \u0110\u1ecdc k\u1ef9 h\u01b0\u1edbng d\u1eabn s\u1eed d\u1ee5ng tr\u01b0\u1edbc khi d\u00f9ng.<\/p>\n<p><strong>B\u1ea3o qu\u1ea3n:<\/strong><br \/>\n&#8211; N\u01a1i kh\u00f4 r\u00e1o, tho\u00e1ng m\u00e1t, tr\u00e1nh \u00e1nh n\u1eafng tr\u1ef1c ti\u1ebfp.<br \/>\n&#8211; Tr\u00e1nh xa t\u1ea7m tay tr\u1ebb em.<\/p>\n<h3 style=\"text-align: center;\"><span style=\"color: #0000ff;\">CH\u1ec8 D\u00d9NG TRONG NU\u00d4I TR\u1ed2NG TH\u1ee6Y S\u1ea2N<\/span><\/h3>\r\n<blockquote>\r\n<p style=\"text-align: center;\"><em>\u201cS\u1ea3n ph\u1ea9m kh\u00f4ng ch\u1ee9a c\u00e1c ch\u1ea5t c\u1ea5m s\u1eed d\u1ee5ng trong s\u1ea3n xu\u1ea5t, kinh doanh th\u1ee7y s\u1ea3n theo c\u00e1c quy \u0111\u1ecbnh hi\u1ec7n h\u00e0nh c\u1ee7a <strong>B\u1ed9 N\u00f4ng nghi\u1ec7p v\u00e0 Ph\u00e1t tri\u1ec3n n\u00f4ng th\u00f4n<\/strong>\u201d<\/em><\/p>\r\n<\/blockquote>\r\n<!-- Shortcode [sts2] does not match the conditions -->\r\n\r\n<!-- Shortcode [act] does not exist -->\n","protected":false},"excerpt":{"rendered":"<h3><span style=\"color: #0000ff;\">PH\u00d2NG V\u00c0 TR\u1eca HI\u1ec6U QU\u1ea2 B\u1ec6NH HO\u1ea0I T\u1eec GAN T\u1ee4Y, H\u1ed8I CH\u1ee8NG EMS<\/span><\/h3>\n<p><strong>C\u00f4ng d\u1ee5ng:<\/strong><br \/>\n&#8211; Ng\u0103n ng\u1eeba v\u00e0 \u0111\u1eb7c tr\u1ecb c\u00e1c b\u1ec7nh v\u1ec1 gan nh\u01b0: v\u00e0ng gan, tr\u1eafng gan, s\u01b0ng gan,\u2026<br \/>\n&#8211; Ph\u00f2ng v\u00e0 tr\u1ecb b\u1ec7nh ho\u1ea1i t\u1eed gan t\u1ee5y tr\u00ean t\u00f4m, h\u1ed9i ch\u1ee9ng EMS.<\/p>\n[sc name=\"scontacts\"]\n","protected":false},"featured_media":2331,"comment_status":"open","ping_status":"closed","template":"","meta":{"sfsi_plus_gutenberg_text_before_share":"","sfsi_plus_gutenberg_show_text_before_share":"","sfsi_plus_gutenberg_icon_type":"","sfsi_plus_gutenberg_icon_alignemt":"","sfsi_plus_gutenburg_max_per_row":""},"product_brand":[],"product_cat":[409,405,19],"product_tag":[547,548],"class_list":{"0":"post-2380","1":"product","2":"type-product","3":"status-publish","4":"has-post-thumbnail","6":"product_cat-thuoc-thu-y-thuy-san-tom","7":"product_cat-shrimp","8":"product_cat-aquaculture","9":"product_tag-dac-tri-hoai-tu-gan-tuy","10":"product_tag-dieu-tri-hoi-chung-ems","12":"first","13":"instock","14":"shipping-taxable","15":"product-type-simple"},"_links":{"self":[{"href":"https:\/\/apanano.com\/vi\/wp-json\/wp\/v2\/product\/2380","targetHints":{"allow":["GET"]}}],"collection":[{"href":"https:\/\/apanano.com\/vi\/wp-json\/wp\/v2\/product"}],"about":[{"href":"https:\/\/apanano.com\/vi\/wp-json\/wp\/v2\/types\/product"}],"replies":[{"embeddable":true,"href":"https:\/\/apanano.com\/vi\/wp-json\/wp\/v2\/comments?post=2380"}],"wp:featuredmedia":[{"embeddable":true,"href":"https:\/\/apanano.com\/vi\/wp-json\/wp\/v2\/media\/2331"}],"wp:attachment":[{"href":"https:\/\/apanano.com\/vi\/wp-json\/wp\/v2\/media?parent=2380"}],"wp:term":[{"taxonomy":"product_brand","embeddable":true,"href":"https:\/\/apanano.com\/vi\/wp-json\/wp\/v2\/product_brand?post=2380"},{"taxonomy":"product_cat","embeddable":true,"href":"https:\/\/apanano.com\/vi\/wp-json\/wp\/v2\/product_cat?post=2380"},{"taxonomy":"product_tag","embeddable":true,"href":"https:\/\/apanano.com\/vi\/wp-json\/wp\/v2\/product_tag?post=2380"}],"curies":[{"name":"wp","href":"https:\/\/api.w.org\/{rel}","templated":true}]}}