{"id":2379,"date":"2018-06-11T10:03:36","date_gmt":"2018-06-11T03:03:36","guid":{"rendered":"http:\/\/apanano.com\/?post_type=product&#038;p=2379"},"modified":"2023-02-24T18:24:52","modified_gmt":"2023-02-24T11:24:52","slug":"apa-repo-shrimp","status":"publish","type":"product","link":"https:\/\/apanano.com\/vi\/product\/apa-repo-shrimp\/","title":{"rendered":"APA REPO"},"content":{"rendered":"<p><strong>Th\u00e0nh ph\u1ea7n:<\/strong><br \/>\nColistin sulfate, T\u00e1 d\u01b0\u1ee3c v\u1eeba \u0111\u1ee7.<\/p>\n<p><strong>C\u00f4ng d\u1ee5ng:<\/strong><br \/>\nTr\u1ecb b\u1ec7nh ph\u00e1t s\u00e1ng, b\u1ec7nh \u0111\u01b0\u1eddng ru\u1ed9t do vi khu\u1ea9n vibrio g\u00e2y ra.<\/p>\n<p><strong>C\u00e1ch s\u1eed d\u1ee5ng:<\/strong><br \/>\n&#8211; Pho\u0300ng b\u00ea\u0323nh: 2 &#8211; 3 ml\/ 1 kg th\u01b0\u0301c \u0103n.<br \/>\n&#8211; Tri\u0323 b\u00ea\u0323nh: S\u01b0\u0309 du\u0323ng 3 ml\/ 1 kg th\u01b0\u0301c \u0103n, cho \u0103n li\u00ean tu\u0323c 5 \u2013 7 nga\u0300y.<\/p>\n<p><strong>Ch\u00fa \u00fd:<\/strong><br \/>\n&#8211; Ng\u01b0ng s\u1eed d\u1ee5ng 30 ng\u00e0y tr\u01b0\u1edbc khi thu ho\u1ea1ch.<br \/>\n&#8211; L\u1eafc \u0111\u1ec1u tr\u01b0\u1edbc khi s\u1eed d\u1ee5ng.<br \/>\n&#8211; \u0110\u1ecdc k\u1ef9 h\u01b0\u1edbng d\u1eabn s\u1eed d\u1ee5ng tr\u01b0\u1edbc khi d\u00f9ng.<\/p>\n<p><strong>B\u1ea3o qu\u1ea3n:<\/strong><br \/>\n&#8211; N\u01a1i kh\u00f4 r\u00e1o, tho\u00e1ng m\u00e1t, tr\u00e1nh \u00e1nh s\u00e1ng tr\u1ef1c ti\u1ebfp.<br \/>\n&#8211; Tr\u00e1nh xa t\u1ea7m tay tr\u1ebb em.<\/p>\n<h3 style=\"text-align: center;\"><span style=\"color: #0000ff;\">CH\u1ec8 D\u00d9NG TRONG NU\u00d4I TR\u1ed2NG TH\u1ee6Y S\u1ea2N<\/span><\/h3>\r\n<blockquote>\r\n<p style=\"text-align: center;\"><em>\u201cS\u1ea3n ph\u1ea9m kh\u00f4ng ch\u1ee9a c\u00e1c ch\u1ea5t c\u1ea5m s\u1eed d\u1ee5ng trong s\u1ea3n xu\u1ea5t, kinh doanh th\u1ee7y s\u1ea3n theo c\u00e1c quy \u0111\u1ecbnh hi\u1ec7n h\u00e0nh c\u1ee7a <strong>B\u1ed9 N\u00f4ng nghi\u1ec7p v\u00e0 Ph\u00e1t tri\u1ec3n n\u00f4ng th\u00f4n<\/strong>\u201d<\/em><\/p>\r\n<\/blockquote>\r\n<!-- Shortcode [sts2] does not match the conditions -->\r\n\r\n<!-- Shortcode [act] does not exist -->\n","protected":false},"excerpt":{"rendered":"<h3><span style=\"color: #0000ff;\">TR\u1eca NHI\u1ec4M KHU\u1ea8N \u0110\u01af\u1edcNG TI\u00caU H\u00d3A<\/span><\/h3>\n<p><strong>C\u00f4ng d\u1ee5ng:<\/strong><br \/>\nTr\u1ecb b\u1ec7nh ph\u00e1t s\u00e1ng, b\u1ec7nh \u0111\u01b0\u1eddng ru\u1ed9t do vi khu\u1ea9n vibrio g\u00e2y ra.<\/p>\n[sc name=\"scontacts\"]\n","protected":false},"featured_media":2332,"comment_status":"open","ping_status":"closed","template":"","meta":{"sfsi_plus_gutenberg_text_before_share":"","sfsi_plus_gutenberg_show_text_before_share":"","sfsi_plus_gutenberg_icon_type":"","sfsi_plus_gutenberg_icon_alignemt":"","sfsi_plus_gutenburg_max_per_row":""},"product_brand":[],"product_cat":[409,405,19],"product_tag":[271,566],"class_list":{"0":"post-2379","1":"product","2":"type-product","3":"status-publish","4":"has-post-thumbnail","6":"product_cat-thuoc-thu-y-thuy-san-tom","7":"product_cat-shrimp","8":"product_cat-aquaculture","9":"product_tag-nhiem-khuan-duong-tieu-hoa","10":"product_tag-tri-benh-phat-sang","12":"first","13":"instock","14":"shipping-taxable","15":"product-type-simple"},"_links":{"self":[{"href":"https:\/\/apanano.com\/vi\/wp-json\/wp\/v2\/product\/2379","targetHints":{"allow":["GET"]}}],"collection":[{"href":"https:\/\/apanano.com\/vi\/wp-json\/wp\/v2\/product"}],"about":[{"href":"https:\/\/apanano.com\/vi\/wp-json\/wp\/v2\/types\/product"}],"replies":[{"embeddable":true,"href":"https:\/\/apanano.com\/vi\/wp-json\/wp\/v2\/comments?post=2379"}],"wp:featuredmedia":[{"embeddable":true,"href":"https:\/\/apanano.com\/vi\/wp-json\/wp\/v2\/media\/2332"}],"wp:attachment":[{"href":"https:\/\/apanano.com\/vi\/wp-json\/wp\/v2\/media?parent=2379"}],"wp:term":[{"taxonomy":"product_brand","embeddable":true,"href":"https:\/\/apanano.com\/vi\/wp-json\/wp\/v2\/product_brand?post=2379"},{"taxonomy":"product_cat","embeddable":true,"href":"https:\/\/apanano.com\/vi\/wp-json\/wp\/v2\/product_cat?post=2379"},{"taxonomy":"product_tag","embeddable":true,"href":"https:\/\/apanano.com\/vi\/wp-json\/wp\/v2\/product_tag?post=2379"}],"curies":[{"name":"wp","href":"https:\/\/api.w.org\/{rel}","templated":true}]}}