{"id":2378,"date":"2018-06-11T08:36:12","date_gmt":"2018-06-11T01:36:12","guid":{"rendered":"http:\/\/apanano.com\/?post_type=product&#038;p=2378"},"modified":"2023-02-24T18:24:53","modified_gmt":"2023-02-24T11:24:53","slug":"apa-taka-shrimp","status":"publish","type":"product","link":"https:\/\/apanano.com\/vi\/product\/apa-taka-shrimp\/","title":{"rendered":"APA TAKA"},"content":{"rendered":"<p><strong>Th\u00e0nh ph\u1ea7n:<\/strong><br \/>\nSulfadimethoxine, Ormetoprim, Selenium h\u1eefu c\u01a1, Vitamin C, Vitamin E, T\u00e1 d\u01b0\u1ee3c v\u1eeba \u0111\u1ee7.<\/p>\n<p><strong>C\u00f4ng d\u1ee5ng:<\/strong><br \/>\nTr\u1ecb b\u1ec7nh do vi khu\u1ea9n Vibrio (Vibrio vulnificus, V.alginolitycus, V.harveyi,\u2026 ) g\u00e2y ra cho t\u00f4m nh\u01b0 b\u1ec7nh nh\u01b0 ph\u00e1t s\u00e1ng, ph\u00e2n tr\u1eafng, \u0111\u1ee9t r\u00e2u, ph\u1ed3ng \u0111u\u00f4i, ho\u1ea1i t\u1eed, \u0111en mang, \u0111\u1ed1m n\u00e2u.<\/p>\n<p><strong>C\u00e1ch s\u1eed d\u1ee5ng:<\/strong><br \/>\n&#8211; Tr\u1ecb b\u1ec7nh: D\u00f9ng 5 \u2013 7 g\/ kg th\u1ee9c \u0103n, cho \u0103n li\u00ean t\u1ee5c 3 \u2013 5 ng\u00e0y.<br \/>\n&#8211; Ph\u00f2ng b\u1ec7nh: B\u1eb1ng \u00bd li\u1ec1u tr\u1ecb.<\/p>\n<p><strong>Ch\u00fa \u00fd:<\/strong><br \/>\n&#8211; Ng\u01b0ng s\u1eed d\u1ee5ng 30 ng\u00e0y tr\u01b0\u1edbc khi thu ho\u1ea1ch.<br \/>\n&#8211; \u0110\u1ecdc k\u1ef9 h\u01b0\u1edbng d\u1eabn s\u1eed d\u1ee5ng tr\u01b0\u1edbc khi d\u00f9ng.<\/p>\n<p><strong>B\u1ea3o qu\u1ea3n:<\/strong><br \/>\n&#8211; N\u01a1i kh\u00f4 r\u00e1o, tho\u00e1ng m\u00e1t, tr\u00e1nh \u00e1nh s\u00e1ng tr\u1ef1c ti\u1ebfp.<br \/>\n&#8211; Tr\u00e1nh xa t\u1ea7m tay tr\u1ebb em.<\/p>\n<h3 style=\"text-align: center;\"><span style=\"color: #0000ff;\">CH\u1ec8 D\u00d9NG TRONG NU\u00d4I TR\u1ed2NG TH\u1ee6Y S\u1ea2N<\/span><\/h3>\r\n<blockquote>\r\n<p style=\"text-align: center;\"><em>\u201cS\u1ea3n ph\u1ea9m kh\u00f4ng ch\u1ee9a c\u00e1c ch\u1ea5t c\u1ea5m s\u1eed d\u1ee5ng trong s\u1ea3n xu\u1ea5t, kinh doanh th\u1ee7y s\u1ea3n theo c\u00e1c quy \u0111\u1ecbnh hi\u1ec7n h\u00e0nh c\u1ee7a <strong>B\u1ed9 N\u00f4ng nghi\u1ec7p v\u00e0 Ph\u00e1t tri\u1ec3n n\u00f4ng th\u00f4n<\/strong>\u201d<\/em><\/p>\r\n<\/blockquote>\r\n<!-- Shortcode [sts2] does not match the conditions -->\r\n\r\n<!-- Shortcode [act] does not exist -->\n","protected":false},"excerpt":{"rendered":"<h3><span style=\"color: #0000ff;\">TR\u1eca B\u1ec6NH PH\u00c1T S\u00c1NG, B\u1ec6NH \u0110\u01af\u1edcNG RU\u1ed8T DO VI KHU\u1ea8N VIBRIO G\u00c2Y RA<\/span><\/h3>\n<p><strong>C\u00f4ng d\u1ee5ng:<\/strong><br \/>\nTr\u1ecb b\u1ec7nh do vi khu\u1ea9n Vibrio (Vibrio vulnificus, V.alginolitycus, V.harveyi,\u2026 ) g\u00e2y ra cho t\u00f4m nh\u01b0 b\u1ec7nh nh\u01b0 ph\u00e1t s\u00e1ng, ph\u00e2n tr\u1eafng, \u0111\u1ee9t r\u00e2u, ph\u1ed3ng \u0111u\u00f4i, ho\u1ea1i t\u1eed, \u0111en mang, \u0111\u1ed1m n\u00e2u.<\/p>\n[sc name=\"scontacts\"]\n","protected":false},"featured_media":2333,"comment_status":"open","ping_status":"closed","template":"","meta":{"sfsi_plus_gutenberg_text_before_share":"","sfsi_plus_gutenberg_show_text_before_share":"","sfsi_plus_gutenberg_icon_type":"","sfsi_plus_gutenberg_icon_alignemt":"","sfsi_plus_gutenburg_max_per_row":""},"product_brand":[],"product_cat":[409,405,19],"product_tag":[470,566],"class_list":{"0":"post-2378","1":"product","2":"type-product","3":"status-publish","4":"has-post-thumbnail","6":"product_cat-thuoc-thu-y-thuy-san-tom","7":"product_cat-shrimp","8":"product_cat-aquaculture","9":"product_tag-phong-benh-duong-ruot","10":"product_tag-tri-benh-phat-sang","12":"first","13":"instock","14":"shipping-taxable","15":"product-type-simple"},"_links":{"self":[{"href":"https:\/\/apanano.com\/vi\/wp-json\/wp\/v2\/product\/2378","targetHints":{"allow":["GET"]}}],"collection":[{"href":"https:\/\/apanano.com\/vi\/wp-json\/wp\/v2\/product"}],"about":[{"href":"https:\/\/apanano.com\/vi\/wp-json\/wp\/v2\/types\/product"}],"replies":[{"embeddable":true,"href":"https:\/\/apanano.com\/vi\/wp-json\/wp\/v2\/comments?post=2378"}],"wp:featuredmedia":[{"embeddable":true,"href":"https:\/\/apanano.com\/vi\/wp-json\/wp\/v2\/media\/2333"}],"wp:attachment":[{"href":"https:\/\/apanano.com\/vi\/wp-json\/wp\/v2\/media?parent=2378"}],"wp:term":[{"taxonomy":"product_brand","embeddable":true,"href":"https:\/\/apanano.com\/vi\/wp-json\/wp\/v2\/product_brand?post=2378"},{"taxonomy":"product_cat","embeddable":true,"href":"https:\/\/apanano.com\/vi\/wp-json\/wp\/v2\/product_cat?post=2378"},{"taxonomy":"product_tag","embeddable":true,"href":"https:\/\/apanano.com\/vi\/wp-json\/wp\/v2\/product_tag?post=2378"}],"curies":[{"name":"wp","href":"https:\/\/api.w.org\/{rel}","templated":true}]}}