{"id":2327,"date":"2018-06-09T16:02:19","date_gmt":"2018-06-09T09:02:19","guid":{"rendered":"http:\/\/apanano.com\/?post_type=product&#038;p=2327"},"modified":"2023-02-24T18:24:54","modified_gmt":"2023-02-24T11:24:54","slug":"apa-tetra-shrimp","status":"publish","type":"product","link":"https:\/\/apanano.com\/vi\/product\/apa-tetra-shrimp\/","title":{"rendered":"APA TETRA"},"content":{"rendered":"<p><strong>Th\u00e0nh ph\u1ea7n:<\/strong><br \/>\n<a href=\"https:\/\/thaivietjs.com\/san-pham\/oxytetra-hcl\/\" target=\"_blank\" rel=\"noopener noreferrer\">Oxytetracycline HCl<\/a>, T\u00e1 d\u01b0\u1ee3c v\u1eeba \u0111\u1ee7.<\/p>\n<p><strong>C\u00f4ng d\u1ee5ng:<\/strong><br \/>\n&#8211; S\u1ea3n ph\u1ea9m kh\u00e1ng sinh ph\u1ed5 r\u1ed9ng c\u00f3 t\u00e1c d\u1ee5ng di\u1ec7t khu\u1ea9n nhanh v\u00e0 m\u1ea1nh. D\u00f9ng \u0111\u1ec3 ph\u00f2ng v\u00e0 tr\u1ecb b\u1ec7nh ho\u1ea1i t\u1eed gan t\u1ee5y tr\u00ean t\u00f4m. <a href=\"https:\/\/apanano.com\/technical-support\/loi-khuyen-dac-biet-de-dieu-tri-ehp-tu-chuyen-gia-thai-lan\/\" target=\"_blank\" rel=\"noopener noreferrer\">\u0110i\u1ec1u tr\u1ecb hi\u1ec7u qu\u1ea3 h\u1ed9i ch\u1ee9ng EMS<\/a>.<br \/>\n&#8211; \u0110i\u1ec1u tr\u1ecb b\u1ec7nh do vi khu\u1ea9n Vibrio tr\u00ean t\u00f4m g\u00e2y ra nh\u01b0 ph\u00e1t m\u00e0u \u0111\u1ecf hay m\u00e0u xanh, v\u1ecf b\u1ecb m\u1ec1m v\u00e0 xu\u1ea5t hi\u1ec7n c\u00e1c v\u1ebft th\u01b0\u01a1ng ho\u1ea1i t\u1eed, \u0103n m\u00f2n tr\u00ean v\u1ecf v\u00e0 c\u00e1c ph\u1ea7n ph\u1ee5.<br \/>\n&#8211; Chuy\u00ean ph\u00f2ng v\u00e0 tr\u1ecb c\u00e1c b\u1ec7nh do vi khu\u1ea9n, vi n\u1ea5m, vi b\u00e0o t\u1eed g\u00e2y ra nh\u01b0: s\u01b0ng gan, v\u00e0ng gan, nh\u0169n gan, ho\u1ea1i t\u1eed gan, gan \u1ee9 n\u01b0\u1edbc\u2026<br \/>\n&#8211; Ng\u0103n ng\u1eeba, kh\u1ed1ng ch\u1ebf hi\u1ec7u qu\u1ea3 c\u00e1c b\u1ec7nh v\u1ec1 \u0111\u01b0\u1eddng ru\u1ed9t, m\u1ec1m th\u00e2n, ph\u00e2n tr\u1eafng, ph\u00e2n l\u1ecfng\u2026 \u1edf c\u00e1c giai \u0111o\u1ea1n nu\u00f4i.<\/p>\n<p><strong>C\u00e1ch s\u1eed d\u1ee5ng:<\/strong><br \/>\n&#8211; Pho\u0300ng b\u00ea\u0323nh: 3 \u2013 5 g\/ 1 kg th\u01b0\u0301c \u0103n, cho \u0103n li\u00ean t\u1ee5c su\u1ed1t v\u1ee5 nu\u00f4i, cho \u0103n 1 l\u00e2\u0300n \/nga\u0300y.<br \/>\n&#8211; Tri\u0323 b\u00ea\u0323nh: S\u01b0\u0309 du\u0323ng 10g \/ 1 kg th\u01b0\u0301c \u0103n, cho \u0103n li\u00ean tu\u0323c 5 \u2013 7 nga\u0300y.<\/p>\n<p><strong>Ch\u00fa \u00fd:<\/strong><br \/>\n<strong>&#8211; Ng\u01b0ng s\u1eed d\u1ee5ng thu\u1ed1c tr\u01b0\u1edbc khi thu ho\u1ea1ch 4 tu\u1ea7n.<\/strong><br \/>\n&#8211; \u0110\u1ecdc k\u1ef9 h\u01b0\u1edbng d\u1eabn s\u1eed d\u1ee5ng tr\u01b0\u1edbc khi d\u00f9ng.<br \/>\n&#8211; Ch\u1ec9 d\u00f9ng trong nu\u00f4i tr\u1ed3ng th\u1ee7y s\u1ea3n.<\/p>\n<p><strong>B\u1ea3o qu\u1ea3n:<\/strong><br \/>\n&#8211; N\u01a1i kh\u00f4 r\u00e1o, tho\u00e1ng m\u00e1t, tr\u00e1nh \u00e1nh s\u00e1ng tr\u1ef1c ti\u1ebfp.<br \/>\n&#8211; Tr\u00e1nh xa t\u1ea7m tay tr\u1ebb em.<\/p>\n<h3 style=\"text-align: center;\"><span style=\"color: #0000ff;\">CH\u1ec8 D\u00d9NG TRONG NU\u00d4I TR\u1ed2NG TH\u1ee6Y S\u1ea2N<\/span><\/h3>\r\n<blockquote>\r\n<p style=\"text-align: center;\"><em>\u201cS\u1ea3n ph\u1ea9m kh\u00f4ng ch\u1ee9a c\u00e1c ch\u1ea5t c\u1ea5m s\u1eed d\u1ee5ng trong s\u1ea3n xu\u1ea5t, kinh doanh th\u1ee7y s\u1ea3n theo c\u00e1c quy \u0111\u1ecbnh hi\u1ec7n h\u00e0nh c\u1ee7a <strong>B\u1ed9 N\u00f4ng nghi\u1ec7p v\u00e0 Ph\u00e1t tri\u1ec3n n\u00f4ng th\u00f4n<\/strong>\u201d<\/em><\/p>\r\n<\/blockquote>\r\n<!-- Shortcode [sts2] does not match the conditions -->\r\n\r\n<!-- Shortcode [act] does not exist -->\n","protected":false},"excerpt":{"rendered":"<h3><span style=\"color: #0000ff;\"><strong>PH\u00d2NG V\u00c0 TR\u1eca B\u1ec6NH HO\u1ea0I T\u1eec GAN T\u1ee4Y TR\u00caN T\u00d4M,\u00a0<\/strong><strong>\u0110I\u1ec0U TR\u1eca HI\u1ec6U QU\u1ea2 H\u1ed8I CH\u1ee8NG EMS<\/strong><\/span><\/h3>\n<p><strong>C\u00f4ng d\u1ee5ng:<\/strong><br \/>\n&#8211; S\u1ea3n ph\u1ea9m kh\u00e1ng sinh ph\u1ed5 r\u1ed9ng c\u00f3 t\u00e1c d\u1ee5ng di\u1ec7t khu\u1ea9n nhanh v\u00e0 m\u1ea1nh. D\u00f9ng \u0111\u1ec3 ph\u00f2ng v\u00e0 tr\u1ecb b\u1ec7nh ho\u1ea1i t\u1eed gan t\u1ee5y tr\u00ean t\u00f4m. \u0110i\u1ec1u tr\u1ecb hi\u1ec7u qu\u1ea3 h\u1ed9i ch\u1ee9ng EMS.<br \/>\n&#8211; \u0110i\u1ec1u tr\u1ecb b\u1ec7nh do vi khu\u1ea9n Vibrio tr\u00ean t\u00f4m g\u00e2y ra nh\u01b0 ph\u00e1t m\u00e0u \u0111\u1ecf hay m\u00e0u xanh, v\u1ecf b\u1ecb m\u1ec1m v\u00e0 xu\u1ea5t hi\u1ec7n c\u00e1c v\u1ebft th\u01b0\u01a1ng ho\u1ea1i t\u1eed, \u0103n m\u00f2n tr\u00ean v\u1ecf v\u00e0 c\u00e1c ph\u1ea7n ph\u1ee5.<br \/>\n&#8211; Chuy\u00ean ph\u00f2ng v\u00e0 tr\u1ecb c\u00e1c b\u1ec7nh do vi khu\u1ea9n, vi n\u1ea5m, vi b\u00e0o t\u1eed g\u00e2y ra nh\u01b0: s\u01b0ng gan, v\u00e0ng gan, nh\u0169n gan, ho\u1ea1i t\u1eed gan, gan \u1ee9 n\u01b0\u1edbc\u2026<br \/>\n&#8211; Ng\u0103n ng\u1eeba, kh\u1ed1ng ch\u1ebf hi\u1ec7u qu\u1ea3 c\u00e1c b\u1ec7nh v\u1ec1 \u0111\u01b0\u1eddng ru\u1ed9t, m\u1ec1m th\u00e2n, ph\u00e2n tr\u1eafng, ph\u00e2n l\u1ecfng\u2026 \u1edf c\u00e1c giai \u0111o\u1ea1n nu\u00f4i.<\/p>\n[sc name=\"scontacts\"]\n","protected":false},"featured_media":2328,"comment_status":"open","ping_status":"closed","template":"","meta":{"sfsi_plus_gutenberg_text_before_share":"","sfsi_plus_gutenberg_show_text_before_share":"","sfsi_plus_gutenberg_icon_type":"","sfsi_plus_gutenberg_icon_alignemt":"","sfsi_plus_gutenburg_max_per_row":""},"product_brand":[],"product_cat":[409,405,19],"product_tag":[510,547,548,470,566],"class_list":{"0":"post-2327","1":"product","2":"type-product","3":"status-publish","4":"has-post-thumbnail","6":"product_cat-thuoc-thu-y-thuy-san-tom","7":"product_cat-shrimp","8":"product_cat-aquaculture","9":"product_tag-diet-khuan-ao-nuoi","10":"product_tag-dac-tri-hoai-tu-gan-tuy","11":"product_tag-dieu-tri-hoi-chung-ems","12":"product_tag-phong-benh-duong-ruot","13":"product_tag-tri-benh-phat-sang","15":"first","16":"instock","17":"shipping-taxable","18":"product-type-simple"},"_links":{"self":[{"href":"https:\/\/apanano.com\/vi\/wp-json\/wp\/v2\/product\/2327","targetHints":{"allow":["GET"]}}],"collection":[{"href":"https:\/\/apanano.com\/vi\/wp-json\/wp\/v2\/product"}],"about":[{"href":"https:\/\/apanano.com\/vi\/wp-json\/wp\/v2\/types\/product"}],"replies":[{"embeddable":true,"href":"https:\/\/apanano.com\/vi\/wp-json\/wp\/v2\/comments?post=2327"}],"wp:featuredmedia":[{"embeddable":true,"href":"https:\/\/apanano.com\/vi\/wp-json\/wp\/v2\/media\/2328"}],"wp:attachment":[{"href":"https:\/\/apanano.com\/vi\/wp-json\/wp\/v2\/media?parent=2327"}],"wp:term":[{"taxonomy":"product_brand","embeddable":true,"href":"https:\/\/apanano.com\/vi\/wp-json\/wp\/v2\/product_brand?post=2327"},{"taxonomy":"product_cat","embeddable":true,"href":"https:\/\/apanano.com\/vi\/wp-json\/wp\/v2\/product_cat?post=2327"},{"taxonomy":"product_tag","embeddable":true,"href":"https:\/\/apanano.com\/vi\/wp-json\/wp\/v2\/product_tag?post=2327"}],"curies":[{"name":"wp","href":"https:\/\/api.w.org\/{rel}","templated":true}]}}