{"id":1367,"date":"2016-08-03T15:14:10","date_gmt":"2016-08-03T08:14:10","guid":{"rendered":"http:\/\/apanano.com\/?post_type=product&#038;p=1367"},"modified":"2023-02-24T18:25:33","modified_gmt":"2023-02-24T11:25:33","slug":"apa-genta-10-i","status":"publish","type":"product","link":"https:\/\/apanano.com\/vi\/product\/apa-genta-10-i\/","title":{"rendered":"APA GENTA 10 I"},"content":{"rendered":"<p>Dung d\u1ecbch ti\u00eam.<\/p>\n<p><strong>TH\u00c0NH PH\u1ea6N<\/strong><br \/>\nGentamycin sulphate, Dung m\u00f4i v\u1eeba \u0111\u1ee7.<\/p>\n<p><strong>C\u00d4NG D\u1ee4NG<\/strong><br \/>\n\u0110i\u1ec1u tr\u1ecb vi\u00eam nhi\u1ec5m g\u00e2y b\u1edfi vi khu\u1ea9n m\u1eabn c\u1ea3m v\u1edbi Gentamycin nh\u01b0 <a href=\"https:\/\/apanano.com\/technical-support\/benh-viem-phoi-dinh-suon-app-tren-heo\/\">vi\u00eam ph\u1ed5i<\/a>, <a href=\"https:\/\/apanano.com\/technical-support\/chronic-respiratory-disease-crd-in-poultry\/\">vi\u00eam \u0111\u01b0\u1eddng h\u00f4 h\u1ea5p<\/a>, ti\u00eau h\u00f3a, sinh d\u1ee5c.<\/p>\n<p><strong>C\u00c1CH S\u1eec D\u1ee4NG V\u00c0 LI\u1ec0U D\u00d9NG<\/strong><br \/>\nTi\u00eam b\u1eafp:<br \/>\n&#8211; Tr\u00e2u, b\u00f2, ng\u1ef1a: 1 ml\/25 kg th\u1ec3 tr\u1ecdng\/ng\u00e0y.<br \/>\n&#8211; Heo: 1 ml\/20 kg th\u1ec3 tr\u1ecdng\/ng\u00e0y.<br \/>\n&#8211; Ch\u00f3, m\u00e8o: 1 ml\/8 &#8211; 10 kg th\u1ec3 tr\u1ecdng\/ng\u00e0y.<br \/>\n\u0110\u1ed1i v\u1edbi gia c\u1ea7m: 1 ml\/l\u00edt n\u01b0\u1edbc u\u1ed1ng.<br \/>\nB\u01a1m th\u1ee5t t\u1eed cung b\u00f2 s\u1eefa: 2 &#8211; 5 ml\/50 &#8211; 100 ml dung d\u1ecbch n\u01b0\u1edbc mu\u1ed1i 0,9%.<br \/>\nD\u00f9ng trong 3 &#8211; 5 ng\u00e0y.<\/p>\n<p><strong>TH\u1edcI GIAN NG\u01afNG S\u1eec D\u1ee4NG THU\u1ed0C<\/strong><br \/>\nKhai th\u00e1c th\u1ecbt: 7 ng\u00e0y; Khai th\u00e1c s\u1eefa: 2 ng\u00e0y.<\/p>\n<p><strong>B\u1ea2O QU\u1ea2N<\/strong><br \/>\nN\u01a1i kh\u00f4 r\u00e1o, tho\u00e1ng m\u00e1t, tr\u00e1nh \u00e1nh s\u00e1ng tr\u1ef1c ti\u1ebfp.<\/p>\n<h3 style=\"text-align: center;\"><span style=\"color: #ff0000;\">CH\u1ec8 D\u00d9NG TRONG TH\u00da Y<\/span><\/h3>\r\n<blockquote>\r\n<p style=\"text-align: center;\"><em>\u201cS\u1ea3n ph\u1ea9m kh\u00f4ng ch\u1ee9a c\u00e1c ch\u1ea5t c\u1ea5m s\u1eed d\u1ee5ng trong s\u1ea3n xu\u1ea5t, kinh doanh th\u00fa y theo c\u00e1c quy \u0111\u1ecbnh hi\u1ec7n h\u00e0nh c\u1ee7a <strong>B\u1ed9 N\u00f4ng nghi\u1ec7p v\u00e0 Ph\u00e1t tri\u1ec3n n\u00f4ng th\u00f4n<\/strong>\u201d<\/em><\/p>\r\n<\/blockquote>\r\n<p><!-- Shortcode [sty2] does not match the conditions --><\/p>\r\n<p style=\"text-align: center;\">S\u1ea3n ph\u1ea9m <a href=\"\">Thu\u1ed1c Th\u00fa Y <\/a> gi\u00e1 b\u00e1n, th\u00e0nh ph\u1ea7n ch\u00ednh, c\u00f4ng d\u1ee5ng \u0111i\u1ec1u tr\u1ecb, h\u01b0\u1edbng d\u1eabn s\u1eed d\u1ee5ng!<\/p>\n","protected":false},"excerpt":{"rendered":"<h3><span style=\"color: #ff0000;\">\u0110\u1eb6C TR\u1eca NHI\u1ec4M TR\u00d9NG H\u00d4 H\u1ea4P V\u00c0 SINH D\u1ee4C<\/span><\/h3>\n<p><strong>C\u00d4NG D\u1ee4NG<\/strong><br \/>\n\u0110i\u1ec1u tr\u1ecb vi\u00eam nhi\u1ec5m g\u00e2y b\u1edfi vi khu\u1ea9n m\u1eabn c\u1ea3m v\u1edbi Gentamycin nh\u01b0 vi\u00eam ph\u1ed5i, vi\u00eam \u0111\u01b0\u1eddng h\u00f4 h\u1ea5p, ti\u00eau h\u00f3a, sinh d\u1ee5c.<\/p>\n[sc name=\"scontact\" ]\n","protected":false},"featured_media":1368,"comment_status":"open","ping_status":"closed","template":"","meta":{"sfsi_plus_gutenberg_text_before_share":"","sfsi_plus_gutenberg_show_text_before_share":"","sfsi_plus_gutenberg_icon_type":"","sfsi_plus_gutenberg_icon_alignemt":"","sfsi_plus_gutenburg_max_per_row":""},"product_brand":[],"product_cat":[16,18],"product_tag":[688,689],"class_list":{"0":"post-1367","1":"product","2":"type-product","3":"status-publish","4":"has-post-thumbnail","6":"product_cat-livestock","7":"product_cat-poultry","8":"product_tag-thuoc-thu-y","9":"product_tag-thuoc-tiem","11":"first","12":"instock","13":"shipping-taxable","14":"product-type-simple"},"_links":{"self":[{"href":"https:\/\/apanano.com\/vi\/wp-json\/wp\/v2\/product\/1367","targetHints":{"allow":["GET"]}}],"collection":[{"href":"https:\/\/apanano.com\/vi\/wp-json\/wp\/v2\/product"}],"about":[{"href":"https:\/\/apanano.com\/vi\/wp-json\/wp\/v2\/types\/product"}],"replies":[{"embeddable":true,"href":"https:\/\/apanano.com\/vi\/wp-json\/wp\/v2\/comments?post=1367"}],"wp:featuredmedia":[{"embeddable":true,"href":"https:\/\/apanano.com\/vi\/wp-json\/wp\/v2\/media\/1368"}],"wp:attachment":[{"href":"https:\/\/apanano.com\/vi\/wp-json\/wp\/v2\/media?parent=1367"}],"wp:term":[{"taxonomy":"product_brand","embeddable":true,"href":"https:\/\/apanano.com\/vi\/wp-json\/wp\/v2\/product_brand?post=1367"},{"taxonomy":"product_cat","embeddable":true,"href":"https:\/\/apanano.com\/vi\/wp-json\/wp\/v2\/product_cat?post=1367"},{"taxonomy":"product_tag","embeddable":true,"href":"https:\/\/apanano.com\/vi\/wp-json\/wp\/v2\/product_tag?post=1367"}],"curies":[{"name":"wp","href":"https:\/\/api.w.org\/{rel}","templated":true}]}}