{"id":1348,"date":"2016-08-03T15:29:51","date_gmt":"2016-08-03T08:29:51","guid":{"rendered":"http:\/\/apanano.com\/?post_type=product&#038;p=1348"},"modified":"2023-02-24T18:25:29","modified_gmt":"2023-02-24T11:25:29","slug":"apa-amino","status":"publish","type":"product","link":"https:\/\/apanano.com\/vi\/product\/apa-amino\/","title":{"rendered":"APA AMINO"},"content":{"rendered":"<p>Dung d\u1ecbch ti\u00eam.<\/p>\n<p><strong>TH\u00c0NH PH\u1ea6N<\/strong><br \/>\nArginine, Histidine, Isoleucine, Leucine, Lysine, Methionine, Phenylalanine, Threonine, Tryptophan, Valine, Cystein.<\/p>\n<p><strong>C\u00d4NG D\u1ee4NG<\/strong><br \/>\nCung c\u1ea5p c\u00e1c acid amin thi\u1ebft y\u1ebfu, n\u00e2ng cao s\u1ee9c \u0111\u1ec1 kh\u00e1ng, gi\u00fap v\u1eadt nu\u00f4i mau h\u1ed3i ph\u1ee5c sau khi b\u1ecb b\u1ec7nh, ch\u1ed1ng c\u00f2i c\u1ecdc, suy nh\u01b0\u1ee3c, <a href=\"https:\/\/apanano.com\/technical-support\/quan-ly-heo-sinh-san-phan-1\/\">t\u0103ng kh\u1ea3 n\u0103ng sinh s\u1ea3n<\/a>.<\/p>\n<p><strong>C\u00c1CH S\u1eec D\u1ee4NG V\u00c0 LI\u1ec0U D\u00d9NG<\/strong><br \/>\nTi\u00eam s\u00e2u b\u1eafp th\u1ecbt.<br \/>\n&#8211; Heo con: 2 &#8211; 5 ml\/con\/ng\u00e0y.<br \/>\n&#8211; Heo l\u1edbn: 5 &#8211; 10 ml\/con\/ng\u00e0y.<br \/>\n&#8211; Heo n\u00e1i: 10 &#8211; 15 ml\/com\/ng\u00e0y.<br \/>\n&#8211; D\u00ea, c\u1eebu: 5 &#8211; 10 ml\/con\/ng\u00e0y.<br \/>\n&#8211; Tr\u00e2u, b\u00f2: 10 &#8211; 20 ml\/con\/ng\u00e0y.<br \/>\n\u1ede th\u00fa l\u1edbn, ti\u00eam tr\u00ean 10 ml ph\u1ea3i ti\u00eam \u1edf 2 v\u1ecb tr\u00ed kh\u00e1c nhau.<br \/>\nC\u00f3 th\u1ec3 dung pha u\u1ed1ng, li\u1ec1u 5 ml\/l\u00edt n\u01b0\u1edbc u\u1ed1ng su\u1ed1t ng\u00e0y.<\/p>\n<p><strong>TH\u1edcI GIAN NG\u01afNG S\u1eec D\u1ee4NG THU\u1ed0C:<\/strong> 0 ng\u00e0y.<\/p>\n<p><strong>B\u1ea2O QU\u1ea2N<\/strong><br \/>\nN\u01a1i kh\u00f4 r\u00e1o, tho\u00e1ng m\u00e1t, tr\u00e1nh \u00e1nh s\u00e1ng tr\u1ef1c ti\u1ebfp.<\/p>\n<h3 style=\"text-align: center;\"><span style=\"color: #ff0000;\">CH\u1ec8 D\u00d9NG TRONG TH\u00da Y<\/span><\/h3>\r\n<blockquote>\r\n<p style=\"text-align: center;\"><em>\u201cS\u1ea3n ph\u1ea9m kh\u00f4ng ch\u1ee9a c\u00e1c ch\u1ea5t c\u1ea5m s\u1eed d\u1ee5ng trong s\u1ea3n xu\u1ea5t, kinh doanh th\u00fa y theo c\u00e1c quy \u0111\u1ecbnh hi\u1ec7n h\u00e0nh c\u1ee7a <strong>B\u1ed9 N\u00f4ng nghi\u1ec7p v\u00e0 Ph\u00e1t tri\u1ec3n n\u00f4ng th\u00f4n<\/strong>\u201d<\/em><\/p>\r\n<\/blockquote>\r\n<p><!-- Shortcode [sty2] does not match the conditions --><\/p>\r\n<p style=\"text-align: center;\">S\u1ea3n ph\u1ea9m <a href=\"\">Thu\u1ed1c Th\u00fa Y <\/a> gi\u00e1 b\u00e1n, th\u00e0nh ph\u1ea7n ch\u00ednh, c\u00f4ng d\u1ee5ng \u0111i\u1ec1u tr\u1ecb, h\u01b0\u1edbng d\u1eabn s\u1eed d\u1ee5ng!<\/p>\n","protected":false},"excerpt":{"rendered":"<h3><span style=\"color: #ff0000;\">H\u1ed2I S\u1ee8C CHO TH\u00da B\u1ec6NH<\/span><\/h3>\n<p><strong>C\u00d4NG D\u1ee4NG<\/strong><br \/>\nCung c\u1ea5p c\u00e1c acid amin thi\u1ebft y\u1ebfu, n\u00e2ng cao s\u1ee9c \u0111\u1ec1 kh\u00e1ng, gi\u00fap v\u1eadt nu\u00f4i mau h\u1ed3i ph\u1ee5c sau khi b\u1ecb b\u1ec7nh, ch\u1ed1ng c\u00f2i c\u1ecdc, suy nh\u01b0\u1ee3c, t\u0103ng kh\u1ea3 n\u0103ng sinh s\u1ea3n.<\/p>\n[sc name=\"scontact\" ]\n","protected":false},"featured_media":1379,"comment_status":"open","ping_status":"closed","template":"","meta":{"sfsi_plus_gutenberg_text_before_share":"","sfsi_plus_gutenberg_show_text_before_share":"","sfsi_plus_gutenberg_icon_type":"","sfsi_plus_gutenberg_icon_alignemt":"","sfsi_plus_gutenburg_max_per_row":""},"product_brand":[],"product_cat":[16,18],"product_tag":[688,689],"class_list":{"0":"post-1348","1":"product","2":"type-product","3":"status-publish","4":"has-post-thumbnail","6":"product_cat-livestock","7":"product_cat-poultry","8":"product_tag-thuoc-thu-y","9":"product_tag-thuoc-tiem","11":"first","12":"instock","13":"shipping-taxable","14":"product-type-simple"},"_links":{"self":[{"href":"https:\/\/apanano.com\/vi\/wp-json\/wp\/v2\/product\/1348","targetHints":{"allow":["GET"]}}],"collection":[{"href":"https:\/\/apanano.com\/vi\/wp-json\/wp\/v2\/product"}],"about":[{"href":"https:\/\/apanano.com\/vi\/wp-json\/wp\/v2\/types\/product"}],"replies":[{"embeddable":true,"href":"https:\/\/apanano.com\/vi\/wp-json\/wp\/v2\/comments?post=1348"}],"wp:featuredmedia":[{"embeddable":true,"href":"https:\/\/apanano.com\/vi\/wp-json\/wp\/v2\/media\/1379"}],"wp:attachment":[{"href":"https:\/\/apanano.com\/vi\/wp-json\/wp\/v2\/media?parent=1348"}],"wp:term":[{"taxonomy":"product_brand","embeddable":true,"href":"https:\/\/apanano.com\/vi\/wp-json\/wp\/v2\/product_brand?post=1348"},{"taxonomy":"product_cat","embeddable":true,"href":"https:\/\/apanano.com\/vi\/wp-json\/wp\/v2\/product_cat?post=1348"},{"taxonomy":"product_tag","embeddable":true,"href":"https:\/\/apanano.com\/vi\/wp-json\/wp\/v2\/product_tag?post=1348"}],"curies":[{"name":"wp","href":"https:\/\/api.w.org\/{rel}","templated":true}]}}