{"id":40,"date":"2016-06-29T04:16:16","date_gmt":"2016-06-29T04:16:16","guid":{"rendered":"http:\/\/apanano.com\/w\/?page_id=40"},"modified":"2023-04-05T14:10:37","modified_gmt":"2023-04-05T07:10:37","slug":"about","status":"publish","type":"page","link":"https:\/\/apanano.com\/vi\/about\/","title":{"rendered":"Gi\u1edbi thi\u1ec7u"},"content":{"rendered":"<p><strong>C\u00d4NG TY TNHH C\u00d4NG NGH\u1ec6 NANO H\u1ee2P NH\u1ea4T APA<\/strong> v\u1edbi v\u1ed1n \u0111\u1ea7u t\u01b0 li\u00ean doanh gi\u1eefa Th\u00e1i Lan v\u00e0 Vi\u1ec7t Nam, ch\u00fang t\u00f4i t\u1ef1 h\u00e0o l\u00e0 m\u1ed9t doanh nghi\u1ec7p d\u1eabn \u0111\u1ea7u v\u1ec1 c\u00f4ng ngh\u1ec7 v\u01b0\u1ee3t tr\u1ed9i trong ng\u00e0nh <strong>Thu\u1ed1c Th\u00fa Y Vi\u1ec7t Nam<\/strong> n\u00f3i ri\u00eang v\u00e0 khu v\u1ef1c Ch\u00e2u \u00c1 n\u00f3i chung. V\u1edbi s\u1ef1 t\u00e2m huy\u1ebft v\u00e0 n\u1ed7 l\u1ef1c kh\u00f4ng ng\u1eebng, ch\u00fang t\u00f4i lu\u00f4n c\u1ed1 g\u1eafng nghi\u00ean c\u1ee9u, t\u00ecm t\u00f2i v\u00e0 k\u1ebft h\u1ee3p v\u1edbi nh\u1eefng gi\u1ea3i ph\u00e1p c\u00f4ng ngh\u1ec7 ti\u00ean ti\u1ebfn c\u1ee7a Th\u00e1i Lan \u0111\u1ec3 cho ra \u0111\u1eddi nh\u1eefng s\u1ea3n ph\u1ea9m v\u1edbi c\u00f4ng th\u1ee9c \u0111\u1ea1t chu\u1ea9n qu\u1ed1c t\u1ebf t\u1ea1o \u0111\u01b0\u1ee3c ti\u1ebfng vang v\u00e0 uy t\u00edn tr\u00ean th\u1ecb tr\u01b0\u1eddng n\u1ed9i \u0111\u1ecba v\u00e0 th\u1ebf gi\u1edbi.<\/p>\n<p style=\"text-align: center;\"><iframe loading=\"lazy\" src=\"https:\/\/www.youtube.com\/embed\/OyXWkxrxNaQ\" width=\"640\" height=\"360\" frameborder=\"0\" allowfullscreen=\"allowfullscreen\"><\/iframe><\/p>\n<p>Hi\u1ec3u \u0111\u01b0\u1ee3c t\u1ea7m quan tr\u1ecdng c\u1ee7a c\u00f4ng ngh\u1ec7 trong vi\u1ec7c n\u00e2ng cao v\u00e0 c\u1ea3i ti\u1ebfn ch\u1ea5t l\u01b0\u1ee3ng s\u1ea3n ph\u1ea9m, ch\u00fang t\u00f4i \u0111\u00e3 \u0111\u1ea7u t\u01b0 x\u00e2y d\u1ef1ng <strong><a href=\"http:\/\/apanano.com\/\">Nh\u00e0 m\u00e1y Thu\u1ed1c Th\u00fa Y APA \u0111\u1ea1t chu\u1ea9n GMP \u2013 WHO<\/a><\/strong> do C\u1ee5c Th\u00fa Y &amp; B\u1ed9 Y T\u1ebf ban h\u00e0nh. Nh\u00e0 m\u00e1y <strong>APA<\/strong> \u0111\u01b0\u1ee3c trang b\u1ecb v\u1edbi h\u1ec7 th\u1ed1ng ph\u00f2ng th\u00ed nghi\u1ec7m hi\u1ec7n \u0111\u1ea1i \u0111\u1ea1t chu\u1ea9n <strong>GLP \u2013 WHO<\/strong>, h\u1ec7 th\u1ed1ng kho l\u01b0u tr\u1eef h\u00e0ng h\u00f3a chu\u1ea9n <strong>GSP \u2013 WHO<\/strong>, h\u1ec7 th\u1ed1ng trang thi\u1ebft b\u1ecb ti\u00ean ti\u1ebfn c\u00f9ng v\u1edbi \u0111\u1ed9i ng\u0169 chuy\u00ean gia, nh\u00e2n vi\u00ean, qu\u1ea3n l\u00ed Th\u00e1i &#8211; Vi\u1ec7t d\u00e0y d\u1eb7n kinh nghi\u1ec7m v\u00e0 chuy\u00ean m\u00f4n cao. Ngo\u00e0i ra, t\u1ea5t c\u1ea3 qu\u00e1 tr\u00ecnh s\u1ea3n xu\u1ea5t \u0111\u1ec1u \u0111\u01b0\u1ee3c ki\u1ec3m tra nghi\u00eam ng\u1eb7t theo h\u1ec7 th\u1ed1ng kh\u00e9p k\u00edn nh\u1eb1m \u0111\u1ea3m b\u1ea3o ti\u00eau chu\u1ea9n ch\u1ea5t l\u01b0\u1ee3ng. Do \u0111\u00f3, ch\u00fang t\u00f4i \u0111\u1eb7t ni\u1ec1m tin m\u1ea1nh m\u1ebd v\u00e0o s\u1ea3n ph\u1ea9m v\u00e0 d\u1ecbch v\u1ee5 m\u00e0 <strong>APA<\/strong> mang \u0111\u1ebfn.<\/p>\n<figure id=\"attachment_1019\" class=\"thumbnail wp-caption aligncenter\" style=\"width: 1200px\"><a href=\"http:\/\/apanano.com\/product\/\" target=\"_blank\" rel=\"noopener noreferrer\"><img loading=\"lazy\" decoding=\"async\" class=\"wp-image-1019 size-full\" src=\"http:\/\/apanano.com\/wp-content\/uploads\/Thuoc-Thu-Y-APA-Veterinary-Medicine.jpg\" alt=\"S\u1ea3n ph\u1ea9m Thu\u1ed1c Th\u00fa Y APA\" width=\"1200\" height=\"848\" \/><\/a><figcaption class=\"caption wp-caption-text\"><em><a href=\"http:\/\/apanano.com\/product\/\" target=\"_blank\" rel=\"noopener noreferrer\">S\u1ea3n ph\u1ea9m Thu\u1ed1c Th\u00fa Y APA<\/a><\/em><\/figcaption><\/figure>\n<p>Trong b\u1ed1i c\u1ea3nh th\u1ecb tr\u01b0\u1eddng Thu\u1ed1c Th\u00fa Y trong v\u00e0 ngo\u00e0i n\u01b0\u1edbc \u0111ang n\u1ed5i l\u00ean \u0111\u1ea7y ti\u1ec1m n\u0103ng, ch\u00fang t\u00f4i tin r\u1eb1ng nh\u1eefng s\u1ea3n ph\u1ea9m v\u00e0 d\u1ecbch v\u1ee5 m\u00e0 ch\u00fang t\u00f4i cung c\u1ea5p s\u1ebd g\u00f3p ph\u1ea7n x\u00e2y d\u1ef1ng n\u1ec1n t\u1ea3ng v\u1eefng ch\u1eafc cho s\u1ef1 th\u00e0nh c\u00f4ng v\u00e0 ph\u00e1t tri\u1ec3n b\u1ec1n v\u1eefng c\u1ee7a m\u1ed7i kh\u00e1ch h\u00e0ng. V\u1edbi ph\u01b0\u01a1ng ch\u00e2m <strong>\u201cGi\u00e1 tr\u1ecb th\u1eadt cho Th\u00e0nh c\u00f4ng th\u1eadt\u201d<\/strong>, <strong>APA<\/strong> x\u1ee9ng \u0111\u00e1ng l\u00e0 \u0111\u1ed1i t\u00e1c tin c\u1eady nh\u1ea5t \u0111\u1ec3 c\u00f9ng \u0111\u1ed3ng h\u00e0nh v\u00e0 ph\u00e1t tri\u1ec3n.<\/p>\n<p><script async src='https:\/\/cse.google.com\/cse.js?cx=partner-pub-6803936325632202:gcsaswtpzn4'><\/script><\/p>\n<div class=\"gcse-searchbox-only\"><\/div>\n","protected":false},"excerpt":{"rendered":"<p>C\u00d4NG TY TNHH C\u00d4NG NGH\u1ec6 NANO H\u1ee2P NH\u1ea4T APA v\u1edbi v\u1ed1n \u0111\u1ea7u t\u01b0 li\u00ean doanh gi\u1eefa Th\u00e1i Lan v\u00e0 Vi\u1ec7t Nam, ch\u00fang t\u00f4i t\u1ef1 h\u00e0o l\u00e0 m\u1ed9t doanh nghi\u1ec7p d\u1eabn \u0111\u1ea7u v\u1ec1 c\u00f4ng ngh\u1ec7 v\u01b0\u1ee3t tr\u1ed9i trong ng\u00e0nh Thu\u1ed1c Th\u00fa &hellip; <a class=\"kt-excerpt-readmore\" href=\"https:\/\/apanano.com\/vi\/about\/\" aria-label=\"Gi\u1edbi thi\u1ec7u\">\u0110\u1ecdc th\u00eam<\/a><\/p>\n","protected":false},"author":1,"featured_media":0,"parent":0,"menu_order":0,"comment_status":"closed","ping_status":"open","template":"page-fullwidth.php","meta":{"sfsi_plus_gutenberg_text_before_share":"","sfsi_plus_gutenberg_show_text_before_share":"","sfsi_plus_gutenberg_icon_type":"","sfsi_plus_gutenberg_icon_alignemt":"","sfsi_plus_gutenburg_max_per_row":"","footnotes":""},"class_list":["post-40","page","type-page","status-publish","hentry"],"_links":{"self":[{"href":"https:\/\/apanano.com\/vi\/wp-json\/wp\/v2\/pages\/40","targetHints":{"allow":["GET"]}}],"collection":[{"href":"https:\/\/apanano.com\/vi\/wp-json\/wp\/v2\/pages"}],"about":[{"href":"https:\/\/apanano.com\/vi\/wp-json\/wp\/v2\/types\/page"}],"author":[{"embeddable":true,"href":"https:\/\/apanano.com\/vi\/wp-json\/wp\/v2\/users\/1"}],"replies":[{"embeddable":true,"href":"https:\/\/apanano.com\/vi\/wp-json\/wp\/v2\/comments?post=40"}],"version-history":[{"count":48,"href":"https:\/\/apanano.com\/vi\/wp-json\/wp\/v2\/pages\/40\/revisions"}],"predecessor-version":[{"id":6656,"href":"https:\/\/apanano.com\/vi\/wp-json\/wp\/v2\/pages\/40\/revisions\/6656"}],"wp:attachment":[{"href":"https:\/\/apanano.com\/vi\/wp-json\/wp\/v2\/media?parent=40"}],"curies":[{"name":"wp","href":"https:\/\/api.w.org\/{rel}","templated":true}]}}