{"id":102,"date":"2016-07-06T07:06:36","date_gmt":"2016-07-06T07:06:36","guid":{"rendered":"http:\/\/apanano.com\/w\/?page_id=102"},"modified":"2025-07-01T10:52:33","modified_gmt":"2025-07-01T03:52:33","slug":"contact","status":"publish","type":"page","link":"https:\/\/apanano.com\/vi\/contact\/","title":{"rendered":"Li\u00ean h\u1ec7"},"content":{"rendered":"<div class=\"row\">\n<div class=\"col-md-8  \">\n<h3><span style=\"color: #006633;\"><strong>C\u00f4ng ty TNHH C\u00f4ng ngh\u1ec7 Nano H\u1ee3p nh\u1ea5t APA<\/strong><\/span><\/h3>\n\t\t\t<i class=\"icon-location \" style=\"font-size:14px; display:inline-block; color:#000000; \t\t\t\"><\/i>\n\t\t\t\t\u00a0Nh\u00e0 m\u00e1y: <a href=\"https:\/\/g.page\/apanano?share\" target=\"_blank\" rel=\"noopener noreferrer\">L\u00f4 C2-4, \u0110\u01b0\u1eddng VL3, Khu C\u00f4ng Nghi\u1ec7p V\u0129nh L\u1ed9c 2, \u1ea4p Voi L\u00e1, X\u00e3 M\u1ef9 Y\u00ean, T\u1ec9nh T\u00e2y Ninh<\/a> (\u0110\u1ecba ch\u1ec9 c\u0169 tr\u01b0\u1edbc ng\u00e0y 1\/7\/2025: L\u00f4 C2-4, \u0110\u01b0\u1eddng VL3, Khu C\u00f4ng Nghi\u1ec7p V\u0129nh L\u1ed9c 2, \u1ea4p Voi L\u00e1, X\u00e3 Long Hi\u1ec7p, Huy\u1ec7n B\u1ebfn L\u1ee9c, T\u1ec9nh Long An)<\/p>\n<div align=\"center\"><iframe loading=\"lazy\" style=\"border: 0;\" src=\"https:\/\/www.google.com\/maps\/embed?pb=!1m14!1m8!1m3!1d31369.895391389022!2d106.49648560794832!3d10.638693477575512!3m2!1i1024!2i768!4f13.1!3m3!1m2!1s0x0%3A0x3a33fff4ec05f5eb!2zQ8O0bmcgdHkgSOG7o3AgTmjhuqV0IEFQQQ!5e0!3m2!1sen!2s!4v1470647370276\" width=\"100%\" height=\"200\" frameborder=\"0\" allowfullscreen=\"allowfullscreen\"><\/iframe><\/div>\n\t\t\t<i class=\"icon-office \" style=\"font-size:14px; display:inline-block; color:#000000; \t\t\t\"><\/i>\n\t\t\t\t\u00a0V\u0103n ph\u00f2ng \u0111\u1ea1i di\u1ec7n: <a href=\"https:\/\/goo.gl\/maps\/311T11iVGZ1vVM7W9\" target=\"_blank\" rel=\"noopener noreferrer\">87 \u0110\u00e0o Duy Anh, Ph\u01b0\u1eddng \u0110\u1ee9c Nhu\u1eadn, TP.HCM<\/a> (\u0110\u1ecba ch\u1ec9 c\u0169 tr\u01b0\u1edbc ng\u00e0y 1\/7\/2025: 87 \u0110\u00e0o Duy Anh, Ph\u01b0\u1eddng 9, Qu\u1eadn Ph\u00fa Nhu\u1eadn, TP.HCM)<\/p>\n<div align=\"center\"><iframe loading=\"lazy\" style=\"border: 0;\" src=\"https:\/\/www.google.com\/maps\/embed?pb=!1m18!1m12!1m3!1d3919.056721378507!2d106.6733972148011!3d10.806967792300851!2m3!1f0!2f0!3f0!3m2!1i1024!2i768!4f13.1!3m3!1m2!1s0x0%3A0x949435d14d1a4ce1!2sAPA%20Veterinary%20Medicine%20Office!5e0!3m2!1sen!2s!4v1590975643339!5m2!1sen!2s\" width=\"100%\" height=\"200\" frameborder=\"0\" allowfullscreen=\"allowfullscreen\"><\/iframe><\/div>\n\t\t\t<i class=\"icon-phone \" style=\"font-size:14px; display:inline-block; color:#000000; \t\t\t\"><\/i>\n\t\t\t\t\u00a0\u0110i\u1ec7n tho\u1ea1i: (028) 6292 1224<br \/>\n\t\t\t<i class=\"icon-support \" style=\"font-size:14px; display:inline-block; color:#000000; \t\t\t\"><\/i>\n\t\t\t\t T\u01b0 v\u1ea5n k\u1ef9 thu\u1eadt: (028) 6654 5628 &#8211; (028) 3997 3778<br \/>\n\t\t\t<i class=\"icon-mail2 \" style=\"font-size:14px; display:inline-block; color:#000000; \t\t\t\"><\/i>\n\t\t\t\t\u00a0Email: support@apanano.com | Thu mua: sourcing@apanano.com<br \/>\n\t\t\t<i class=\"icon-bubbles2 \" style=\"font-size:14px; display:inline-block; color:#000000; \t\t\t\"><\/i>\n\t\t\t\t Ms. Phuong: <a href=\"https:\/\/wa.me\/84939050178\" target=\"_blank\" rel=\"noopener\">WhatsApp<\/a> \/ <a href=\"https:\/\/line.me\/R\/call\/84\/0939050178\" target=\"_blank\" rel=\"noopener\">Line<\/a> \/ <a href=\"https:\/\/zalo.me\/84939050178\" target=\"_blank\" rel=\"noopener\">Zalo<\/a> \/ <a href=\"\/\/chat?number=+84939050178\" target=\"_blank\" rel=\"noopener\">Viber<\/a><br \/>\n\t\t\t<i class=\"icon-bubbles2 \" style=\"font-size:14px; display:inline-block; color:#000000; \t\t\t\"><\/i>\n\t\t\t\t Ms.Tuk Darin (Purchasing Department): <a href=\"https:\/\/zalo.me\/84898982442\" target=\"_blank\" rel=\"noopener\">Zalo<\/a> \/ <a href=\"kieuduyenthai?chat\" target=\"_blank\" rel=\"noopener\">Skype<\/a> \/ <a href=\"https:\/\/line.me\/ti\/p\/3vfBowV7re\" target=\"_blank\" rel=\"noopener\">Line<\/a> \/ <a href=\"https:\/\/wa.me\/84899469465\" target=\"_blank\" rel=\"noopener\">WhatsApp<\/a> \/ WeChat ID: kieuduyenthai<br \/>\n<div id=\"fb-root\" style=\"text-align: left;\">\u00a0<\/div>\r\n<p><script async defer crossorigin=\"anonymous\" src=\"https:\/\/connect.facebook.net\/vi_VN\/sdk.js#xfbml=1&version=v7.0\"><\/script> <script src=\"https:\/\/apis.google.com\/js\/platform.js\"><\/script> <div class=\"row\"> <div class=\"col-md-4  \"> <a href=\"https:\/\/www.facebook.com\/apananovietnam\" target=\"_blank\" rel=\"noopener noreferrer\"><strong>Like FACEBOOK APA<\/strong><\/a><\/p>\r\n<div class=\"fb-like\" data-href=\"https:\/\/www.facebook.com\/apananovietnam\/\" data-width=\"\" data-layout=\"button_count\" data-action=\"like\" data-size=\"small\" data-share=\"true\">\u00a0<\/div>\r\n<p><\/div> <div class=\"col-md-4  \"> <a href=\"https:\/\/www.facebook.com\/kythuatnuoitrongthuyhaisan\" target=\"_blank\" rel=\"noopener noreferrer\"><strong>Share TH\u00d4NG TIN TH\u1ee6Y S\u1ea2N<\/strong><\/a><\/p>\r\n<div class=\"fb-like\" data-href=\"https:\/\/www.facebook.com\/kythuatnuoitrongthuyhaisan\/\" data-width=\"\" data-layout=\"button_count\" data-action=\"recommend\" data-size=\"small\" data-share=\"true\">\u00a0<\/div>\r\n<p><\/div> <div class=\"col-md-4  \"> <a href=\"https:\/\/www.youtube.com\/channel\/UCwhhKWiGYFq8ZJOGVXbxkhg\" target=\"_blank\" rel=\"noopener noreferrer\"><strong>Subscribe B\u1ea2NG GI\u00c1 TH\u1ee6Y S\u1ea2N<\/strong><\/a><\/p>\r\n<div class=\"g-ytsubscribe\" data-channelid=\"UCwhhKWiGYFq8ZJOGVXbxkhg\" data-layout=\"default\" data-count=\"hidden\">\u00a0<\/div>\r\n<p><\/div> <\/div><\/p>\n+84898982442<br \/>\n<\/div>\n<div class=\"col-md-4  \">\nM\u1ecdi th\u1eafc m\u1eafc v\u1ec1 s\u1ea3n ph\u1ea9m, k\u1ef9 thu\u1eadt ch\u0103n nu\u00f4i ho\u1eb7c\u00a0v\u1ea5n \u0111\u1ec1\u00a0kh\u00e1c, xin vui l\u00f2ng li\u00ean h\u1ec7 v\u1edbi ch\u00fang t\u00f4i theo c\u00e1c th\u00f4ng tin li\u00ean l\u1ea1c \u1edf\u00a0tr\u00ean ho\u1eb7c b\u1eb1ng c\u00e1ch \u0111i\u1ec1n v\u00e0o m\u1eabu sau:<\/p>\n[contact-form-7 id=&#8221;764&#8243; title=&#8221;Contact&#8221;]\n<\/div>\n<\/div>\n<p>&nbsp;<\/p>\n<p><script async src='https:\/\/cse.google.com\/cse.js?cx=partner-pub-6803936325632202:gcsaswtpzn4'><\/script><\/p>\n<div class=\"gcse-searchbox-only\"><\/div>\n<!-- Shortcode [sg2] does not match the conditions -->\n<hr \/>\n","protected":false},"excerpt":{"rendered":"<p>&nbsp;<\/p>\n","protected":false},"author":1,"featured_media":0,"parent":0,"menu_order":0,"comment_status":"open","ping_status":"open","template":"page-fullwidth.php","meta":{"sfsi_plus_gutenberg_text_before_share":"","sfsi_plus_gutenberg_show_text_before_share":"","sfsi_plus_gutenberg_icon_type":"","sfsi_plus_gutenberg_icon_alignemt":"","sfsi_plus_gutenburg_max_per_row":"","footnotes":""},"class_list":["post-102","page","type-page","status-publish","hentry"],"_links":{"self":[{"href":"https:\/\/apanano.com\/vi\/wp-json\/wp\/v2\/pages\/102","targetHints":{"allow":["GET"]}}],"collection":[{"href":"https:\/\/apanano.com\/vi\/wp-json\/wp\/v2\/pages"}],"about":[{"href":"https:\/\/apanano.com\/vi\/wp-json\/wp\/v2\/types\/page"}],"author":[{"embeddable":true,"href":"https:\/\/apanano.com\/vi\/wp-json\/wp\/v2\/users\/1"}],"replies":[{"embeddable":true,"href":"https:\/\/apanano.com\/vi\/wp-json\/wp\/v2\/comments?post=102"}],"version-history":[{"count":116,"href":"https:\/\/apanano.com\/vi\/wp-json\/wp\/v2\/pages\/102\/revisions"}],"predecessor-version":[{"id":7787,"href":"https:\/\/apanano.com\/vi\/wp-json\/wp\/v2\/pages\/102\/revisions\/7787"}],"wp:attachment":[{"href":"https:\/\/apanano.com\/vi\/wp-json\/wp\/v2\/media?parent=102"}],"curies":[{"name":"wp","href":"https:\/\/api.w.org\/{rel}","templated":true}]}}